{"id":10012,"date":"2025-12-04T10:17:11","date_gmt":"2025-12-04T09:17:11","guid":{"rendered":"https:\/\/ofertacular.com\/index.php\/producto\/cecotec-airfryer-11\/"},"modified":"2025-12-04T10:17:11","modified_gmt":"2025-12-04T09:17:11","slug":"cecotec-airfryer-11","status":"publish","type":"product","link":"https:\/\/ofertacular.com\/index.php\/producto\/cecotec-airfryer-11\/","title":{"rendered":"Cecotec Airfryer"},"content":{"rendered":"<div class=\"oferta-container\">\n<p>\ud83d\udfe5 <b>INCRE\u00cdBLE<\/b> \ud83d\udfe5 #Publicidad #Amazon #16<\/p>\n<p>\ud83d\udd34 <b>Freidora Aire <\/b><\/p>\n<p>\u2705 <b>AHORA 99.9 \u20ac<\/b> \u2714\ufe0f\ud83d\udfe1<\/p>\n<p>\u274c Antes 126.00 \u20ac<\/p>\n<p>\ud83d\uded2: <a href=\"https:\/\/btz.es\/5eyUcwc\" target=\"_blank\" rel=\"nofollow noopener\">https:\/\/btz.es\/5eyUcwc<\/a><\/p>\n<p>Descubre la Freidora de Aire Cecotec, la soluci\u00f3n perfecta para cocinar de manera saludable y r\u00e1pida. Con tecnolog\u00eda avanzada que permite preparar tus comidas favoritas con poco o nada de aceite, garantizando platos crujientes y deliciosos. Ideal para quienes buscan ahorrar tiempo en la cocina sin renunciar al sabor y la calidad. Mejora tu estilo de vida con Cecotec y disfruta de una cocina eficiente y limpia.<\/p>\n<\/p><\/div>\n","protected":false},"excerpt":{"rendered":"<p>\ud83d\udfe5 INCRE\u00cdBLE \ud83d\udfe5 #Publicidad #Amazon #16 \ud83d\udd34 Freidora Aire \u2705 AHORA 99.9 \u20ac \u2714\ufe0f\ud83d\udfe1 \u274c Antes 126.00 \u20ac \ud83d\uded2: https:\/\/btz.es\/5eyUcwc Descubre la Freidora de Aire Cecotec, la soluci\u00f3n perfecta para cocinar de manera saludable y r\u00e1pida. Con tecnolog\u00eda avanzada que permite preparar tus comidas favoritas con poco o nada de aceite, garantizando platos crujientes y [&hellip;]<\/p>\n","protected":false},"featured_media":10011,"template":"","meta":{"_gspb_post_css":""},"store":[],"product_brand":[],"product_cat":[16],"product_tag":[],"class_list":{"0":"post-10012","1":"product","2":"type-product","3":"status-publish","4":"has-post-thumbnail","6":"product_cat-sin-categorizar","8":"first","9":"instock","10":"sale","11":"shipping-taxable","12":"product-type-external"},"jetpack_sharing_enabled":true,"_links":{"self":[{"href":"https:\/\/ofertacular.com\/index.php\/wp-json\/wp\/v2\/product\/10012","targetHints":{"allow":["GET"]}}],"collection":[{"href":"https:\/\/ofertacular.com\/index.php\/wp-json\/wp\/v2\/product"}],"about":[{"href":"https:\/\/ofertacular.com\/index.php\/wp-json\/wp\/v2\/types\/product"}],"wp:featuredmedia":[{"embeddable":true,"href":"https:\/\/ofertacular.com\/index.php\/wp-json\/wp\/v2\/media\/10011"}],"wp:attachment":[{"href":"https:\/\/ofertacular.com\/index.php\/wp-json\/wp\/v2\/media?parent=10012"}],"wp:term":[{"taxonomy":"store","embeddable":true,"href":"https:\/\/ofertacular.com\/index.php\/wp-json\/wp\/v2\/store?post=10012"},{"taxonomy":"product_brand","embeddable":true,"href":"https:\/\/ofertacular.com\/index.php\/wp-json\/wp\/v2\/product_brand?post=10012"},{"taxonomy":"product_cat","embeddable":true,"href":"https:\/\/ofertacular.com\/index.php\/wp-json\/wp\/v2\/product_cat?post=10012"},{"taxonomy":"product_tag","embeddable":true,"href":"https:\/\/ofertacular.com\/index.php\/wp-json\/wp\/v2\/product_tag?post=10012"}],"curies":[{"name":"wp","href":"https:\/\/api.w.org\/{rel}","templated":true}]}}