{"id":10016,"date":"2025-12-04T10:25:30","date_gmt":"2025-12-04T09:25:30","guid":{"rendered":"https:\/\/ofertacular.com\/index.php\/producto\/eternals-thena\/"},"modified":"2025-12-04T10:25:30","modified_gmt":"2025-12-04T09:25:30","slug":"eternals-thena","status":"publish","type":"product","link":"https:\/\/ofertacular.com\/index.php\/producto\/eternals-thena\/","title":{"rendered":"Eternals Thena"},"content":{"rendered":"<div class=\"oferta-container\">\ud83d\udfea <b>EXCLUSIVO<\/b> \ud83d\udfea #Publicidad #Amazon\ud83d\udfe3 <b> Funko POP! Marvel: Eternals Thena Collectible<\/b> \u2705 <b>AHORA 4.99 \u20ac<\/b> \u2714\ufe0f\ud83d\udfe1\u274c Antes 16.00 \u20ac \u20ac \ud83d\uded2: https:\/\/btz.es\/5eyWiwH\ud83d\udfe2 Ofertacular.com<\/p>\n<p>Descubre el Funko POP! Marvel Eternals: Thena Collectible, una pieza imprescindible para fans y coleccionistas de Marvel. Esta figura de alta calidad captura la esencia heroica de Thena con detalles precisos y dise\u00f1o impecable, perfecta para exhibir en tu colecci\u00f3n. Ideal para regalar o ampliar tu universo Funko, este Funko POP! de Marvel garantiza un impacto visual \u00fanico y autenticidad. Consigue el tuyo y lleva la magia de los Eternals a tu espacio con esta figura exclusiva que destaca en cualquier exhibici\u00f3n.<\/p>\n<\/div>\n","protected":false},"excerpt":{"rendered":"<p>\ud83d\udfea EXCLUSIVO \ud83d\udfea #Publicidad #Amazon\ud83d\udfe3 Funko POP! Marvel: Eternals Thena Collectible \u2705 AHORA 4.99 \u20ac \u2714\ufe0f\ud83d\udfe1\u274c Antes 16.00 \u20ac \u20ac \ud83d\uded2: https:\/\/btz.es\/5eyWiwH\ud83d\udfe2 Ofertacular.com Descubre el Funko POP! Marvel Eternals: Thena Collectible, una pieza imprescindible para fans y coleccionistas de Marvel. Esta figura de alta calidad captura la esencia heroica de Thena con detalles precisos y [&hellip;]<\/p>\n","protected":false},"featured_media":10015,"template":"","meta":{"_gspb_post_css":""},"store":[],"product_brand":[],"product_cat":[16],"product_tag":[],"class_list":{"0":"post-10016","1":"product","2":"type-product","3":"status-publish","4":"has-post-thumbnail","6":"product_cat-sin-categorizar","8":"first","9":"instock","10":"sale","11":"shipping-taxable","12":"product-type-external"},"jetpack_sharing_enabled":true,"_links":{"self":[{"href":"https:\/\/ofertacular.com\/index.php\/wp-json\/wp\/v2\/product\/10016","targetHints":{"allow":["GET"]}}],"collection":[{"href":"https:\/\/ofertacular.com\/index.php\/wp-json\/wp\/v2\/product"}],"about":[{"href":"https:\/\/ofertacular.com\/index.php\/wp-json\/wp\/v2\/types\/product"}],"wp:featuredmedia":[{"embeddable":true,"href":"https:\/\/ofertacular.com\/index.php\/wp-json\/wp\/v2\/media\/10015"}],"wp:attachment":[{"href":"https:\/\/ofertacular.com\/index.php\/wp-json\/wp\/v2\/media?parent=10016"}],"wp:term":[{"taxonomy":"store","embeddable":true,"href":"https:\/\/ofertacular.com\/index.php\/wp-json\/wp\/v2\/store?post=10016"},{"taxonomy":"product_brand","embeddable":true,"href":"https:\/\/ofertacular.com\/index.php\/wp-json\/wp\/v2\/product_brand?post=10016"},{"taxonomy":"product_cat","embeddable":true,"href":"https:\/\/ofertacular.com\/index.php\/wp-json\/wp\/v2\/product_cat?post=10016"},{"taxonomy":"product_tag","embeddable":true,"href":"https:\/\/ofertacular.com\/index.php\/wp-json\/wp\/v2\/product_tag?post=10016"}],"curies":[{"name":"wp","href":"https:\/\/api.w.org\/{rel}","templated":true}]}}