{"id":10020,"date":"2025-12-04T10:34:45","date_gmt":"2025-12-04T09:34:45","guid":{"rendered":"https:\/\/ofertacular.com\/index.php\/producto\/pikolin-edredon\/"},"modified":"2025-12-04T10:34:45","modified_gmt":"2025-12-04T09:34:45","slug":"pikolin-edredon","status":"publish","type":"product","link":"https:\/\/ofertacular.com\/index.php\/producto\/pikolin-edredon\/","title":{"rendered":"Pikolin Edred\u00f3n"},"content":{"rendered":"<div class=\"oferta-container\">\n<p>\ud83d\udfe5 <b>DATE PRISA<\/b> \ud83d\udfe5 #Publicidad #Amazon #16<\/p>\n<p>\ud83d\udd34 <b>Edred\u00f3n Pikolin <\/b><\/p>\n<p>\u2705 <b>AHORA 39.99 \u20ac<\/b> \u2714\ufe0f\ud83d\udfe1<\/p>\n<p>\u274c Antes 103.58 \u20ac<\/p>\n<p>\ud83d\uded2: <a href=\"https:\/\/btz.es\/5eyY2NR\" target=\"_blank\" rel=\"nofollow noopener\">https:\/\/btz.es\/5eyY2NR<\/a><\/p>\n<p>Descubre la m\u00e1xima comodidad y calidad con el edred\u00f3n Pikolin, dise\u00f1ado para ofrecerte un descanso c\u00e1lido y acogedor durante toda la noche. Con materiales de primera calidad que garantizan durabilidad y suavidad, este edred\u00f3n es perfecto para cualquier estaci\u00f3n del a\u00f1o. Mejora tu descanso con el edred\u00f3n Pikolin, una elecci\u00f3n ideal para quienes buscan confort y estilo en su dormitorio.<\/p>\n<\/p><\/div>\n","protected":false},"excerpt":{"rendered":"<p>\ud83d\udfe5 DATE PRISA \ud83d\udfe5 #Publicidad #Amazon #16 \ud83d\udd34 Edred\u00f3n Pikolin \u2705 AHORA 39.99 \u20ac \u2714\ufe0f\ud83d\udfe1 \u274c Antes 103.58 \u20ac \ud83d\uded2: https:\/\/btz.es\/5eyY2NR Descubre la m\u00e1xima comodidad y calidad con el edred\u00f3n Pikolin, dise\u00f1ado para ofrecerte un descanso c\u00e1lido y acogedor durante toda la noche. Con materiales de primera calidad que garantizan durabilidad y suavidad, este edred\u00f3n [&hellip;]<\/p>\n","protected":false},"featured_media":10019,"template":"","meta":{"_gspb_post_css":""},"store":[],"product_brand":[],"product_cat":[16],"product_tag":[],"class_list":{"0":"post-10020","1":"product","2":"type-product","3":"status-publish","4":"has-post-thumbnail","6":"product_cat-sin-categorizar","8":"first","9":"instock","10":"sale","11":"shipping-taxable","12":"product-type-external"},"jetpack_sharing_enabled":true,"_links":{"self":[{"href":"https:\/\/ofertacular.com\/index.php\/wp-json\/wp\/v2\/product\/10020","targetHints":{"allow":["GET"]}}],"collection":[{"href":"https:\/\/ofertacular.com\/index.php\/wp-json\/wp\/v2\/product"}],"about":[{"href":"https:\/\/ofertacular.com\/index.php\/wp-json\/wp\/v2\/types\/product"}],"wp:featuredmedia":[{"embeddable":true,"href":"https:\/\/ofertacular.com\/index.php\/wp-json\/wp\/v2\/media\/10019"}],"wp:attachment":[{"href":"https:\/\/ofertacular.com\/index.php\/wp-json\/wp\/v2\/media?parent=10020"}],"wp:term":[{"taxonomy":"store","embeddable":true,"href":"https:\/\/ofertacular.com\/index.php\/wp-json\/wp\/v2\/store?post=10020"},{"taxonomy":"product_brand","embeddable":true,"href":"https:\/\/ofertacular.com\/index.php\/wp-json\/wp\/v2\/product_brand?post=10020"},{"taxonomy":"product_cat","embeddable":true,"href":"https:\/\/ofertacular.com\/index.php\/wp-json\/wp\/v2\/product_cat?post=10020"},{"taxonomy":"product_tag","embeddable":true,"href":"https:\/\/ofertacular.com\/index.php\/wp-json\/wp\/v2\/product_tag?post=10020"}],"curies":[{"name":"wp","href":"https:\/\/api.w.org\/{rel}","templated":true}]}}