{"id":10022,"date":"2025-12-04T10:35:44","date_gmt":"2025-12-04T09:35:44","guid":{"rendered":"https:\/\/ofertacular.com\/index.php\/producto\/multicentrum-plus\/"},"modified":"2025-12-04T10:35:44","modified_gmt":"2025-12-04T09:35:44","slug":"multicentrum-plus","status":"publish","type":"product","link":"https:\/\/ofertacular.com\/index.php\/producto\/multicentrum-plus\/","title":{"rendered":"Multicentrum Plus"},"content":{"rendered":"<div class=\"oferta-container\">\n<p>\ud83d\udfe5 <b>\u00a1NO TE LA PIERDAS!<\/b> \ud83d\udfe5 #Publicidad #Amazon #16<\/p>\n<p>\ud83d\udd34 <b>Multivitam\u00ednico Multicentrum <\/b><\/p>\n<p>\u2705 <b>AHORA 9.9 \u20ac<\/b> \u2714\ufe0f\ud83d\udfe1<\/p>\n<p>\u274c Antes 14.90 \u20ac<\/p>\n<p>\ud83d\uded2: <a href=\"https:\/\/btz.es\/5eyYIlH\" target=\"_blank\" rel=\"nofollow noopener\">https:\/\/btz.es\/5eyYIlH<\/a><\/p>\n<p>Descubre Multicentrum Plus, el suplemento multivitam\u00ednico l\u00edder dise\u00f1ado para aportar todos los nutrientes esenciales que tu cuerpo necesita para mantenerse saludable y lleno de energ\u00eda. Formulado con vitaminas y minerales de alta calidad, Multicentrum Plus ayuda a fortalecer el sistema inmunol\u00f3gico, mejorar la vitalidad diaria y apoyar las funciones cognitivas, ideal para adultos con un estilo de vida activo. Conf\u00eda en Multicentrum para cuidar tu bienestar integral de forma efectiva y segura.<\/p>\n<\/p><\/div>\n","protected":false},"excerpt":{"rendered":"<p>\ud83d\udfe5 \u00a1NO TE LA PIERDAS! \ud83d\udfe5 #Publicidad #Amazon #16 \ud83d\udd34 Multivitam\u00ednico Multicentrum \u2705 AHORA 9.9 \u20ac \u2714\ufe0f\ud83d\udfe1 \u274c Antes 14.90 \u20ac \ud83d\uded2: https:\/\/btz.es\/5eyYIlH Descubre Multicentrum Plus, el suplemento multivitam\u00ednico l\u00edder dise\u00f1ado para aportar todos los nutrientes esenciales que tu cuerpo necesita para mantenerse saludable y lleno de energ\u00eda. Formulado con vitaminas y minerales de alta [&hellip;]<\/p>\n","protected":false},"featured_media":10021,"template":"","meta":{"_gspb_post_css":""},"store":[],"product_brand":[],"product_cat":[16],"product_tag":[],"class_list":{"0":"post-10022","1":"product","2":"type-product","3":"status-publish","4":"has-post-thumbnail","6":"product_cat-sin-categorizar","8":"first","9":"instock","10":"sale","11":"shipping-taxable","12":"product-type-external"},"jetpack_sharing_enabled":true,"_links":{"self":[{"href":"https:\/\/ofertacular.com\/index.php\/wp-json\/wp\/v2\/product\/10022","targetHints":{"allow":["GET"]}}],"collection":[{"href":"https:\/\/ofertacular.com\/index.php\/wp-json\/wp\/v2\/product"}],"about":[{"href":"https:\/\/ofertacular.com\/index.php\/wp-json\/wp\/v2\/types\/product"}],"wp:featuredmedia":[{"embeddable":true,"href":"https:\/\/ofertacular.com\/index.php\/wp-json\/wp\/v2\/media\/10021"}],"wp:attachment":[{"href":"https:\/\/ofertacular.com\/index.php\/wp-json\/wp\/v2\/media?parent=10022"}],"wp:term":[{"taxonomy":"store","embeddable":true,"href":"https:\/\/ofertacular.com\/index.php\/wp-json\/wp\/v2\/store?post=10022"},{"taxonomy":"product_brand","embeddable":true,"href":"https:\/\/ofertacular.com\/index.php\/wp-json\/wp\/v2\/product_brand?post=10022"},{"taxonomy":"product_cat","embeddable":true,"href":"https:\/\/ofertacular.com\/index.php\/wp-json\/wp\/v2\/product_cat?post=10022"},{"taxonomy":"product_tag","embeddable":true,"href":"https:\/\/ofertacular.com\/index.php\/wp-json\/wp\/v2\/product_tag?post=10022"}],"curies":[{"name":"wp","href":"https:\/\/api.w.org\/{rel}","templated":true}]}}