{"id":10030,"date":"2025-12-04T10:53:47","date_gmt":"2025-12-04T09:53:47","guid":{"rendered":"https:\/\/ofertacular.com\/index.php\/producto\/bufanda-tubular\/"},"modified":"2025-12-04T10:53:47","modified_gmt":"2025-12-04T09:53:47","slug":"bufanda-tubular","status":"publish","type":"product","link":"https:\/\/ofertacular.com\/index.php\/producto\/bufanda-tubular\/","title":{"rendered":"Bufanda Tubular"},"content":{"rendered":"<div class=\"oferta-container\">\n<p>\ud83d\udfe5 <b>SUPER OFERTA<\/b> \ud83d\udfe5 #Publicidad #Amazon #16<\/p>\n<p>\ud83d\udd34 <b>Bufanda Tubular <\/b><\/p>\n<p>\u2705 <b>AHORA 6.99 \u20ac<\/b> \u2714\ufe0f\ud83d\udfe1<\/p>\n<p>\u274c Antes 8.99 \u20ac<\/p>\n<p>\ud83d\uded2: <a href=\"https:\/\/btz.es\/5ezdpUo\" target=\"_blank\" rel=\"nofollow noopener\">https:\/\/btz.es\/5ezdpUo<\/a><\/p>\n<p>Descubre la comodidad y estilo con nuestra bufanda tubular, dise\u00f1ada para ofrecerte calidez y versatilidad en cualquier ocasi\u00f3n. Perfecta para complementar tu atuendo invernal, esta bufanda combina calidad y dise\u00f1o moderno para un look perfecto. Ideal para protegerte del fr\u00edo con un accesorio imprescindible en tu armario.<\/p>\n<\/p><\/div>\n","protected":false},"excerpt":{"rendered":"<p>\ud83d\udfe5 SUPER OFERTA \ud83d\udfe5 #Publicidad #Amazon #16 \ud83d\udd34 Bufanda Tubular \u2705 AHORA 6.99 \u20ac \u2714\ufe0f\ud83d\udfe1 \u274c Antes 8.99 \u20ac \ud83d\uded2: https:\/\/btz.es\/5ezdpUo Descubre la comodidad y estilo con nuestra bufanda tubular, dise\u00f1ada para ofrecerte calidez y versatilidad en cualquier ocasi\u00f3n. Perfecta para complementar tu atuendo invernal, esta bufanda combina calidad y dise\u00f1o moderno para un look [&hellip;]<\/p>\n","protected":false},"featured_media":10029,"template":"","meta":{"_gspb_post_css":""},"store":[],"product_brand":[],"product_cat":[16],"product_tag":[],"class_list":{"0":"post-10030","1":"product","2":"type-product","3":"status-publish","4":"has-post-thumbnail","6":"product_cat-sin-categorizar","8":"first","9":"instock","10":"sale","11":"shipping-taxable","12":"product-type-external"},"jetpack_sharing_enabled":true,"_links":{"self":[{"href":"https:\/\/ofertacular.com\/index.php\/wp-json\/wp\/v2\/product\/10030","targetHints":{"allow":["GET"]}}],"collection":[{"href":"https:\/\/ofertacular.com\/index.php\/wp-json\/wp\/v2\/product"}],"about":[{"href":"https:\/\/ofertacular.com\/index.php\/wp-json\/wp\/v2\/types\/product"}],"wp:featuredmedia":[{"embeddable":true,"href":"https:\/\/ofertacular.com\/index.php\/wp-json\/wp\/v2\/media\/10029"}],"wp:attachment":[{"href":"https:\/\/ofertacular.com\/index.php\/wp-json\/wp\/v2\/media?parent=10030"}],"wp:term":[{"taxonomy":"store","embeddable":true,"href":"https:\/\/ofertacular.com\/index.php\/wp-json\/wp\/v2\/store?post=10030"},{"taxonomy":"product_brand","embeddable":true,"href":"https:\/\/ofertacular.com\/index.php\/wp-json\/wp\/v2\/product_brand?post=10030"},{"taxonomy":"product_cat","embeddable":true,"href":"https:\/\/ofertacular.com\/index.php\/wp-json\/wp\/v2\/product_cat?post=10030"},{"taxonomy":"product_tag","embeddable":true,"href":"https:\/\/ofertacular.com\/index.php\/wp-json\/wp\/v2\/product_tag?post=10030"}],"curies":[{"name":"wp","href":"https:\/\/api.w.org\/{rel}","templated":true}]}}