{"id":10034,"date":"2025-12-05T08:28:26","date_gmt":"2025-12-05T07:28:26","guid":{"rendered":"https:\/\/ofertacular.com\/index.php\/producto\/nivea-reafirmante\/"},"modified":"2025-12-05T08:28:26","modified_gmt":"2025-12-05T07:28:26","slug":"nivea-reafirmante","status":"publish","type":"product","link":"https:\/\/ofertacular.com\/index.php\/producto\/nivea-reafirmante\/","title":{"rendered":"NIVEA Reafirmante"},"content":{"rendered":"<div class=\"oferta-container\">\n<p>\ud83d\udfe5 <b>DESCUENTAZO<\/b> \ud83d\udfe5 #Publicidad #Amazon #16<\/p>\n<p>\ud83d\udd34 <b>Crema Reafirmante <\/b><\/p>\n<p>\u2705 <b>AHORA 6.8 \u20ac<\/b> \u2714\ufe0f\ud83d\udfe1<\/p>\n<p>\u274c Antes 9.50 \u20ac<\/p>\n<p>\ud83d\uded2: <a href=\"https:\/\/btz.es\/5e4tmiw\" target=\"_blank\" rel=\"nofollow noopener\">https:\/\/btz.es\/5e4tmiw<\/a><\/p>\n<p>Descubre la crema reafirmante de NIVEA, dise\u00f1ada para mejorar la elasticidad y firmeza de la piel. Esta f\u00f3rmula avanzada hidrata profundamente, suaviza la textura cut\u00e1nea y ayuda a reducir visiblemente los signos del envejecimiento. Ideal para todo tipo de piel, ofrece resultados duraderos y una sensaci\u00f3n de frescura y confort. Potencia tu rutina de cuidado con NIVEA, la marca l\u00edder en cosm\u00e9tica que combina ciencia y naturaleza para una piel m\u00e1s joven y saludable.<\/p>\n<\/p><\/div>\n","protected":false},"excerpt":{"rendered":"<p>\ud83d\udfe5 DESCUENTAZO \ud83d\udfe5 #Publicidad #Amazon #16 \ud83d\udd34 Crema Reafirmante \u2705 AHORA 6.8 \u20ac \u2714\ufe0f\ud83d\udfe1 \u274c Antes 9.50 \u20ac \ud83d\uded2: https:\/\/btz.es\/5e4tmiw Descubre la crema reafirmante de NIVEA, dise\u00f1ada para mejorar la elasticidad y firmeza de la piel. Esta f\u00f3rmula avanzada hidrata profundamente, suaviza la textura cut\u00e1nea y ayuda a reducir visiblemente los signos del envejecimiento. Ideal [&hellip;]<\/p>\n","protected":false},"featured_media":10033,"template":"","meta":{"_gspb_post_css":""},"store":[],"product_brand":[],"product_cat":[16],"product_tag":[],"class_list":{"0":"post-10034","1":"product","2":"type-product","3":"status-publish","4":"has-post-thumbnail","6":"product_cat-sin-categorizar","8":"first","9":"instock","10":"sale","11":"shipping-taxable","12":"product-type-external"},"jetpack_sharing_enabled":true,"_links":{"self":[{"href":"https:\/\/ofertacular.com\/index.php\/wp-json\/wp\/v2\/product\/10034","targetHints":{"allow":["GET"]}}],"collection":[{"href":"https:\/\/ofertacular.com\/index.php\/wp-json\/wp\/v2\/product"}],"about":[{"href":"https:\/\/ofertacular.com\/index.php\/wp-json\/wp\/v2\/types\/product"}],"wp:featuredmedia":[{"embeddable":true,"href":"https:\/\/ofertacular.com\/index.php\/wp-json\/wp\/v2\/media\/10033"}],"wp:attachment":[{"href":"https:\/\/ofertacular.com\/index.php\/wp-json\/wp\/v2\/media?parent=10034"}],"wp:term":[{"taxonomy":"store","embeddable":true,"href":"https:\/\/ofertacular.com\/index.php\/wp-json\/wp\/v2\/store?post=10034"},{"taxonomy":"product_brand","embeddable":true,"href":"https:\/\/ofertacular.com\/index.php\/wp-json\/wp\/v2\/product_brand?post=10034"},{"taxonomy":"product_cat","embeddable":true,"href":"https:\/\/ofertacular.com\/index.php\/wp-json\/wp\/v2\/product_cat?post=10034"},{"taxonomy":"product_tag","embeddable":true,"href":"https:\/\/ofertacular.com\/index.php\/wp-json\/wp\/v2\/product_tag?post=10034"}],"curies":[{"name":"wp","href":"https:\/\/api.w.org\/{rel}","templated":true}]}}