{"id":10038,"date":"2025-12-05T09:39:11","date_gmt":"2025-12-05T08:39:11","guid":{"rendered":"https:\/\/ofertacular.com\/index.php\/producto\/amazon-basics-2\/"},"modified":"2025-12-05T09:39:11","modified_gmt":"2025-12-05T08:39:11","slug":"amazon-basics-2","status":"publish","type":"product","link":"https:\/\/ofertacular.com\/index.php\/producto\/amazon-basics-2\/","title":{"rendered":"Amazon Basics"},"content":{"rendered":"<div class=\"oferta-container\">\n<p>\ud83d\udfe5 <b>\u00a1APROVECHA!<\/b> \ud83d\udfe5 #Publicidad #Amazon #16<\/p>\n<p>\ud83d\udd34 <b>Cargador USB <\/b><\/p>\n<p>\u2705 <b>AHORA 28.34 \u20ac<\/b> \u2714\ufe0f\ud83d\udfe1<\/p>\n<p>\u274c Antes 47.25 \u20ac<\/p>\n<p>\ud83d\uded2: <a href=\"https:\/\/btz.es\/5e4Ba5D\" target=\"_blank\" rel=\"nofollow noopener\">https:\/\/btz.es\/5e4Ba5D<\/a><\/p>\n<p>El Cargador USB Amazon Basics ofrece una carga r\u00e1pida y segura para todos tus dispositivos compatibles. Su dise\u00f1o compacto y eficiente garantiza una experiencia c\u00f3moda y confiable, ideal para uso diario en casa, oficina o viajes. Compatible con m\u00faltiples dispositivos, es la soluci\u00f3n perfecta para mantener tus gadgets siempre operativos. Optimizado para un rendimiento superior, este cargador es una elecci\u00f3n inteligente para quienes buscan calidad y funcionalidad.<\/p>\n<\/p><\/div>\n","protected":false},"excerpt":{"rendered":"<p>\ud83d\udfe5 \u00a1APROVECHA! \ud83d\udfe5 #Publicidad #Amazon #16 \ud83d\udd34 Cargador USB \u2705 AHORA 28.34 \u20ac \u2714\ufe0f\ud83d\udfe1 \u274c Antes 47.25 \u20ac \ud83d\uded2: https:\/\/btz.es\/5e4Ba5D El Cargador USB Amazon Basics ofrece una carga r\u00e1pida y segura para todos tus dispositivos compatibles. Su dise\u00f1o compacto y eficiente garantiza una experiencia c\u00f3moda y confiable, ideal para uso diario en casa, oficina o [&hellip;]<\/p>\n","protected":false},"featured_media":10037,"template":"","meta":{"_gspb_post_css":""},"store":[],"product_brand":[],"product_cat":[16],"product_tag":[],"class_list":{"0":"post-10038","1":"product","2":"type-product","3":"status-publish","4":"has-post-thumbnail","6":"product_cat-sin-categorizar","8":"first","9":"instock","10":"sale","11":"shipping-taxable","12":"product-type-external"},"jetpack_sharing_enabled":true,"_links":{"self":[{"href":"https:\/\/ofertacular.com\/index.php\/wp-json\/wp\/v2\/product\/10038","targetHints":{"allow":["GET"]}}],"collection":[{"href":"https:\/\/ofertacular.com\/index.php\/wp-json\/wp\/v2\/product"}],"about":[{"href":"https:\/\/ofertacular.com\/index.php\/wp-json\/wp\/v2\/types\/product"}],"wp:featuredmedia":[{"embeddable":true,"href":"https:\/\/ofertacular.com\/index.php\/wp-json\/wp\/v2\/media\/10037"}],"wp:attachment":[{"href":"https:\/\/ofertacular.com\/index.php\/wp-json\/wp\/v2\/media?parent=10038"}],"wp:term":[{"taxonomy":"store","embeddable":true,"href":"https:\/\/ofertacular.com\/index.php\/wp-json\/wp\/v2\/store?post=10038"},{"taxonomy":"product_brand","embeddable":true,"href":"https:\/\/ofertacular.com\/index.php\/wp-json\/wp\/v2\/product_brand?post=10038"},{"taxonomy":"product_cat","embeddable":true,"href":"https:\/\/ofertacular.com\/index.php\/wp-json\/wp\/v2\/product_cat?post=10038"},{"taxonomy":"product_tag","embeddable":true,"href":"https:\/\/ofertacular.com\/index.php\/wp-json\/wp\/v2\/product_tag?post=10038"}],"curies":[{"name":"wp","href":"https:\/\/api.w.org\/{rel}","templated":true}]}}