{"id":10060,"date":"2025-12-05T10:38:53","date_gmt":"2025-12-05T09:38:53","guid":{"rendered":"https:\/\/ofertacular.com\/index.php\/producto\/bokman-ev-3\/"},"modified":"2025-12-05T10:38:53","modified_gmt":"2025-12-05T09:38:53","slug":"bokman-ev-3","status":"publish","type":"product","link":"https:\/\/ofertacular.com\/index.php\/producto\/bokman-ev-3\/","title":{"rendered":"Bokman EV"},"content":{"rendered":"<div class=\"oferta-container\">\n<p>\ud83d\udfe5 <b>\u00a1OFERTA ESPECIAL!<\/b> \ud83d\udfe5 #Publicidad #Amazon #16<\/p>\n<p>\ud83d\udd34 <b>Coche El\u00e9ctrico <\/b><\/p>\n<p>\u2705 <b>AHORA 89.99 \u20ac<\/b> \u2714\ufe0f\ud83d\udfe1<\/p>\n<p>\u274c Antes 99.99 \u20ac<\/p>\n<p>\ud83d\uded2: <a href=\"https:\/\/btz.es\/5e4Qcyr\" target=\"_blank\" rel=\"nofollow noopener\">https:\/\/btz.es\/5e4Qcyr<\/a><\/p>\n<p>Descubre el Bokman EV, un veh\u00edculo el\u00e9ctrico innovador que combina eficiencia, estilo y sostenibilidad. Dise\u00f1ado para ofrecer una experiencia de conducci\u00f3n \u00fanica, el Bokman EV es la opci\u00f3n perfecta para quienes buscan tecnolog\u00eda avanzada y respeto por el medio ambiente. Aprovecha esta oportunidad para conducir un coche el\u00e9ctrico de \u00faltima generaci\u00f3n que se adapta a tu estilo de vida urbano y ecol\u00f3gico.<\/p>\n<\/p><\/div>\n","protected":false},"excerpt":{"rendered":"<p>\ud83d\udfe5 \u00a1OFERTA ESPECIAL! \ud83d\udfe5 #Publicidad #Amazon #16 \ud83d\udd34 Coche El\u00e9ctrico \u2705 AHORA 89.99 \u20ac \u2714\ufe0f\ud83d\udfe1 \u274c Antes 99.99 \u20ac \ud83d\uded2: https:\/\/btz.es\/5e4Qcyr Descubre el Bokman EV, un veh\u00edculo el\u00e9ctrico innovador que combina eficiencia, estilo y sostenibilidad. Dise\u00f1ado para ofrecer una experiencia de conducci\u00f3n \u00fanica, el Bokman EV es la opci\u00f3n perfecta para quienes buscan tecnolog\u00eda avanzada [&hellip;]<\/p>\n","protected":false},"featured_media":10059,"template":"","meta":{"_gspb_post_css":""},"store":[],"product_brand":[],"product_cat":[16],"product_tag":[],"class_list":{"0":"post-10060","1":"product","2":"type-product","3":"status-publish","4":"has-post-thumbnail","6":"product_cat-sin-categorizar","8":"first","9":"instock","10":"sale","11":"shipping-taxable","12":"product-type-external"},"jetpack_sharing_enabled":true,"_links":{"self":[{"href":"https:\/\/ofertacular.com\/index.php\/wp-json\/wp\/v2\/product\/10060","targetHints":{"allow":["GET"]}}],"collection":[{"href":"https:\/\/ofertacular.com\/index.php\/wp-json\/wp\/v2\/product"}],"about":[{"href":"https:\/\/ofertacular.com\/index.php\/wp-json\/wp\/v2\/types\/product"}],"wp:featuredmedia":[{"embeddable":true,"href":"https:\/\/ofertacular.com\/index.php\/wp-json\/wp\/v2\/media\/10059"}],"wp:attachment":[{"href":"https:\/\/ofertacular.com\/index.php\/wp-json\/wp\/v2\/media?parent=10060"}],"wp:term":[{"taxonomy":"store","embeddable":true,"href":"https:\/\/ofertacular.com\/index.php\/wp-json\/wp\/v2\/store?post=10060"},{"taxonomy":"product_brand","embeddable":true,"href":"https:\/\/ofertacular.com\/index.php\/wp-json\/wp\/v2\/product_brand?post=10060"},{"taxonomy":"product_cat","embeddable":true,"href":"https:\/\/ofertacular.com\/index.php\/wp-json\/wp\/v2\/product_cat?post=10060"},{"taxonomy":"product_tag","embeddable":true,"href":"https:\/\/ofertacular.com\/index.php\/wp-json\/wp\/v2\/product_tag?post=10060"}],"curies":[{"name":"wp","href":"https:\/\/api.w.org\/{rel}","templated":true}]}}