{"id":10070,"date":"2025-12-09T07:27:21","date_gmt":"2025-12-09T06:27:21","guid":{"rendered":"https:\/\/ofertacular.com\/index.php\/producto\/oral-b-whitening\/"},"modified":"2025-12-09T07:27:21","modified_gmt":"2025-12-09T06:27:21","slug":"oral-b-whitening","status":"publish","type":"product","link":"https:\/\/ofertacular.com\/index.php\/producto\/oral-b-whitening\/","title":{"rendered":"Oral-B Whitening"},"content":{"rendered":"<div class=\"oferta-container\">\n<p>\ud83d\udfe5 <b>UNA GANGA<\/b> \ud83d\udfe5 #Publicidad #Amazon #16<\/p>\n<p>\ud83d\udd34 <b>Cepillo el\u00e9ctrico <\/b><\/p>\n<p>\u2705 <b>AHORA 8 \u20ac<\/b> \u2714\ufe0f\ud83d\udfe1<\/p>\n<p>\u274c Antes 25.84 \u20ac<\/p>\n<p>\ud83d\uded2: <a href=\"https:\/\/btz.es\/5eR1Vmn\" target=\"_blank\" rel=\"nofollow noopener\">https:\/\/btz.es\/5eR1Vmn<\/a><\/p>\n<p>Descubre el Cepillo El\u00e9ctrico Oral-B Whitening, dise\u00f1ado para ofrecer una limpieza superior y un efecto blanqueador visible. Con tecnolog\u00eda avanzada para eliminar manchas y mejorar la salud bucal, este cepillo es ideal para quienes buscan una sonrisa m\u00e1s blanca y radiante. Mejora tu rutina de cuidado dental con la calidad y confianza de Oral-B.<\/p>\n<\/p><\/div>\n","protected":false},"excerpt":{"rendered":"<p>\ud83d\udfe5 UNA GANGA \ud83d\udfe5 #Publicidad #Amazon #16 \ud83d\udd34 Cepillo el\u00e9ctrico \u2705 AHORA 8 \u20ac \u2714\ufe0f\ud83d\udfe1 \u274c Antes 25.84 \u20ac \ud83d\uded2: https:\/\/btz.es\/5eR1Vmn Descubre el Cepillo El\u00e9ctrico Oral-B Whitening, dise\u00f1ado para ofrecer una limpieza superior y un efecto blanqueador visible. Con tecnolog\u00eda avanzada para eliminar manchas y mejorar la salud bucal, este cepillo es ideal para quienes [&hellip;]<\/p>\n","protected":false},"featured_media":10069,"template":"","meta":{"_gspb_post_css":""},"store":[],"product_brand":[],"product_cat":[16],"product_tag":[],"class_list":{"0":"post-10070","1":"product","2":"type-product","3":"status-publish","4":"has-post-thumbnail","6":"product_cat-sin-categorizar","8":"first","9":"instock","10":"sale","11":"shipping-taxable","12":"product-type-external"},"jetpack_sharing_enabled":true,"_links":{"self":[{"href":"https:\/\/ofertacular.com\/index.php\/wp-json\/wp\/v2\/product\/10070","targetHints":{"allow":["GET"]}}],"collection":[{"href":"https:\/\/ofertacular.com\/index.php\/wp-json\/wp\/v2\/product"}],"about":[{"href":"https:\/\/ofertacular.com\/index.php\/wp-json\/wp\/v2\/types\/product"}],"wp:featuredmedia":[{"embeddable":true,"href":"https:\/\/ofertacular.com\/index.php\/wp-json\/wp\/v2\/media\/10069"}],"wp:attachment":[{"href":"https:\/\/ofertacular.com\/index.php\/wp-json\/wp\/v2\/media?parent=10070"}],"wp:term":[{"taxonomy":"store","embeddable":true,"href":"https:\/\/ofertacular.com\/index.php\/wp-json\/wp\/v2\/store?post=10070"},{"taxonomy":"product_brand","embeddable":true,"href":"https:\/\/ofertacular.com\/index.php\/wp-json\/wp\/v2\/product_brand?post=10070"},{"taxonomy":"product_cat","embeddable":true,"href":"https:\/\/ofertacular.com\/index.php\/wp-json\/wp\/v2\/product_cat?post=10070"},{"taxonomy":"product_tag","embeddable":true,"href":"https:\/\/ofertacular.com\/index.php\/wp-json\/wp\/v2\/product_tag?post=10070"}],"curies":[{"name":"wp","href":"https:\/\/api.w.org\/{rel}","templated":true}]}}