{"id":10072,"date":"2025-12-09T07:37:26","date_gmt":"2025-12-09T06:37:26","guid":{"rendered":"https:\/\/ofertacular.com\/index.php\/producto\/cafe-lungo\/"},"modified":"2025-12-09T07:37:26","modified_gmt":"2025-12-09T06:37:26","slug":"cafe-lungo","status":"publish","type":"product","link":"https:\/\/ofertacular.com\/index.php\/producto\/cafe-lungo\/","title":{"rendered":"Caf\u00e9 Lungo"},"content":{"rendered":"<div class=\"oferta-container\">\n<p>\ud83d\udfe5 <b>GRAN OFERTA<\/b> \ud83d\udfe5 #Publicidad #Amazon #16<\/p>\n<p>\ud83d\udd34 <b>Caf\u00e9 Lungo <\/b><\/p>\n<p>\u2705 <b>AHORA 2.59 \u20ac<\/b> \u2714\ufe0f\ud83d\udfe1<\/p>\n<p>\u274c Antes 3.40 \u20ac<\/p>\n<p>\ud83d\uded2: <a href=\"https:\/\/btz.es\/5eR426o\" target=\"_blank\" rel=\"nofollow noopener\">https:\/\/btz.es\/5eR426o<\/a><\/p>\n<p>Disfruta del aut\u00e9ntico sabor italiano con nuestro Caf\u00e9 Lungo, preparado con granos seleccionados de alta calidad para ofrecer un espresso m\u00e1s largo y suave. Perfecto para quienes desean una experiencia caf\u00e9 con cuerpo y un aroma intenso, ideal para cualquier momento del d\u00eda. Optimizado para amantes del caf\u00e9 exigentes, este Caf\u00e9 Lungo garantiza frescura y calidad en cada taza.<\/p>\n<\/p><\/div>\n","protected":false},"excerpt":{"rendered":"<p>\ud83d\udfe5 GRAN OFERTA \ud83d\udfe5 #Publicidad #Amazon #16 \ud83d\udd34 Caf\u00e9 Lungo \u2705 AHORA 2.59 \u20ac \u2714\ufe0f\ud83d\udfe1 \u274c Antes 3.40 \u20ac \ud83d\uded2: https:\/\/btz.es\/5eR426o Disfruta del aut\u00e9ntico sabor italiano con nuestro Caf\u00e9 Lungo, preparado con granos seleccionados de alta calidad para ofrecer un espresso m\u00e1s largo y suave. Perfecto para quienes desean una experiencia caf\u00e9 con cuerpo y [&hellip;]<\/p>\n","protected":false},"featured_media":10071,"template":"","meta":{"_gspb_post_css":""},"store":[],"product_brand":[],"product_cat":[16],"product_tag":[],"class_list":{"0":"post-10072","1":"product","2":"type-product","3":"status-publish","4":"has-post-thumbnail","6":"product_cat-sin-categorizar","8":"first","9":"instock","10":"sale","11":"shipping-taxable","12":"product-type-external"},"jetpack_sharing_enabled":true,"_links":{"self":[{"href":"https:\/\/ofertacular.com\/index.php\/wp-json\/wp\/v2\/product\/10072","targetHints":{"allow":["GET"]}}],"collection":[{"href":"https:\/\/ofertacular.com\/index.php\/wp-json\/wp\/v2\/product"}],"about":[{"href":"https:\/\/ofertacular.com\/index.php\/wp-json\/wp\/v2\/types\/product"}],"wp:featuredmedia":[{"embeddable":true,"href":"https:\/\/ofertacular.com\/index.php\/wp-json\/wp\/v2\/media\/10071"}],"wp:attachment":[{"href":"https:\/\/ofertacular.com\/index.php\/wp-json\/wp\/v2\/media?parent=10072"}],"wp:term":[{"taxonomy":"store","embeddable":true,"href":"https:\/\/ofertacular.com\/index.php\/wp-json\/wp\/v2\/store?post=10072"},{"taxonomy":"product_brand","embeddable":true,"href":"https:\/\/ofertacular.com\/index.php\/wp-json\/wp\/v2\/product_brand?post=10072"},{"taxonomy":"product_cat","embeddable":true,"href":"https:\/\/ofertacular.com\/index.php\/wp-json\/wp\/v2\/product_cat?post=10072"},{"taxonomy":"product_tag","embeddable":true,"href":"https:\/\/ofertacular.com\/index.php\/wp-json\/wp\/v2\/product_tag?post=10072"}],"curies":[{"name":"wp","href":"https:\/\/api.w.org\/{rel}","templated":true}]}}