{"id":10078,"date":"2025-12-09T08:05:14","date_gmt":"2025-12-09T07:05:14","guid":{"rendered":"https:\/\/ofertacular.com\/index.php\/producto\/vina-albali\/"},"modified":"2025-12-09T08:05:14","modified_gmt":"2025-12-09T07:05:14","slug":"vina-albali","status":"publish","type":"product","link":"https:\/\/ofertacular.com\/index.php\/producto\/vina-albali\/","title":{"rendered":"Vi\u00f1a Albali"},"content":{"rendered":"<div class=\"oferta-container\">\n<p>\ud83d\udfe5 <b>\u00a1APROVECHA!<\/b> \ud83d\udfe5 #Publicidad #Amazon #16<\/p>\n<p>\ud83d\udd34 <b>Vino Albali <\/b><\/p>\n<p>\u2705 <b>AHORA 14.45 \u20ac<\/b> \u2714\ufe0f\ud83d\udfe1<\/p>\n<p>\u274c Antes 17.90 \u20ac<\/p>\n<p>\ud83d\uded2: <a href=\"https:\/\/btz.es\/5eRB2AH\" target=\"_blank\" rel=\"nofollow noopener\">https:\/\/btz.es\/5eRB2AH<\/a><\/p>\n<p>Descubre el excepcional sabor y calidad del Vino Vi\u00f1a Albali, una marca reconocida mundialmente por su tradici\u00f3n y elaboraci\u00f3n cuidadosa. Perfecto para acompa\u00f1ar tus momentos especiales, este vino ofrece una experiencia sensorial \u00fanica que conquista paladares exigentes. La elecci\u00f3n ideal para amantes del vino que buscan sabor, aroma y frescura en cada copa.<\/p>\n<\/p><\/div>\n","protected":false},"excerpt":{"rendered":"<p>\ud83d\udfe5 \u00a1APROVECHA! \ud83d\udfe5 #Publicidad #Amazon #16 \ud83d\udd34 Vino Albali \u2705 AHORA 14.45 \u20ac \u2714\ufe0f\ud83d\udfe1 \u274c Antes 17.90 \u20ac \ud83d\uded2: https:\/\/btz.es\/5eRB2AH Descubre el excepcional sabor y calidad del Vino Vi\u00f1a Albali, una marca reconocida mundialmente por su tradici\u00f3n y elaboraci\u00f3n cuidadosa. Perfecto para acompa\u00f1ar tus momentos especiales, este vino ofrece una experiencia sensorial \u00fanica que conquista [&hellip;]<\/p>\n","protected":false},"featured_media":10077,"template":"","meta":{"_gspb_post_css":""},"store":[],"product_brand":[],"product_cat":[16],"product_tag":[],"class_list":{"0":"post-10078","1":"product","2":"type-product","3":"status-publish","4":"has-post-thumbnail","6":"product_cat-sin-categorizar","8":"first","9":"instock","10":"sale","11":"shipping-taxable","12":"product-type-external"},"jetpack_sharing_enabled":true,"_links":{"self":[{"href":"https:\/\/ofertacular.com\/index.php\/wp-json\/wp\/v2\/product\/10078","targetHints":{"allow":["GET"]}}],"collection":[{"href":"https:\/\/ofertacular.com\/index.php\/wp-json\/wp\/v2\/product"}],"about":[{"href":"https:\/\/ofertacular.com\/index.php\/wp-json\/wp\/v2\/types\/product"}],"wp:featuredmedia":[{"embeddable":true,"href":"https:\/\/ofertacular.com\/index.php\/wp-json\/wp\/v2\/media\/10077"}],"wp:attachment":[{"href":"https:\/\/ofertacular.com\/index.php\/wp-json\/wp\/v2\/media?parent=10078"}],"wp:term":[{"taxonomy":"store","embeddable":true,"href":"https:\/\/ofertacular.com\/index.php\/wp-json\/wp\/v2\/store?post=10078"},{"taxonomy":"product_brand","embeddable":true,"href":"https:\/\/ofertacular.com\/index.php\/wp-json\/wp\/v2\/product_brand?post=10078"},{"taxonomy":"product_cat","embeddable":true,"href":"https:\/\/ofertacular.com\/index.php\/wp-json\/wp\/v2\/product_cat?post=10078"},{"taxonomy":"product_tag","embeddable":true,"href":"https:\/\/ofertacular.com\/index.php\/wp-json\/wp\/v2\/product_tag?post=10078"}],"curies":[{"name":"wp","href":"https:\/\/api.w.org\/{rel}","templated":true}]}}