{"id":10086,"date":"2025-12-09T08:11:19","date_gmt":"2025-12-09T07:11:19","guid":{"rendered":"https:\/\/ofertacular.com\/index.php\/producto\/pato-discos-2\/"},"modified":"2025-12-09T08:11:19","modified_gmt":"2025-12-09T07:11:19","slug":"pato-discos-2","status":"publish","type":"product","link":"https:\/\/ofertacular.com\/index.php\/producto\/pato-discos-2\/","title":{"rendered":"Pato Discos"},"content":{"rendered":"<div class=\"oferta-container\">\n<p>\ud83d\udfe5 <b>GRAN OFERTA<\/b> \ud83d\udfe5 #Publicidad #Amazon #16<\/p>\n<p>\ud83d\udd34 <b>Discos Vinilo <\/b><\/p>\n<p>\u2705 <b>AHORA 5.09 \u20ac<\/b> \u2714\ufe0f\ud83d\udfe1<\/p>\n<p>\u274c Antes 5.99 \u20ac<\/p>\n<p>\ud83d\uded2: <a href=\"https:\/\/btz.es\/5eRCZz4\" target=\"_blank\" rel=\"nofollow noopener\">https:\/\/btz.es\/5eRCZz4<\/a><\/p>\n<p>Descubre la mejor colecci\u00f3n de discos de vinilo en Pato Discos. Nuestro cat\u00e1logo ofrece una variedad exclusiva de g\u00e9neros musicales y ediciones limitadas para los verdaderos amantes del vinilo. Disfruta de la calidad sonora insuperable y revive la experiencia musical aut\u00e9ntica con Pato Discos, tu tienda especializada en discos de vinilo que garantiza satisfacci\u00f3n y entrega r\u00e1pida.<\/p>\n<\/p><\/div>\n","protected":false},"excerpt":{"rendered":"<p>\ud83d\udfe5 GRAN OFERTA \ud83d\udfe5 #Publicidad #Amazon #16 \ud83d\udd34 Discos Vinilo \u2705 AHORA 5.09 \u20ac \u2714\ufe0f\ud83d\udfe1 \u274c Antes 5.99 \u20ac \ud83d\uded2: https:\/\/btz.es\/5eRCZz4 Descubre la mejor colecci\u00f3n de discos de vinilo en Pato Discos. Nuestro cat\u00e1logo ofrece una variedad exclusiva de g\u00e9neros musicales y ediciones limitadas para los verdaderos amantes del vinilo. Disfruta de la calidad sonora [&hellip;]<\/p>\n","protected":false},"featured_media":10085,"template":"","meta":{"_gspb_post_css":""},"store":[],"product_brand":[],"product_cat":[16],"product_tag":[],"class_list":{"0":"post-10086","1":"product","2":"type-product","3":"status-publish","4":"has-post-thumbnail","6":"product_cat-sin-categorizar","8":"first","9":"instock","10":"sale","11":"shipping-taxable","12":"product-type-external"},"jetpack_sharing_enabled":true,"_links":{"self":[{"href":"https:\/\/ofertacular.com\/index.php\/wp-json\/wp\/v2\/product\/10086","targetHints":{"allow":["GET"]}}],"collection":[{"href":"https:\/\/ofertacular.com\/index.php\/wp-json\/wp\/v2\/product"}],"about":[{"href":"https:\/\/ofertacular.com\/index.php\/wp-json\/wp\/v2\/types\/product"}],"wp:featuredmedia":[{"embeddable":true,"href":"https:\/\/ofertacular.com\/index.php\/wp-json\/wp\/v2\/media\/10085"}],"wp:attachment":[{"href":"https:\/\/ofertacular.com\/index.php\/wp-json\/wp\/v2\/media?parent=10086"}],"wp:term":[{"taxonomy":"store","embeddable":true,"href":"https:\/\/ofertacular.com\/index.php\/wp-json\/wp\/v2\/store?post=10086"},{"taxonomy":"product_brand","embeddable":true,"href":"https:\/\/ofertacular.com\/index.php\/wp-json\/wp\/v2\/product_brand?post=10086"},{"taxonomy":"product_cat","embeddable":true,"href":"https:\/\/ofertacular.com\/index.php\/wp-json\/wp\/v2\/product_cat?post=10086"},{"taxonomy":"product_tag","embeddable":true,"href":"https:\/\/ofertacular.com\/index.php\/wp-json\/wp\/v2\/product_tag?post=10086"}],"curies":[{"name":"wp","href":"https:\/\/api.w.org\/{rel}","templated":true}]}}