{"id":10090,"date":"2025-12-09T08:36:29","date_gmt":"2025-12-09T07:36:29","guid":{"rendered":"https:\/\/ofertacular.com\/index.php\/producto\/licor-cafe\/"},"modified":"2025-12-09T08:36:29","modified_gmt":"2025-12-09T07:36:29","slug":"licor-cafe","status":"publish","type":"product","link":"https:\/\/ofertacular.com\/index.php\/producto\/licor-cafe\/","title":{"rendered":"Licor Caf\u00e9"},"content":{"rendered":"<div class=\"oferta-container\">\n<p>\ud83d\udfe5 <b>CHOLLAZO<\/b> \ud83d\udfe5 #Publicidad #Amazon #16<\/p>\n<p>\ud83d\udd34 <b>Licor Caf\u00e9 <\/b><\/p>\n<p>\u2705 <b>AHORA 6.3 \u20ac<\/b> \u2714\ufe0f\ud83d\udfe1<\/p>\n<p>\u274c Antes 9.50 \u20ac<\/p>\n<p>\ud83d\uded2: <a href=\"https:\/\/btz.es\/5eRJu3m\" target=\"_blank\" rel=\"nofollow noopener\">https:\/\/btz.es\/5eRJu3m<\/a><\/p>\n<p>Disfruta el aut\u00e9ntico sabor del Licor Caf\u00e9, una bebida tradicional y exquisita que combina la intensidad del caf\u00e9 con la suavidad del licor. Perfecto para degustar solo, en c\u00f3cteles o como complemento en postres. Este licor de alta calidad es ideal para los amantes de sabores intensos y sofisticados, ofreci\u00e9ndote una experiencia \u00fanica en cada sorbo. Descubre la mejor selecci\u00f3n en nuestra tienda, con garant\u00eda de frescura y \u00f3ptimo sabor.<\/p>\n<\/p><\/div>\n","protected":false},"excerpt":{"rendered":"<p>\ud83d\udfe5 CHOLLAZO \ud83d\udfe5 #Publicidad #Amazon #16 \ud83d\udd34 Licor Caf\u00e9 \u2705 AHORA 6.3 \u20ac \u2714\ufe0f\ud83d\udfe1 \u274c Antes 9.50 \u20ac \ud83d\uded2: https:\/\/btz.es\/5eRJu3m Disfruta el aut\u00e9ntico sabor del Licor Caf\u00e9, una bebida tradicional y exquisita que combina la intensidad del caf\u00e9 con la suavidad del licor. Perfecto para degustar solo, en c\u00f3cteles o como complemento en postres. Este [&hellip;]<\/p>\n","protected":false},"featured_media":10089,"template":"","meta":{"_gspb_post_css":""},"store":[],"product_brand":[],"product_cat":[16],"product_tag":[],"class_list":{"0":"post-10090","1":"product","2":"type-product","3":"status-publish","4":"has-post-thumbnail","6":"product_cat-sin-categorizar","8":"first","9":"instock","10":"sale","11":"shipping-taxable","12":"product-type-external"},"jetpack_sharing_enabled":true,"_links":{"self":[{"href":"https:\/\/ofertacular.com\/index.php\/wp-json\/wp\/v2\/product\/10090","targetHints":{"allow":["GET"]}}],"collection":[{"href":"https:\/\/ofertacular.com\/index.php\/wp-json\/wp\/v2\/product"}],"about":[{"href":"https:\/\/ofertacular.com\/index.php\/wp-json\/wp\/v2\/types\/product"}],"wp:featuredmedia":[{"embeddable":true,"href":"https:\/\/ofertacular.com\/index.php\/wp-json\/wp\/v2\/media\/10089"}],"wp:attachment":[{"href":"https:\/\/ofertacular.com\/index.php\/wp-json\/wp\/v2\/media?parent=10090"}],"wp:term":[{"taxonomy":"store","embeddable":true,"href":"https:\/\/ofertacular.com\/index.php\/wp-json\/wp\/v2\/store?post=10090"},{"taxonomy":"product_brand","embeddable":true,"href":"https:\/\/ofertacular.com\/index.php\/wp-json\/wp\/v2\/product_brand?post=10090"},{"taxonomy":"product_cat","embeddable":true,"href":"https:\/\/ofertacular.com\/index.php\/wp-json\/wp\/v2\/product_cat?post=10090"},{"taxonomy":"product_tag","embeddable":true,"href":"https:\/\/ofertacular.com\/index.php\/wp-json\/wp\/v2\/product_tag?post=10090"}],"curies":[{"name":"wp","href":"https:\/\/api.w.org\/{rel}","templated":true}]}}