{"id":10094,"date":"2025-12-09T10:31:37","date_gmt":"2025-12-09T09:31:37","guid":{"rendered":"https:\/\/ofertacular.com\/index.php\/producto\/lager-tasting\/"},"modified":"2025-12-09T10:31:37","modified_gmt":"2025-12-09T09:31:37","slug":"lager-tasting","status":"publish","type":"product","link":"https:\/\/ofertacular.com\/index.php\/producto\/lager-tasting\/","title":{"rendered":"Lager Tasting"},"content":{"rendered":"<div class=\"oferta-container\">\n<p>\ud83d\udfe5 <b>\u00a1OFERTA ESPECIAL!<\/b> \ud83d\udfe5 #Publicidad #Amazon #16<\/p>\n<p>\ud83d\udd34 <b>Cerveza Lager <\/b><\/p>\n<p>\u2705 <b>AHORA 15.99 \u20ac<\/b> \u2714\ufe0f\ud83d\udfe1<\/p>\n<p>\u274c Antes 27.56 \u20ac<\/p>\n<p>\ud83d\uded2: <a href=\"https:\/\/btz.es\/5eSmt0i\" target=\"_blank\" rel=\"nofollow noopener\">https:\/\/btz.es\/5eSmt0i<\/a><\/p>\n<p>Descubre la experiencia refrescante y aut\u00e9ntica de nuestra Cerveza Lager, elaborada con ingredientes de alta calidad para un sabor equilibrado y suave. Perfecta para los amantes de cervezas claras y de cuerpo ligero, ideal para cualquier ocasi\u00f3n social. Mejora tu paladar con esta exquisita lager que combina tradici\u00f3n y modernidad, garantizando una sensaci\u00f3n refrescante que te acompa\u00f1ar\u00e1 en cada sorbo.<\/p>\n<\/p><\/div>\n","protected":false},"excerpt":{"rendered":"<p>\ud83d\udfe5 \u00a1OFERTA ESPECIAL! \ud83d\udfe5 #Publicidad #Amazon #16 \ud83d\udd34 Cerveza Lager \u2705 AHORA 15.99 \u20ac \u2714\ufe0f\ud83d\udfe1 \u274c Antes 27.56 \u20ac \ud83d\uded2: https:\/\/btz.es\/5eSmt0i Descubre la experiencia refrescante y aut\u00e9ntica de nuestra Cerveza Lager, elaborada con ingredientes de alta calidad para un sabor equilibrado y suave. Perfecta para los amantes de cervezas claras y de cuerpo ligero, ideal [&hellip;]<\/p>\n","protected":false},"featured_media":10093,"template":"","meta":{"_gspb_post_css":""},"store":[],"product_brand":[],"product_cat":[16],"product_tag":[],"class_list":{"0":"post-10094","1":"product","2":"type-product","3":"status-publish","4":"has-post-thumbnail","6":"product_cat-sin-categorizar","8":"first","9":"instock","10":"sale","11":"shipping-taxable","12":"product-type-external"},"jetpack_sharing_enabled":true,"_links":{"self":[{"href":"https:\/\/ofertacular.com\/index.php\/wp-json\/wp\/v2\/product\/10094","targetHints":{"allow":["GET"]}}],"collection":[{"href":"https:\/\/ofertacular.com\/index.php\/wp-json\/wp\/v2\/product"}],"about":[{"href":"https:\/\/ofertacular.com\/index.php\/wp-json\/wp\/v2\/types\/product"}],"wp:featuredmedia":[{"embeddable":true,"href":"https:\/\/ofertacular.com\/index.php\/wp-json\/wp\/v2\/media\/10093"}],"wp:attachment":[{"href":"https:\/\/ofertacular.com\/index.php\/wp-json\/wp\/v2\/media?parent=10094"}],"wp:term":[{"taxonomy":"store","embeddable":true,"href":"https:\/\/ofertacular.com\/index.php\/wp-json\/wp\/v2\/store?post=10094"},{"taxonomy":"product_brand","embeddable":true,"href":"https:\/\/ofertacular.com\/index.php\/wp-json\/wp\/v2\/product_brand?post=10094"},{"taxonomy":"product_cat","embeddable":true,"href":"https:\/\/ofertacular.com\/index.php\/wp-json\/wp\/v2\/product_cat?post=10094"},{"taxonomy":"product_tag","embeddable":true,"href":"https:\/\/ofertacular.com\/index.php\/wp-json\/wp\/v2\/product_tag?post=10094"}],"curies":[{"name":"wp","href":"https:\/\/api.w.org\/{rel}","templated":true}]}}