{"id":10108,"date":"2025-12-10T07:48:10","date_gmt":"2025-12-10T06:48:10","guid":{"rendered":"https:\/\/ofertacular.com\/index.php\/producto\/lg-monitor-5\/"},"modified":"2025-12-10T07:48:10","modified_gmt":"2025-12-10T06:48:10","slug":"lg-monitor-5","status":"publish","type":"product","link":"https:\/\/ofertacular.com\/index.php\/producto\/lg-monitor-5\/","title":{"rendered":"LG Monitor"},"content":{"rendered":"<div class=\"oferta-container\">\n<p>\ud83d\udfe5 <b>DESCUENTAZO<\/b> \ud83d\udfe5 #Publicidad #Amazon #16<\/p>\n<p>\ud83d\udd34 <b>Monitor LG <\/b><\/p>\n<p>\u2705 <b>AHORA 69 \u20ac<\/b> \u2714\ufe0f\ud83d\udfe1<\/p>\n<p>\u274c Antes 109.00 \u20ac<\/p>\n<p>\ud83d\uded2: <a href=\"https:\/\/btz.es\/5eXxGLB\" target=\"_blank\" rel=\"nofollow noopener\">https:\/\/btz.es\/5eXxGLB<\/a><\/p>\n<p>Descubre la calidad excepcional y el rendimiento superior con el Monitor LG, dise\u00f1ado para ofrecer im\u00e1genes n\u00edtidas y colores vibrantes. Ideal tanto para uso profesional como para entretenimiento, este monitor combina tecnolog\u00eda avanzada con un dise\u00f1o elegante que se adapta a cualquier espacio. Potencia tu experiencia visual y mejora tu productividad con el Monitor LG, la elecci\u00f3n confiable para usuarios exigentes.<\/p>\n<\/p><\/div>\n","protected":false},"excerpt":{"rendered":"<p>\ud83d\udfe5 DESCUENTAZO \ud83d\udfe5 #Publicidad #Amazon #16 \ud83d\udd34 Monitor LG \u2705 AHORA 69 \u20ac \u2714\ufe0f\ud83d\udfe1 \u274c Antes 109.00 \u20ac \ud83d\uded2: https:\/\/btz.es\/5eXxGLB Descubre la calidad excepcional y el rendimiento superior con el Monitor LG, dise\u00f1ado para ofrecer im\u00e1genes n\u00edtidas y colores vibrantes. Ideal tanto para uso profesional como para entretenimiento, este monitor combina tecnolog\u00eda avanzada con un [&hellip;]<\/p>\n","protected":false},"featured_media":10107,"template":"","meta":{"_gspb_post_css":""},"store":[],"product_brand":[],"product_cat":[16],"product_tag":[],"class_list":{"0":"post-10108","1":"product","2":"type-product","3":"status-publish","4":"has-post-thumbnail","6":"product_cat-sin-categorizar","8":"first","9":"instock","10":"sale","11":"shipping-taxable","12":"product-type-external"},"jetpack_sharing_enabled":true,"_links":{"self":[{"href":"https:\/\/ofertacular.com\/index.php\/wp-json\/wp\/v2\/product\/10108","targetHints":{"allow":["GET"]}}],"collection":[{"href":"https:\/\/ofertacular.com\/index.php\/wp-json\/wp\/v2\/product"}],"about":[{"href":"https:\/\/ofertacular.com\/index.php\/wp-json\/wp\/v2\/types\/product"}],"wp:featuredmedia":[{"embeddable":true,"href":"https:\/\/ofertacular.com\/index.php\/wp-json\/wp\/v2\/media\/10107"}],"wp:attachment":[{"href":"https:\/\/ofertacular.com\/index.php\/wp-json\/wp\/v2\/media?parent=10108"}],"wp:term":[{"taxonomy":"store","embeddable":true,"href":"https:\/\/ofertacular.com\/index.php\/wp-json\/wp\/v2\/store?post=10108"},{"taxonomy":"product_brand","embeddable":true,"href":"https:\/\/ofertacular.com\/index.php\/wp-json\/wp\/v2\/product_brand?post=10108"},{"taxonomy":"product_cat","embeddable":true,"href":"https:\/\/ofertacular.com\/index.php\/wp-json\/wp\/v2\/product_cat?post=10108"},{"taxonomy":"product_tag","embeddable":true,"href":"https:\/\/ofertacular.com\/index.php\/wp-json\/wp\/v2\/product_tag?post=10108"}],"curies":[{"name":"wp","href":"https:\/\/api.w.org\/{rel}","templated":true}]}}