{"id":10120,"date":"2025-12-10T09:59:51","date_gmt":"2025-12-10T08:59:51","guid":{"rendered":"https:\/\/ofertacular.com\/index.php\/producto\/dumbledore-figure\/"},"modified":"2025-12-10T09:59:51","modified_gmt":"2025-12-10T08:59:51","slug":"dumbledore-figure","status":"publish","type":"product","link":"https:\/\/ofertacular.com\/index.php\/producto\/dumbledore-figure\/","title":{"rendered":"Dumbledore Figure"},"content":{"rendered":"<div class=\"oferta-container\">\ud83d\udfea <b>FUNKO PRECIO<\/b> \ud83d\udfea #Publicidad #Amazon\ud83d\udfe3 <b> Funko POP! Harry Potter Dumbledore<\/b> \u2705 <b>AHORA 10 \u20ac<\/b> \u2714\ufe0f\ud83d\udfe1\u274c Antes 16.00 \u20ac \u20ac \ud83d\uded2: https:\/\/btz.es\/5eXUQ6P\ud83d\udfe2 Ofertacular.com<\/p>\n<p>Descubre la magia con el Funko POP! Harry Potter: Dumbledore, una figura imprescindible para cualquier fan\u00e1tico del mundo de Hogwarts. Este coleccionable resalta los detalles ic\u00f3nicos del maestro mago, ideal para exhibici\u00f3n y regalo. Maximiza tu colecci\u00f3n con esta pieza oficial que combina calidad y dise\u00f1o exclusivo, perfecta para adultos y ni\u00f1os amantes de Harry Potter. Consigue ahora este Funko POP! que garantiza llamar la atenci\u00f3n en tu espacio de fans y elevar tu pasi\u00f3n por la saga m\u00e1gica.<\/p>\n<\/div>\n","protected":false},"excerpt":{"rendered":"<p>\ud83d\udfea FUNKO PRECIO \ud83d\udfea #Publicidad #Amazon\ud83d\udfe3 Funko POP! Harry Potter Dumbledore \u2705 AHORA 10 \u20ac \u2714\ufe0f\ud83d\udfe1\u274c Antes 16.00 \u20ac \u20ac \ud83d\uded2: https:\/\/btz.es\/5eXUQ6P\ud83d\udfe2 Ofertacular.com Descubre la magia con el Funko POP! Harry Potter: Dumbledore, una figura imprescindible para cualquier fan\u00e1tico del mundo de Hogwarts. Este coleccionable resalta los detalles ic\u00f3nicos del maestro mago, ideal para exhibici\u00f3n [&hellip;]<\/p>\n","protected":false},"featured_media":10119,"template":"","meta":{"_gspb_post_css":""},"store":[],"product_brand":[],"product_cat":[16],"product_tag":[],"class_list":{"0":"post-10120","1":"product","2":"type-product","3":"status-publish","4":"has-post-thumbnail","6":"product_cat-sin-categorizar","8":"first","9":"instock","10":"sale","11":"shipping-taxable","12":"product-type-external"},"jetpack_sharing_enabled":true,"_links":{"self":[{"href":"https:\/\/ofertacular.com\/index.php\/wp-json\/wp\/v2\/product\/10120","targetHints":{"allow":["GET"]}}],"collection":[{"href":"https:\/\/ofertacular.com\/index.php\/wp-json\/wp\/v2\/product"}],"about":[{"href":"https:\/\/ofertacular.com\/index.php\/wp-json\/wp\/v2\/types\/product"}],"wp:featuredmedia":[{"embeddable":true,"href":"https:\/\/ofertacular.com\/index.php\/wp-json\/wp\/v2\/media\/10119"}],"wp:attachment":[{"href":"https:\/\/ofertacular.com\/index.php\/wp-json\/wp\/v2\/media?parent=10120"}],"wp:term":[{"taxonomy":"store","embeddable":true,"href":"https:\/\/ofertacular.com\/index.php\/wp-json\/wp\/v2\/store?post=10120"},{"taxonomy":"product_brand","embeddable":true,"href":"https:\/\/ofertacular.com\/index.php\/wp-json\/wp\/v2\/product_brand?post=10120"},{"taxonomy":"product_cat","embeddable":true,"href":"https:\/\/ofertacular.com\/index.php\/wp-json\/wp\/v2\/product_cat?post=10120"},{"taxonomy":"product_tag","embeddable":true,"href":"https:\/\/ofertacular.com\/index.php\/wp-json\/wp\/v2\/product_tag?post=10120"}],"curies":[{"name":"wp","href":"https:\/\/api.w.org\/{rel}","templated":true}]}}