{"id":10122,"date":"2025-12-10T10:33:18","date_gmt":"2025-12-10T09:33:18","guid":{"rendered":"https:\/\/ofertacular.com\/index.php\/producto\/vinyl-turntable\/"},"modified":"2025-12-10T10:33:18","modified_gmt":"2025-12-10T09:33:18","slug":"vinyl-turntable","status":"publish","type":"product","link":"https:\/\/ofertacular.com\/index.php\/producto\/vinyl-turntable\/","title":{"rendered":"Vinyl Turntable"},"content":{"rendered":"<div class=\"oferta-container\">\n<p>\ud83d\udfe5 <b>GRAN OFERTA<\/b> \ud83d\udfe5 #Publicidad #Amazon #16<\/p>\n<p>\ud83d\udd34 <b>Tornamesa Vinilo <\/b><\/p>\n<p>\u2705 <b>AHORA 49.97 \u20ac<\/b> \u2714\ufe0f\ud83d\udfe1<\/p>\n<p>\u274c Antes 69.24 \u20ac<\/p>\n<p>\ud83d\uded2: <a href=\"https:\/\/btz.es\/5eYdq3P\" target=\"_blank\" rel=\"nofollow noopener\">https:\/\/btz.es\/5eYdq3P<\/a><\/p>\n<p>Descubre la mejor experiencia sonora con nuestra tornamesa de vinilo de alta fidelidad, dise\u00f1ada para los amantes de la m\u00fasica que valoran la calidad y el estilo. Esta tornamesa combina tecnolog\u00eda avanzada y dise\u00f1o elegante para ofrecerte un sonido n\u00edtido y aut\u00e9ntico en cada reproducci\u00f3n. Ideal para coleccionistas y nuevos usuarios, es el equipo perfecto para disfrutar de tus discos de vinilo favoritos con un rendimiento excepcional y una durabilidad garantizada.<\/p>\n<\/p><\/div>\n","protected":false},"excerpt":{"rendered":"<p>\ud83d\udfe5 GRAN OFERTA \ud83d\udfe5 #Publicidad #Amazon #16 \ud83d\udd34 Tornamesa Vinilo \u2705 AHORA 49.97 \u20ac \u2714\ufe0f\ud83d\udfe1 \u274c Antes 69.24 \u20ac \ud83d\uded2: https:\/\/btz.es\/5eYdq3P Descubre la mejor experiencia sonora con nuestra tornamesa de vinilo de alta fidelidad, dise\u00f1ada para los amantes de la m\u00fasica que valoran la calidad y el estilo. Esta tornamesa combina tecnolog\u00eda avanzada y dise\u00f1o [&hellip;]<\/p>\n","protected":false},"featured_media":10121,"template":"","meta":{"_gspb_post_css":""},"store":[],"product_brand":[],"product_cat":[16],"product_tag":[],"class_list":{"0":"post-10122","1":"product","2":"type-product","3":"status-publish","4":"has-post-thumbnail","6":"product_cat-sin-categorizar","8":"first","9":"instock","10":"sale","11":"shipping-taxable","12":"product-type-external"},"jetpack_sharing_enabled":true,"_links":{"self":[{"href":"https:\/\/ofertacular.com\/index.php\/wp-json\/wp\/v2\/product\/10122","targetHints":{"allow":["GET"]}}],"collection":[{"href":"https:\/\/ofertacular.com\/index.php\/wp-json\/wp\/v2\/product"}],"about":[{"href":"https:\/\/ofertacular.com\/index.php\/wp-json\/wp\/v2\/types\/product"}],"wp:featuredmedia":[{"embeddable":true,"href":"https:\/\/ofertacular.com\/index.php\/wp-json\/wp\/v2\/media\/10121"}],"wp:attachment":[{"href":"https:\/\/ofertacular.com\/index.php\/wp-json\/wp\/v2\/media?parent=10122"}],"wp:term":[{"taxonomy":"store","embeddable":true,"href":"https:\/\/ofertacular.com\/index.php\/wp-json\/wp\/v2\/store?post=10122"},{"taxonomy":"product_brand","embeddable":true,"href":"https:\/\/ofertacular.com\/index.php\/wp-json\/wp\/v2\/product_brand?post=10122"},{"taxonomy":"product_cat","embeddable":true,"href":"https:\/\/ofertacular.com\/index.php\/wp-json\/wp\/v2\/product_cat?post=10122"},{"taxonomy":"product_tag","embeddable":true,"href":"https:\/\/ofertacular.com\/index.php\/wp-json\/wp\/v2\/product_tag?post=10122"}],"curies":[{"name":"wp","href":"https:\/\/api.w.org\/{rel}","templated":true}]}}