{"id":10124,"date":"2025-12-10T10:34:20","date_gmt":"2025-12-10T09:34:20","guid":{"rendered":"https:\/\/ofertacular.com\/index.php\/producto\/gillette-mach3\/"},"modified":"2025-12-10T10:34:20","modified_gmt":"2025-12-10T09:34:20","slug":"gillette-mach3","status":"publish","type":"product","link":"https:\/\/ofertacular.com\/index.php\/producto\/gillette-mach3\/","title":{"rendered":"Gillette Mach3"},"content":{"rendered":"<div class=\"oferta-container\">\n<p>\ud83d\udfe5 <b>\u00a1OFERTA ESPECIAL!<\/b> \ud83d\udfe5 #Publicidad #Amazon #16<\/p>\n<p>\ud83d\udd34 <b>Afeitadora Gillette <\/b><\/p>\n<p>\u2705 <b>AHORA 19.97 \u20ac<\/b> \u2714\ufe0f\ud83d\udfe1<\/p>\n<p>\u274c Antes 36.99 \u20ac<\/p>\n<p>\ud83d\uded2: <a href=\"https:\/\/btz.es\/5eYd6Eo\" target=\"_blank\" rel=\"nofollow noopener\">https:\/\/btz.es\/5eYd6Eo<\/a><\/p>\n<p>Descubre la Gillette Mach3, la afeitadora de alta precisi\u00f3n dise\u00f1ada para ofrecer un afeitado apurado y c\u00f3modo. Equipada con cuchillas de larga duraci\u00f3n y tecnolog\u00eda avanzada, garantiza una experiencia suave y sin irritaciones. Ideal para uso diario, su dise\u00f1o ergon\u00f3mico facilita el manejo para un acabado impecable. Consigue un look pulido y profesional con la confianza que solo Gillette puede ofrecer.<\/p>\n<\/p><\/div>\n","protected":false},"excerpt":{"rendered":"<p>\ud83d\udfe5 \u00a1OFERTA ESPECIAL! \ud83d\udfe5 #Publicidad #Amazon #16 \ud83d\udd34 Afeitadora Gillette \u2705 AHORA 19.97 \u20ac \u2714\ufe0f\ud83d\udfe1 \u274c Antes 36.99 \u20ac \ud83d\uded2: https:\/\/btz.es\/5eYd6Eo Descubre la Gillette Mach3, la afeitadora de alta precisi\u00f3n dise\u00f1ada para ofrecer un afeitado apurado y c\u00f3modo. Equipada con cuchillas de larga duraci\u00f3n y tecnolog\u00eda avanzada, garantiza una experiencia suave y sin irritaciones. Ideal [&hellip;]<\/p>\n","protected":false},"featured_media":10123,"template":"","meta":{"_gspb_post_css":""},"store":[],"product_brand":[],"product_cat":[16],"product_tag":[],"class_list":{"0":"post-10124","1":"product","2":"type-product","3":"status-publish","4":"has-post-thumbnail","6":"product_cat-sin-categorizar","8":"first","9":"instock","10":"sale","11":"shipping-taxable","12":"product-type-external"},"jetpack_sharing_enabled":true,"_links":{"self":[{"href":"https:\/\/ofertacular.com\/index.php\/wp-json\/wp\/v2\/product\/10124","targetHints":{"allow":["GET"]}}],"collection":[{"href":"https:\/\/ofertacular.com\/index.php\/wp-json\/wp\/v2\/product"}],"about":[{"href":"https:\/\/ofertacular.com\/index.php\/wp-json\/wp\/v2\/types\/product"}],"wp:featuredmedia":[{"embeddable":true,"href":"https:\/\/ofertacular.com\/index.php\/wp-json\/wp\/v2\/media\/10123"}],"wp:attachment":[{"href":"https:\/\/ofertacular.com\/index.php\/wp-json\/wp\/v2\/media?parent=10124"}],"wp:term":[{"taxonomy":"store","embeddable":true,"href":"https:\/\/ofertacular.com\/index.php\/wp-json\/wp\/v2\/store?post=10124"},{"taxonomy":"product_brand","embeddable":true,"href":"https:\/\/ofertacular.com\/index.php\/wp-json\/wp\/v2\/product_brand?post=10124"},{"taxonomy":"product_cat","embeddable":true,"href":"https:\/\/ofertacular.com\/index.php\/wp-json\/wp\/v2\/product_cat?post=10124"},{"taxonomy":"product_tag","embeddable":true,"href":"https:\/\/ofertacular.com\/index.php\/wp-json\/wp\/v2\/product_tag?post=10124"}],"curies":[{"name":"wp","href":"https:\/\/api.w.org\/{rel}","templated":true}]}}