{"id":10164,"date":"2025-12-12T07:58:17","date_gmt":"2025-12-12T06:58:17","guid":{"rendered":"https:\/\/ofertacular.com\/index.php\/producto\/nivea-desmaquillador\/"},"modified":"2025-12-12T07:58:17","modified_gmt":"2025-12-12T06:58:17","slug":"nivea-desmaquillador","status":"publish","type":"product","link":"https:\/\/ofertacular.com\/index.php\/producto\/nivea-desmaquillador\/","title":{"rendered":"NIVEA Desmaquillador"},"content":{"rendered":"<div class=\"oferta-container\">\n<p>\ud83d\udfe5 <b>DATE PRISA<\/b> \ud83d\udfe5 #Publicidad #Amazon #16<\/p>\n<p>\ud83d\udd34 <b>Desmaquillador NIVEA <\/b><\/p>\n<p>\u2705 <b>AHORA 3.39 \u20ac<\/b> \u2714\ufe0f\ud83d\udfe1<\/p>\n<p>\u274c Antes 5.15 \u20ac<\/p>\n<p>\ud83d\uded2: <a href=\"https:\/\/btz.es\/5fjhspi\" target=\"_blank\" rel=\"nofollow noopener\">https:\/\/btz.es\/5fjhspi<\/a><\/p>\n<p>Descubre el desmaquillador NIVEA, dise\u00f1ado para eliminar eficazmente el maquillaje y cuidar tu piel con delicadeza. Su f\u00f3rmula suave e hidratante garantiza una limpieza profunda sin irritar, ideal para todo tipo de pieles, incluso las m\u00e1s sensibles. Mant\u00e9n tu rostro fresco, limpio y saludable cada d\u00eda con NIVEA, la marca l\u00edder en cuidado de la piel. Obt\u00e9n resultados profesionales y experimenta una sensaci\u00f3n de pureza y confort con cada aplicaci\u00f3n.<\/p>\n<\/p><\/div>\n","protected":false},"excerpt":{"rendered":"<p>\ud83d\udfe5 DATE PRISA \ud83d\udfe5 #Publicidad #Amazon #16 \ud83d\udd34 Desmaquillador NIVEA \u2705 AHORA 3.39 \u20ac \u2714\ufe0f\ud83d\udfe1 \u274c Antes 5.15 \u20ac \ud83d\uded2: https:\/\/btz.es\/5fjhspi Descubre el desmaquillador NIVEA, dise\u00f1ado para eliminar eficazmente el maquillaje y cuidar tu piel con delicadeza. Su f\u00f3rmula suave e hidratante garantiza una limpieza profunda sin irritar, ideal para todo tipo de pieles, incluso [&hellip;]<\/p>\n","protected":false},"featured_media":10163,"template":"","meta":{"_gspb_post_css":""},"store":[],"product_brand":[],"product_cat":[16],"product_tag":[],"class_list":{"0":"post-10164","1":"product","2":"type-product","3":"status-publish","4":"has-post-thumbnail","6":"product_cat-sin-categorizar","8":"first","9":"instock","10":"sale","11":"shipping-taxable","12":"product-type-external"},"jetpack_sharing_enabled":true,"_links":{"self":[{"href":"https:\/\/ofertacular.com\/index.php\/wp-json\/wp\/v2\/product\/10164","targetHints":{"allow":["GET"]}}],"collection":[{"href":"https:\/\/ofertacular.com\/index.php\/wp-json\/wp\/v2\/product"}],"about":[{"href":"https:\/\/ofertacular.com\/index.php\/wp-json\/wp\/v2\/types\/product"}],"wp:featuredmedia":[{"embeddable":true,"href":"https:\/\/ofertacular.com\/index.php\/wp-json\/wp\/v2\/media\/10163"}],"wp:attachment":[{"href":"https:\/\/ofertacular.com\/index.php\/wp-json\/wp\/v2\/media?parent=10164"}],"wp:term":[{"taxonomy":"store","embeddable":true,"href":"https:\/\/ofertacular.com\/index.php\/wp-json\/wp\/v2\/store?post=10164"},{"taxonomy":"product_brand","embeddable":true,"href":"https:\/\/ofertacular.com\/index.php\/wp-json\/wp\/v2\/product_brand?post=10164"},{"taxonomy":"product_cat","embeddable":true,"href":"https:\/\/ofertacular.com\/index.php\/wp-json\/wp\/v2\/product_cat?post=10164"},{"taxonomy":"product_tag","embeddable":true,"href":"https:\/\/ofertacular.com\/index.php\/wp-json\/wp\/v2\/product_tag?post=10164"}],"curies":[{"name":"wp","href":"https:\/\/api.w.org\/{rel}","templated":true}]}}