{"id":10166,"date":"2025-12-12T08:01:52","date_gmt":"2025-12-12T07:01:52","guid":{"rendered":"https:\/\/ofertacular.com\/index.php\/producto\/verdejo-wine\/"},"modified":"2025-12-12T08:01:52","modified_gmt":"2025-12-12T07:01:52","slug":"verdejo-wine","status":"publish","type":"product","link":"https:\/\/ofertacular.com\/index.php\/producto\/verdejo-wine\/","title":{"rendered":"Verdejo Wine"},"content":{"rendered":"<div class=\"oferta-container\">\n<p>\ud83d\udfe5 <b>ES UN CHOLL\u00d3N<\/b> \ud83d\udfe5 #Publicidad #Amazon #16<\/p>\n<p>\ud83d\udd34 <b>Vino Verdejo <\/b><\/p>\n<p>\u2705 <b>AHORA 23.73 \u20ac<\/b> \u2714\ufe0f\ud83d\udfe1<\/p>\n<p>\u274c Antes 30.55 \u20ac<\/p>\n<p>\ud83d\uded2: <a href=\"https:\/\/btz.es\/5fjilQT\" target=\"_blank\" rel=\"nofollow noopener\">https:\/\/btz.es\/5fjilQT<\/a><\/p>\n<p>Disfruta del exquisito sabor y aroma del Vino Verdejo, una variedad \u00fanica que destaca por su frescura y notas frutales. Perfecto para acompa\u00f1ar cualquier ocasi\u00f3n, este vino de calidad superior reafirma su lugar en las principales listas de preferencia gracias a su impecable balance y car\u00e1cter distintivo. Ideal para amantes del buen vino que buscan una experiencia sensorial inigualable.<\/p>\n<\/p><\/div>\n","protected":false},"excerpt":{"rendered":"<p>\ud83d\udfe5 ES UN CHOLL\u00d3N \ud83d\udfe5 #Publicidad #Amazon #16 \ud83d\udd34 Vino Verdejo \u2705 AHORA 23.73 \u20ac \u2714\ufe0f\ud83d\udfe1 \u274c Antes 30.55 \u20ac \ud83d\uded2: https:\/\/btz.es\/5fjilQT Disfruta del exquisito sabor y aroma del Vino Verdejo, una variedad \u00fanica que destaca por su frescura y notas frutales. Perfecto para acompa\u00f1ar cualquier ocasi\u00f3n, este vino de calidad superior reafirma su lugar [&hellip;]<\/p>\n","protected":false},"featured_media":10165,"template":"","meta":{"_gspb_post_css":""},"store":[],"product_brand":[],"product_cat":[16],"product_tag":[],"class_list":{"0":"post-10166","1":"product","2":"type-product","3":"status-publish","4":"has-post-thumbnail","6":"product_cat-sin-categorizar","8":"first","9":"instock","10":"sale","11":"shipping-taxable","12":"product-type-external"},"jetpack_sharing_enabled":true,"_links":{"self":[{"href":"https:\/\/ofertacular.com\/index.php\/wp-json\/wp\/v2\/product\/10166","targetHints":{"allow":["GET"]}}],"collection":[{"href":"https:\/\/ofertacular.com\/index.php\/wp-json\/wp\/v2\/product"}],"about":[{"href":"https:\/\/ofertacular.com\/index.php\/wp-json\/wp\/v2\/types\/product"}],"wp:featuredmedia":[{"embeddable":true,"href":"https:\/\/ofertacular.com\/index.php\/wp-json\/wp\/v2\/media\/10165"}],"wp:attachment":[{"href":"https:\/\/ofertacular.com\/index.php\/wp-json\/wp\/v2\/media?parent=10166"}],"wp:term":[{"taxonomy":"store","embeddable":true,"href":"https:\/\/ofertacular.com\/index.php\/wp-json\/wp\/v2\/store?post=10166"},{"taxonomy":"product_brand","embeddable":true,"href":"https:\/\/ofertacular.com\/index.php\/wp-json\/wp\/v2\/product_brand?post=10166"},{"taxonomy":"product_cat","embeddable":true,"href":"https:\/\/ofertacular.com\/index.php\/wp-json\/wp\/v2\/product_cat?post=10166"},{"taxonomy":"product_tag","embeddable":true,"href":"https:\/\/ofertacular.com\/index.php\/wp-json\/wp\/v2\/product_tag?post=10166"}],"curies":[{"name":"wp","href":"https:\/\/api.w.org\/{rel}","templated":true}]}}