{"id":10174,"date":"2025-12-12T08:26:32","date_gmt":"2025-12-12T07:26:32","guid":{"rendered":"https:\/\/ofertacular.com\/index.php\/producto\/ghd-helios-secador\/"},"modified":"2025-12-12T08:26:32","modified_gmt":"2025-12-12T07:26:32","slug":"ghd-helios-secador","status":"publish","type":"product","link":"https:\/\/ofertacular.com\/index.php\/producto\/ghd-helios-secador\/","title":{"rendered":"ghd Helios Secador"},"content":{"rendered":"<div class=\"oferta-container\">\n<p>\ud83d\udfe5 <b>\u00a1NO TE LA PIERDAS!<\/b> \ud83d\udfe5 #Publicidad #Amazon #16<\/p>\n<p>\ud83d\udd34 <b>Secador ghd <\/b><\/p>\n<p>\u2705 <b>AHORA 139.99 \u20ac<\/b> \u2714\ufe0f\ud83d\udfe1<\/p>\n<p>\u274c Antes 219.00 \u20ac<\/p>\n<p>\ud83d\uded2: <a href=\"https:\/\/btz.es\/5fjoyzU\" target=\"_blank\" rel=\"nofollow noopener\">https:\/\/btz.es\/5fjoyzU<\/a><\/p>\n<p>Descubre el secador ghd Helios, una herramienta profesional de alta potencia dise\u00f1ada para ofrecer un secado r\u00e1pido y un acabado impecable. Con tecnolog\u00eda avanzada para un flujo de aire \u00f3ptimo y control de temperatura, este secador garantiza resultados de sal\u00f3n en casa, cuidando la salud del cabello y reduciendo el encrespamiento. Perfecto para estilistas y usuarios que buscan calidad y rendimiento superior.<\/p>\n<\/p><\/div>\n","protected":false},"excerpt":{"rendered":"<p>\ud83d\udfe5 \u00a1NO TE LA PIERDAS! \ud83d\udfe5 #Publicidad #Amazon #16 \ud83d\udd34 Secador ghd \u2705 AHORA 139.99 \u20ac \u2714\ufe0f\ud83d\udfe1 \u274c Antes 219.00 \u20ac \ud83d\uded2: https:\/\/btz.es\/5fjoyzU Descubre el secador ghd Helios, una herramienta profesional de alta potencia dise\u00f1ada para ofrecer un secado r\u00e1pido y un acabado impecable. Con tecnolog\u00eda avanzada para un flujo de aire \u00f3ptimo y control [&hellip;]<\/p>\n","protected":false},"featured_media":10173,"template":"","meta":{"_gspb_post_css":""},"store":[],"product_brand":[],"product_cat":[16],"product_tag":[],"class_list":{"0":"post-10174","1":"product","2":"type-product","3":"status-publish","4":"has-post-thumbnail","6":"product_cat-sin-categorizar","8":"first","9":"instock","10":"sale","11":"shipping-taxable","12":"product-type-external"},"jetpack_sharing_enabled":true,"_links":{"self":[{"href":"https:\/\/ofertacular.com\/index.php\/wp-json\/wp\/v2\/product\/10174","targetHints":{"allow":["GET"]}}],"collection":[{"href":"https:\/\/ofertacular.com\/index.php\/wp-json\/wp\/v2\/product"}],"about":[{"href":"https:\/\/ofertacular.com\/index.php\/wp-json\/wp\/v2\/types\/product"}],"wp:featuredmedia":[{"embeddable":true,"href":"https:\/\/ofertacular.com\/index.php\/wp-json\/wp\/v2\/media\/10173"}],"wp:attachment":[{"href":"https:\/\/ofertacular.com\/index.php\/wp-json\/wp\/v2\/media?parent=10174"}],"wp:term":[{"taxonomy":"store","embeddable":true,"href":"https:\/\/ofertacular.com\/index.php\/wp-json\/wp\/v2\/store?post=10174"},{"taxonomy":"product_brand","embeddable":true,"href":"https:\/\/ofertacular.com\/index.php\/wp-json\/wp\/v2\/product_brand?post=10174"},{"taxonomy":"product_cat","embeddable":true,"href":"https:\/\/ofertacular.com\/index.php\/wp-json\/wp\/v2\/product_cat?post=10174"},{"taxonomy":"product_tag","embeddable":true,"href":"https:\/\/ofertacular.com\/index.php\/wp-json\/wp\/v2\/product_tag?post=10174"}],"curies":[{"name":"wp","href":"https:\/\/api.w.org\/{rel}","templated":true}]}}