{"id":10194,"date":"2025-12-13T07:37:04","date_gmt":"2025-12-13T06:37:04","guid":{"rendered":"https:\/\/ofertacular.com\/index.php\/producto\/adidas-shoes-19\/"},"modified":"2025-12-13T07:37:04","modified_gmt":"2025-12-13T06:37:04","slug":"adidas-shoes-19","status":"publish","type":"product","link":"https:\/\/ofertacular.com\/index.php\/producto\/adidas-shoes-19\/","title":{"rendered":"adidas Shoes"},"content":{"rendered":"<div class=\"oferta-container\">\n<p>\ud83d\udfe5 <b>DATE PRISA<\/b> \ud83d\udfe5 #Publicidad #Amazon #16<\/p>\n<p>\ud83d\udd34 <b>Zapatos Adidas <\/b><\/p>\n<p>\u2705 <b>AHORA 26.95 \u20ac<\/b> \u2714\ufe0f\ud83d\udfe1<\/p>\n<p>\u274c Antes 35.00 \u20ac<\/p>\n<p>\ud83d\uded2: <a href=\"https:\/\/btz.es\/5foS3Iq\" target=\"_blank\" rel=\"nofollow noopener\">https:\/\/btz.es\/5foS3Iq<\/a><\/p>\n<p>Descubre la comodidad y estilo incomparables de los Zapatos Adidas, dise\u00f1ados con tecnolog\u00eda avanzada para ofrecer un rendimiento superior en cada paso. Perfectos para cualquier ocasi\u00f3n, combinan dise\u00f1o moderno con durabilidad excepcional, asegurando una experiencia \u00fanica tanto para atletas como para uso diario. Optimiza tu look y potencia tu rendimiento con Adidas, la marca l\u00edder en calzado deportivo.<\/p>\n<\/p><\/div>\n","protected":false},"excerpt":{"rendered":"<p>\ud83d\udfe5 DATE PRISA \ud83d\udfe5 #Publicidad #Amazon #16 \ud83d\udd34 Zapatos Adidas \u2705 AHORA 26.95 \u20ac \u2714\ufe0f\ud83d\udfe1 \u274c Antes 35.00 \u20ac \ud83d\uded2: https:\/\/btz.es\/5foS3Iq Descubre la comodidad y estilo incomparables de los Zapatos Adidas, dise\u00f1ados con tecnolog\u00eda avanzada para ofrecer un rendimiento superior en cada paso. Perfectos para cualquier ocasi\u00f3n, combinan dise\u00f1o moderno con durabilidad excepcional, asegurando una [&hellip;]<\/p>\n","protected":false},"featured_media":10193,"template":"","meta":{"_gspb_post_css":""},"store":[],"product_brand":[],"product_cat":[16],"product_tag":[],"class_list":{"0":"post-10194","1":"product","2":"type-product","3":"status-publish","4":"has-post-thumbnail","6":"product_cat-sin-categorizar","8":"first","9":"instock","10":"sale","11":"shipping-taxable","12":"product-type-external"},"jetpack_sharing_enabled":true,"_links":{"self":[{"href":"https:\/\/ofertacular.com\/index.php\/wp-json\/wp\/v2\/product\/10194","targetHints":{"allow":["GET"]}}],"collection":[{"href":"https:\/\/ofertacular.com\/index.php\/wp-json\/wp\/v2\/product"}],"about":[{"href":"https:\/\/ofertacular.com\/index.php\/wp-json\/wp\/v2\/types\/product"}],"wp:featuredmedia":[{"embeddable":true,"href":"https:\/\/ofertacular.com\/index.php\/wp-json\/wp\/v2\/media\/10193"}],"wp:attachment":[{"href":"https:\/\/ofertacular.com\/index.php\/wp-json\/wp\/v2\/media?parent=10194"}],"wp:term":[{"taxonomy":"store","embeddable":true,"href":"https:\/\/ofertacular.com\/index.php\/wp-json\/wp\/v2\/store?post=10194"},{"taxonomy":"product_brand","embeddable":true,"href":"https:\/\/ofertacular.com\/index.php\/wp-json\/wp\/v2\/product_brand?post=10194"},{"taxonomy":"product_cat","embeddable":true,"href":"https:\/\/ofertacular.com\/index.php\/wp-json\/wp\/v2\/product_cat?post=10194"},{"taxonomy":"product_tag","embeddable":true,"href":"https:\/\/ofertacular.com\/index.php\/wp-json\/wp\/v2\/product_tag?post=10194"}],"curies":[{"name":"wp","href":"https:\/\/api.w.org\/{rel}","templated":true}]}}