{"id":10214,"date":"2025-12-14T09:20:23","date_gmt":"2025-12-14T08:20:23","guid":{"rendered":"https:\/\/ofertacular.com\/index.php\/producto\/vaqueros-elasticos-2\/"},"modified":"2025-12-14T09:20:23","modified_gmt":"2025-12-14T08:20:23","slug":"vaqueros-elasticos-2","status":"publish","type":"product","link":"https:\/\/ofertacular.com\/index.php\/producto\/vaqueros-elasticos-2\/","title":{"rendered":"Vaqueros El\u00e1sticos"},"content":{"rendered":"<div class=\"oferta-container\">\n<p>\ud83d\udfe5 <b>REBAJA<\/b> \ud83d\udfe5 #Publicidad #Amazon #16<\/p>\n<p>\ud83d\udd34 <b>Vaqueros El\u00e1sticos <\/b><\/p>\n<p>\u2705 <b>AHORA 15.8 \u20ac<\/b> \u2714\ufe0f\ud83d\udfe1<\/p>\n<p>\u274c Antes 16.63 \u20ac<\/p>\n<p>\ud83d\uded2: <a href=\"https:\/\/btz.es\/5fvjaG5\" target=\"_blank\" rel=\"nofollow noopener\">https:\/\/btz.es\/5fvjaG5<\/a><\/p>\n<p>Descubre la comodidad y estilo con nuestros vaqueros el\u00e1sticos de alta calidad, dise\u00f1ados para ofrecer un ajuste perfecto y flexibilidad durante todo el d\u00eda. Ideales para cualquier ocasi\u00f3n, estos vaqueros combinan durabilidad y moda para mantenerte siempre a la vanguardia. Perfectos para hombres modernos que buscan versatilidad y confort en su ropa casual.<\/p>\n<\/p><\/div>\n","protected":false},"excerpt":{"rendered":"<p>\ud83d\udfe5 REBAJA \ud83d\udfe5 #Publicidad #Amazon #16 \ud83d\udd34 Vaqueros El\u00e1sticos \u2705 AHORA 15.8 \u20ac \u2714\ufe0f\ud83d\udfe1 \u274c Antes 16.63 \u20ac \ud83d\uded2: https:\/\/btz.es\/5fvjaG5 Descubre la comodidad y estilo con nuestros vaqueros el\u00e1sticos de alta calidad, dise\u00f1ados para ofrecer un ajuste perfecto y flexibilidad durante todo el d\u00eda. Ideales para cualquier ocasi\u00f3n, estos vaqueros combinan durabilidad y moda para [&hellip;]<\/p>\n","protected":false},"featured_media":10213,"template":"","meta":{"_gspb_post_css":""},"store":[],"product_brand":[],"product_cat":[16],"product_tag":[],"class_list":{"0":"post-10214","1":"product","2":"type-product","3":"status-publish","4":"has-post-thumbnail","6":"product_cat-sin-categorizar","8":"first","9":"instock","10":"sale","11":"shipping-taxable","12":"product-type-external"},"jetpack_sharing_enabled":true,"_links":{"self":[{"href":"https:\/\/ofertacular.com\/index.php\/wp-json\/wp\/v2\/product\/10214","targetHints":{"allow":["GET"]}}],"collection":[{"href":"https:\/\/ofertacular.com\/index.php\/wp-json\/wp\/v2\/product"}],"about":[{"href":"https:\/\/ofertacular.com\/index.php\/wp-json\/wp\/v2\/types\/product"}],"wp:featuredmedia":[{"embeddable":true,"href":"https:\/\/ofertacular.com\/index.php\/wp-json\/wp\/v2\/media\/10213"}],"wp:attachment":[{"href":"https:\/\/ofertacular.com\/index.php\/wp-json\/wp\/v2\/media?parent=10214"}],"wp:term":[{"taxonomy":"store","embeddable":true,"href":"https:\/\/ofertacular.com\/index.php\/wp-json\/wp\/v2\/store?post=10214"},{"taxonomy":"product_brand","embeddable":true,"href":"https:\/\/ofertacular.com\/index.php\/wp-json\/wp\/v2\/product_brand?post=10214"},{"taxonomy":"product_cat","embeddable":true,"href":"https:\/\/ofertacular.com\/index.php\/wp-json\/wp\/v2\/product_cat?post=10214"},{"taxonomy":"product_tag","embeddable":true,"href":"https:\/\/ofertacular.com\/index.php\/wp-json\/wp\/v2\/product_tag?post=10214"}],"curies":[{"name":"wp","href":"https:\/\/api.w.org\/{rel}","templated":true}]}}