{"id":10234,"date":"2025-12-15T08:17:18","date_gmt":"2025-12-15T07:17:18","guid":{"rendered":"https:\/\/ofertacular.com\/index.php\/producto\/babaria-cream-2\/"},"modified":"2025-12-15T08:17:18","modified_gmt":"2025-12-15T07:17:18","slug":"babaria-cream-2","status":"publish","type":"product","link":"https:\/\/ofertacular.com\/index.php\/producto\/babaria-cream-2\/","title":{"rendered":"Babaria Cream"},"content":{"rendered":"<div class=\"oferta-container\">\n<p>\ud83d\udfe5 <b>UNA GANGA<\/b> \ud83d\udfe5 #Publicidad #Amazon #16<\/p>\n<p>\ud83d\udd34 <b>Crema Facial <\/b><\/p>\n<p>\u2705 <b>AHORA 3.49 \u20ac<\/b> \u2714\ufe0f\ud83d\udfe1<\/p>\n<p>\u274c Antes 5.49 \u20ac<\/p>\n<p>\ud83d\uded2: <a href=\"https:\/\/btz.es\/5f0JEOE\" target=\"_blank\" rel=\"nofollow noopener\">https:\/\/btz.es\/5f0JEOE<\/a><\/p>\n<p>Descubre la eficacia de Babaria Cream, una crema facial dise\u00f1ada para hidratar y rejuvenecer tu piel. Su f\u00f3rmula enriquecida ofrece una nutrici\u00f3n profunda, ideal para todo tipo de piel. Consigue un cutis radiante, suave y protegido contra los signos del envejecimiento con Babaria, una marca reconocida por su calidad y confianza en el cuidado de la piel.<\/p>\n<\/p><\/div>\n","protected":false},"excerpt":{"rendered":"<p>\ud83d\udfe5 UNA GANGA \ud83d\udfe5 #Publicidad #Amazon #16 \ud83d\udd34 Crema Facial \u2705 AHORA 3.49 \u20ac \u2714\ufe0f\ud83d\udfe1 \u274c Antes 5.49 \u20ac \ud83d\uded2: https:\/\/btz.es\/5f0JEOE Descubre la eficacia de Babaria Cream, una crema facial dise\u00f1ada para hidratar y rejuvenecer tu piel. Su f\u00f3rmula enriquecida ofrece una nutrici\u00f3n profunda, ideal para todo tipo de piel. Consigue un cutis radiante, suave [&hellip;]<\/p>\n","protected":false},"featured_media":10233,"template":"","meta":{"_gspb_post_css":""},"store":[],"product_brand":[],"product_cat":[16],"product_tag":[],"class_list":{"0":"post-10234","1":"product","2":"type-product","3":"status-publish","4":"has-post-thumbnail","6":"product_cat-sin-categorizar","8":"first","9":"instock","10":"sale","11":"shipping-taxable","12":"product-type-external"},"jetpack_sharing_enabled":true,"_links":{"self":[{"href":"https:\/\/ofertacular.com\/index.php\/wp-json\/wp\/v2\/product\/10234","targetHints":{"allow":["GET"]}}],"collection":[{"href":"https:\/\/ofertacular.com\/index.php\/wp-json\/wp\/v2\/product"}],"about":[{"href":"https:\/\/ofertacular.com\/index.php\/wp-json\/wp\/v2\/types\/product"}],"wp:featuredmedia":[{"embeddable":true,"href":"https:\/\/ofertacular.com\/index.php\/wp-json\/wp\/v2\/media\/10233"}],"wp:attachment":[{"href":"https:\/\/ofertacular.com\/index.php\/wp-json\/wp\/v2\/media?parent=10234"}],"wp:term":[{"taxonomy":"store","embeddable":true,"href":"https:\/\/ofertacular.com\/index.php\/wp-json\/wp\/v2\/store?post=10234"},{"taxonomy":"product_brand","embeddable":true,"href":"https:\/\/ofertacular.com\/index.php\/wp-json\/wp\/v2\/product_brand?post=10234"},{"taxonomy":"product_cat","embeddable":true,"href":"https:\/\/ofertacular.com\/index.php\/wp-json\/wp\/v2\/product_cat?post=10234"},{"taxonomy":"product_tag","embeddable":true,"href":"https:\/\/ofertacular.com\/index.php\/wp-json\/wp\/v2\/product_tag?post=10234"}],"curies":[{"name":"wp","href":"https:\/\/api.w.org\/{rel}","templated":true}]}}