{"id":10264,"date":"2025-12-16T11:17:11","date_gmt":"2025-12-16T10:17:11","guid":{"rendered":"https:\/\/ofertacular.com\/index.php\/producto\/polaroid-go\/"},"modified":"2025-12-16T11:17:11","modified_gmt":"2025-12-16T10:17:11","slug":"polaroid-go","status":"publish","type":"product","link":"https:\/\/ofertacular.com\/index.php\/producto\/polaroid-go\/","title":{"rendered":"Polaroid Go"},"content":{"rendered":"<div class=\"oferta-container\">\n<p>\ud83d\udfe5 <b>DATE PRISA<\/b> \ud83d\udfe5 #Publicidad #Amazon #16<\/p>\n<p>\ud83d\udd34 <b>C\u00e1mara instant\u00e1nea <\/b><\/p>\n<p>\u2705 <b>AHORA 61.98 \u20ac<\/b> \u2714\ufe0f\ud83d\udfe1<\/p>\n<p>\u274c Antes 99.99 \u20ac<\/p>\n<p>\ud83d\uded2: <a href=\"https:\/\/btz.es\/5f7t3fz\" target=\"_blank\" rel=\"nofollow noopener\">https:\/\/btz.es\/5f7t3fz<\/a><\/p>\n<p>Descubre la Polaroid Go, la c\u00e1mara instant\u00e1nea compacta y elegante dise\u00f1ada para capturar tus momentos m\u00e1s especiales con calidad cl\u00e1sica y estilo \u00fanico. Ideal para fotograf\u00eda espont\u00e1nea, f\u00e1cil de usar y perfecta para llevar a todas partes. Disfruta de impresiones instant\u00e1neas con colores vibrantes y una experiencia fotogr\u00e1fica aut\u00e9ntica que solo Polaroid puede ofrecer.<\/p>\n<\/p><\/div>\n","protected":false},"excerpt":{"rendered":"<p>\ud83d\udfe5 DATE PRISA \ud83d\udfe5 #Publicidad #Amazon #16 \ud83d\udd34 C\u00e1mara instant\u00e1nea \u2705 AHORA 61.98 \u20ac \u2714\ufe0f\ud83d\udfe1 \u274c Antes 99.99 \u20ac \ud83d\uded2: https:\/\/btz.es\/5f7t3fz Descubre la Polaroid Go, la c\u00e1mara instant\u00e1nea compacta y elegante dise\u00f1ada para capturar tus momentos m\u00e1s especiales con calidad cl\u00e1sica y estilo \u00fanico. Ideal para fotograf\u00eda espont\u00e1nea, f\u00e1cil de usar y perfecta para llevar [&hellip;]<\/p>\n","protected":false},"featured_media":10263,"template":"","meta":{"_gspb_post_css":""},"store":[],"product_brand":[],"product_cat":[16],"product_tag":[],"class_list":{"0":"post-10264","1":"product","2":"type-product","3":"status-publish","4":"has-post-thumbnail","6":"product_cat-sin-categorizar","8":"first","9":"instock","10":"sale","11":"shipping-taxable","12":"product-type-external"},"jetpack_sharing_enabled":true,"_links":{"self":[{"href":"https:\/\/ofertacular.com\/index.php\/wp-json\/wp\/v2\/product\/10264","targetHints":{"allow":["GET"]}}],"collection":[{"href":"https:\/\/ofertacular.com\/index.php\/wp-json\/wp\/v2\/product"}],"about":[{"href":"https:\/\/ofertacular.com\/index.php\/wp-json\/wp\/v2\/types\/product"}],"wp:featuredmedia":[{"embeddable":true,"href":"https:\/\/ofertacular.com\/index.php\/wp-json\/wp\/v2\/media\/10263"}],"wp:attachment":[{"href":"https:\/\/ofertacular.com\/index.php\/wp-json\/wp\/v2\/media?parent=10264"}],"wp:term":[{"taxonomy":"store","embeddable":true,"href":"https:\/\/ofertacular.com\/index.php\/wp-json\/wp\/v2\/store?post=10264"},{"taxonomy":"product_brand","embeddable":true,"href":"https:\/\/ofertacular.com\/index.php\/wp-json\/wp\/v2\/product_brand?post=10264"},{"taxonomy":"product_cat","embeddable":true,"href":"https:\/\/ofertacular.com\/index.php\/wp-json\/wp\/v2\/product_cat?post=10264"},{"taxonomy":"product_tag","embeddable":true,"href":"https:\/\/ofertacular.com\/index.php\/wp-json\/wp\/v2\/product_tag?post=10264"}],"curies":[{"name":"wp","href":"https:\/\/api.w.org\/{rel}","templated":true}]}}