{"id":10284,"date":"2025-12-17T08:05:27","date_gmt":"2025-12-17T07:05:27","guid":{"rendered":"https:\/\/ofertacular.com\/index.php\/producto\/esponjas-cocina\/"},"modified":"2025-12-17T08:05:27","modified_gmt":"2025-12-17T07:05:27","slug":"esponjas-cocina","status":"publish","type":"product","link":"https:\/\/ofertacular.com\/index.php\/producto\/esponjas-cocina\/","title":{"rendered":"Esponjas Cocina"},"content":{"rendered":"<div class=\"oferta-container\">\n<p>\ud83d\udfe5 <b>SUPER OFERTA<\/b> \ud83d\udfe5 #Publicidad #Amazon #16<\/p>\n<p>\ud83d\udd34 <b>Esponjas Cocina <\/b><\/p>\n<p>\u2705 <b>AHORA 0.62 \u20ac<\/b> \u2714\ufe0f\ud83d\udfe1<\/p>\n<p>\u274c Antes <\/p>\n<p>\ud83d\uded2: <a href=\"https:\/\/btz.es\/5fCxI9x\" target=\"_blank\" rel=\"nofollow noopener\">https:\/\/btz.es\/5fCxI9x<\/a><\/p>\n<p>Esponjas de cocina de alta calidad dise\u00f1adas para una limpieza eficiente y duradera. Ideales para eliminar la suciedad m\u00e1s dif\u00edcil y mantener tus utensilios impecables. Producto esencial para el hogar, garant\u00eda de m\u00e1xima absorci\u00f3n y resistencia. Perfectas para uso diario en todo tipo de superficies sin da\u00f1arlas.<\/p>\n<\/p><\/div>\n","protected":false},"excerpt":{"rendered":"<p>\ud83d\udfe5 SUPER OFERTA \ud83d\udfe5 #Publicidad #Amazon #16 \ud83d\udd34 Esponjas Cocina \u2705 AHORA 0.62 \u20ac \u2714\ufe0f\ud83d\udfe1 \u274c Antes \ud83d\uded2: https:\/\/btz.es\/5fCxI9x Esponjas de cocina de alta calidad dise\u00f1adas para una limpieza eficiente y duradera. Ideales para eliminar la suciedad m\u00e1s dif\u00edcil y mantener tus utensilios impecables. Producto esencial para el hogar, garant\u00eda de m\u00e1xima absorci\u00f3n y resistencia. [&hellip;]<\/p>\n","protected":false},"featured_media":10283,"template":"","meta":{"_gspb_post_css":""},"store":[],"product_brand":[],"product_cat":[16],"product_tag":[],"class_list":{"0":"post-10284","1":"product","2":"type-product","3":"status-publish","4":"has-post-thumbnail","6":"product_cat-sin-categorizar","8":"first","9":"instock","10":"shipping-taxable","11":"product-type-external"},"jetpack_sharing_enabled":true,"_links":{"self":[{"href":"https:\/\/ofertacular.com\/index.php\/wp-json\/wp\/v2\/product\/10284","targetHints":{"allow":["GET"]}}],"collection":[{"href":"https:\/\/ofertacular.com\/index.php\/wp-json\/wp\/v2\/product"}],"about":[{"href":"https:\/\/ofertacular.com\/index.php\/wp-json\/wp\/v2\/types\/product"}],"wp:featuredmedia":[{"embeddable":true,"href":"https:\/\/ofertacular.com\/index.php\/wp-json\/wp\/v2\/media\/10283"}],"wp:attachment":[{"href":"https:\/\/ofertacular.com\/index.php\/wp-json\/wp\/v2\/media?parent=10284"}],"wp:term":[{"taxonomy":"store","embeddable":true,"href":"https:\/\/ofertacular.com\/index.php\/wp-json\/wp\/v2\/store?post=10284"},{"taxonomy":"product_brand","embeddable":true,"href":"https:\/\/ofertacular.com\/index.php\/wp-json\/wp\/v2\/product_brand?post=10284"},{"taxonomy":"product_cat","embeddable":true,"href":"https:\/\/ofertacular.com\/index.php\/wp-json\/wp\/v2\/product_cat?post=10284"},{"taxonomy":"product_tag","embeddable":true,"href":"https:\/\/ofertacular.com\/index.php\/wp-json\/wp\/v2\/product_tag?post=10284"}],"curies":[{"name":"wp","href":"https:\/\/api.w.org\/{rel}","templated":true}]}}