{"id":10288,"date":"2025-12-17T08:17:52","date_gmt":"2025-12-17T07:17:52","guid":{"rendered":"https:\/\/ofertacular.com\/index.php\/producto\/lauki-leche\/"},"modified":"2025-12-17T08:17:52","modified_gmt":"2025-12-17T07:17:52","slug":"lauki-leche","status":"publish","type":"product","link":"https:\/\/ofertacular.com\/index.php\/producto\/lauki-leche\/","title":{"rendered":"Lauki Leche"},"content":{"rendered":"<div class=\"oferta-container\">\n<p>\ud83d\udfe5 <b>DESCUENTO<\/b> \ud83d\udfe5 #Publicidad #Amazon #16<\/p>\n<p>\ud83d\udd34 <b>Leche Lauki <\/b><\/p>\n<p>\u2705 <b>AHORA 5.94 \u20ac<\/b> \u2714\ufe0f\ud83d\udfe1<\/p>\n<p>\u274c Antes 6.69 \u20ac<\/p>\n<p>\ud83d\uded2: <a href=\"https:\/\/btz.es\/5fC0QP6\" target=\"_blank\" rel=\"nofollow noopener\">https:\/\/btz.es\/5fC0QP6<\/a><\/p>\n<p>Disfruta de la pureza y calidad de la Leche Lauki, una opci\u00f3n nutritiva y deliciosa para toda la familia. Rica en vitaminas y calcio, es perfecta para acompa\u00f1ar tus desayunos, recetas y bebidas favoritas. La Leche Lauki se destaca por su frescura y sabor aut\u00e9ntico, garantizando una alimentaci\u00f3n saludable y equilibrada.<\/p>\n<\/p><\/div>\n","protected":false},"excerpt":{"rendered":"<p>\ud83d\udfe5 DESCUENTO \ud83d\udfe5 #Publicidad #Amazon #16 \ud83d\udd34 Leche Lauki \u2705 AHORA 5.94 \u20ac \u2714\ufe0f\ud83d\udfe1 \u274c Antes 6.69 \u20ac \ud83d\uded2: https:\/\/btz.es\/5fC0QP6 Disfruta de la pureza y calidad de la Leche Lauki, una opci\u00f3n nutritiva y deliciosa para toda la familia. Rica en vitaminas y calcio, es perfecta para acompa\u00f1ar tus desayunos, recetas y bebidas favoritas. La [&hellip;]<\/p>\n","protected":false},"featured_media":10287,"template":"","meta":{"_gspb_post_css":""},"store":[],"product_brand":[],"product_cat":[16],"product_tag":[],"class_list":{"0":"post-10288","1":"product","2":"type-product","3":"status-publish","4":"has-post-thumbnail","6":"product_cat-sin-categorizar","8":"first","9":"instock","10":"sale","11":"shipping-taxable","12":"product-type-external"},"jetpack_sharing_enabled":true,"_links":{"self":[{"href":"https:\/\/ofertacular.com\/index.php\/wp-json\/wp\/v2\/product\/10288","targetHints":{"allow":["GET"]}}],"collection":[{"href":"https:\/\/ofertacular.com\/index.php\/wp-json\/wp\/v2\/product"}],"about":[{"href":"https:\/\/ofertacular.com\/index.php\/wp-json\/wp\/v2\/types\/product"}],"wp:featuredmedia":[{"embeddable":true,"href":"https:\/\/ofertacular.com\/index.php\/wp-json\/wp\/v2\/media\/10287"}],"wp:attachment":[{"href":"https:\/\/ofertacular.com\/index.php\/wp-json\/wp\/v2\/media?parent=10288"}],"wp:term":[{"taxonomy":"store","embeddable":true,"href":"https:\/\/ofertacular.com\/index.php\/wp-json\/wp\/v2\/store?post=10288"},{"taxonomy":"product_brand","embeddable":true,"href":"https:\/\/ofertacular.com\/index.php\/wp-json\/wp\/v2\/product_brand?post=10288"},{"taxonomy":"product_cat","embeddable":true,"href":"https:\/\/ofertacular.com\/index.php\/wp-json\/wp\/v2\/product_cat?post=10288"},{"taxonomy":"product_tag","embeddable":true,"href":"https:\/\/ofertacular.com\/index.php\/wp-json\/wp\/v2\/product_tag?post=10288"}],"curies":[{"name":"wp","href":"https:\/\/api.w.org\/{rel}","templated":true}]}}