{"id":10296,"date":"2025-12-17T10:21:50","date_gmt":"2025-12-17T09:21:50","guid":{"rendered":"https:\/\/ofertacular.com\/index.php\/producto\/msi-monitor-8\/"},"modified":"2025-12-17T10:21:50","modified_gmt":"2025-12-17T09:21:50","slug":"msi-monitor-8","status":"publish","type":"product","link":"https:\/\/ofertacular.com\/index.php\/producto\/msi-monitor-8\/","title":{"rendered":"MSI Monitor"},"content":{"rendered":"<div class=\"oferta-container\">\n<p>\ud83d\udfe5 <b>INCRE\u00cdBLE<\/b> \ud83d\udfe5 #Publicidad #Amazon #16<\/p>\n<p>\ud83d\udd34 <b>Monitor MSI <\/b><\/p>\n<p>\u2705 <b>AHORA 99 \u20ac<\/b> \u2714\ufe0f\ud83d\udfe1<\/p>\n<p>\u274c Antes 199.00 \u20ac<\/p>\n<p>\ud83d\uded2: <a href=\"https:\/\/btz.es\/5fCWdEv\" target=\"_blank\" rel=\"nofollow noopener\">https:\/\/btz.es\/5fCWdEv<\/a><\/p>\n<p>Descubre el Monitor MSI, dise\u00f1ado para ofrecer una experiencia visual excepcional con tecnolog\u00eda avanzada y calidad de imagen superior. Perfecto para gamers y profesionales que buscan rendimiento y precisi\u00f3n en cada detalle. Optimiza tu espacio de trabajo o centro de entretenimiento con este monitor confiable y de alta resoluci\u00f3n.<\/p>\n<\/p><\/div>\n","protected":false},"excerpt":{"rendered":"<p>\ud83d\udfe5 INCRE\u00cdBLE \ud83d\udfe5 #Publicidad #Amazon #16 \ud83d\udd34 Monitor MSI \u2705 AHORA 99 \u20ac \u2714\ufe0f\ud83d\udfe1 \u274c Antes 199.00 \u20ac \ud83d\uded2: https:\/\/btz.es\/5fCWdEv Descubre el Monitor MSI, dise\u00f1ado para ofrecer una experiencia visual excepcional con tecnolog\u00eda avanzada y calidad de imagen superior. Perfecto para gamers y profesionales que buscan rendimiento y precisi\u00f3n en cada detalle. Optimiza tu espacio [&hellip;]<\/p>\n","protected":false},"featured_media":10295,"template":"","meta":{"_gspb_post_css":""},"store":[],"product_brand":[],"product_cat":[16],"product_tag":[],"class_list":{"0":"post-10296","1":"product","2":"type-product","3":"status-publish","4":"has-post-thumbnail","6":"product_cat-sin-categorizar","8":"first","9":"instock","10":"sale","11":"shipping-taxable","12":"product-type-external"},"jetpack_sharing_enabled":true,"_links":{"self":[{"href":"https:\/\/ofertacular.com\/index.php\/wp-json\/wp\/v2\/product\/10296","targetHints":{"allow":["GET"]}}],"collection":[{"href":"https:\/\/ofertacular.com\/index.php\/wp-json\/wp\/v2\/product"}],"about":[{"href":"https:\/\/ofertacular.com\/index.php\/wp-json\/wp\/v2\/types\/product"}],"wp:featuredmedia":[{"embeddable":true,"href":"https:\/\/ofertacular.com\/index.php\/wp-json\/wp\/v2\/media\/10295"}],"wp:attachment":[{"href":"https:\/\/ofertacular.com\/index.php\/wp-json\/wp\/v2\/media?parent=10296"}],"wp:term":[{"taxonomy":"store","embeddable":true,"href":"https:\/\/ofertacular.com\/index.php\/wp-json\/wp\/v2\/store?post=10296"},{"taxonomy":"product_brand","embeddable":true,"href":"https:\/\/ofertacular.com\/index.php\/wp-json\/wp\/v2\/product_brand?post=10296"},{"taxonomy":"product_cat","embeddable":true,"href":"https:\/\/ofertacular.com\/index.php\/wp-json\/wp\/v2\/product_cat?post=10296"},{"taxonomy":"product_tag","embeddable":true,"href":"https:\/\/ofertacular.com\/index.php\/wp-json\/wp\/v2\/product_tag?post=10296"}],"curies":[{"name":"wp","href":"https:\/\/api.w.org\/{rel}","templated":true}]}}