{"id":10302,"date":"2025-12-18T08:20:51","date_gmt":"2025-12-18T07:20:51","guid":{"rendered":"https:\/\/ofertacular.com\/index.php\/producto\/espresso-machine-2\/"},"modified":"2025-12-18T08:20:51","modified_gmt":"2025-12-18T07:20:51","slug":"espresso-machine-2","status":"publish","type":"product","link":"https:\/\/ofertacular.com\/index.php\/producto\/espresso-machine-2\/","title":{"rendered":"Espresso Machine"},"content":{"rendered":"<div class=\"oferta-container\">\n<p>\ud83d\udfe5 <b>INCRE\u00cdBLE<\/b> \ud83d\udfe5 #Publicidad #Amazon #16<\/p>\n<p>\ud83d\udd34 <b>Cafetera Espresso <\/b><\/p>\n<p>\u2705 <b>AHORA 65 \u20ac<\/b> \u2714\ufe0f\ud83d\udfe1<\/p>\n<p>\u274c Antes 69.90 \u20ac<\/p>\n<p>\ud83d\uded2: <a href=\"https:\/\/btz.es\/5fIsh90\" target=\"_blank\" rel=\"nofollow noopener\">https:\/\/btz.es\/5fIsh90<\/a><\/p>\n<p>Disfruta del mejor caf\u00e9 en casa con esta cafetera espresso de alta calidad. Dise\u00f1ada para ofrecer un aroma y sabor excepcionales, esta m\u00e1quina es ideal para los amantes del caf\u00e9 que buscan una experiencia profesional a nivel dom\u00e9stico. Con tecnolog\u00eda avanzada y un dise\u00f1o elegante, garantiza una extracci\u00f3n perfecta en cada taza. Optimizada para SEO, esta cafetera espresso es la elecci\u00f3n perfecta para quienes desean mejorar su rutina diaria de caf\u00e9 y destacar en b\u00fasquedas relacionadas con cafeteras premium.<\/p>\n<\/p><\/div>\n","protected":false},"excerpt":{"rendered":"<p>\ud83d\udfe5 INCRE\u00cdBLE \ud83d\udfe5 #Publicidad #Amazon #16 \ud83d\udd34 Cafetera Espresso \u2705 AHORA 65 \u20ac \u2714\ufe0f\ud83d\udfe1 \u274c Antes 69.90 \u20ac \ud83d\uded2: https:\/\/btz.es\/5fIsh90 Disfruta del mejor caf\u00e9 en casa con esta cafetera espresso de alta calidad. Dise\u00f1ada para ofrecer un aroma y sabor excepcionales, esta m\u00e1quina es ideal para los amantes del caf\u00e9 que buscan una experiencia profesional [&hellip;]<\/p>\n","protected":false},"featured_media":10301,"template":"","meta":{"_gspb_post_css":""},"store":[],"product_brand":[],"product_cat":[16],"product_tag":[],"class_list":{"0":"post-10302","1":"product","2":"type-product","3":"status-publish","4":"has-post-thumbnail","6":"product_cat-sin-categorizar","8":"first","9":"instock","10":"sale","11":"shipping-taxable","12":"product-type-external"},"jetpack_sharing_enabled":true,"_links":{"self":[{"href":"https:\/\/ofertacular.com\/index.php\/wp-json\/wp\/v2\/product\/10302","targetHints":{"allow":["GET"]}}],"collection":[{"href":"https:\/\/ofertacular.com\/index.php\/wp-json\/wp\/v2\/product"}],"about":[{"href":"https:\/\/ofertacular.com\/index.php\/wp-json\/wp\/v2\/types\/product"}],"wp:featuredmedia":[{"embeddable":true,"href":"https:\/\/ofertacular.com\/index.php\/wp-json\/wp\/v2\/media\/10301"}],"wp:attachment":[{"href":"https:\/\/ofertacular.com\/index.php\/wp-json\/wp\/v2\/media?parent=10302"}],"wp:term":[{"taxonomy":"store","embeddable":true,"href":"https:\/\/ofertacular.com\/index.php\/wp-json\/wp\/v2\/store?post=10302"},{"taxonomy":"product_brand","embeddable":true,"href":"https:\/\/ofertacular.com\/index.php\/wp-json\/wp\/v2\/product_brand?post=10302"},{"taxonomy":"product_cat","embeddable":true,"href":"https:\/\/ofertacular.com\/index.php\/wp-json\/wp\/v2\/product_cat?post=10302"},{"taxonomy":"product_tag","embeddable":true,"href":"https:\/\/ofertacular.com\/index.php\/wp-json\/wp\/v2\/product_tag?post=10302"}],"curies":[{"name":"wp","href":"https:\/\/api.w.org\/{rel}","templated":true}]}}