{"id":10306,"date":"2025-12-18T08:33:26","date_gmt":"2025-12-18T07:33:26","guid":{"rendered":"https:\/\/ofertacular.com\/index.php\/producto\/sudadera-albaricoque\/"},"modified":"2025-12-18T08:33:26","modified_gmt":"2025-12-18T07:33:26","slug":"sudadera-albaricoque","status":"publish","type":"product","link":"https:\/\/ofertacular.com\/index.php\/producto\/sudadera-albaricoque\/","title":{"rendered":"Sudadera Albaricoque"},"content":{"rendered":"<div class=\"oferta-container\">\n<p>\ud83d\udfe5 <b>\u00a1S\u00d3LO HOY!<\/b> \ud83d\udfe5 #Publicidad #Amazon #16<\/p>\n<p>\ud83d\udd34 <b>Sudadera Albaricoque <\/b><\/p>\n<p>\u2705 <b>AHORA 4.69 \u20ac<\/b> \u2714\ufe0f\ud83d\udfe1<\/p>\n<p>\u274c Antes <\/p>\n<p>\ud83d\uded2: <a href=\"https:\/\/btz.es\/5fIvso1\" target=\"_blank\" rel=\"nofollow noopener\">https:\/\/btz.es\/5fIvso1<\/a><\/p>\n<p>Descubre la comodidad y estilo \u00fanicos de la Sudadera Albaricoque, dise\u00f1ada para ofrecer un ajuste perfecto y un tejido suave que te mantendr\u00e1 c\u00e1lido en todas tus actividades. Ideal para un look casual y urbano, esta sudadera es esencial en tu armario gracias a su vibrante color albaricoque, que aporta frescura y energ\u00eda a tu outfit diario. Perfecta para combinar con jeans o pantalones deportivos, su dise\u00f1o vers\u00e1til garantiza una apariencia moderna y atractiva.<\/p>\n<\/p><\/div>\n","protected":false},"excerpt":{"rendered":"<p>\ud83d\udfe5 \u00a1S\u00d3LO HOY! \ud83d\udfe5 #Publicidad #Amazon #16 \ud83d\udd34 Sudadera Albaricoque \u2705 AHORA 4.69 \u20ac \u2714\ufe0f\ud83d\udfe1 \u274c Antes \ud83d\uded2: https:\/\/btz.es\/5fIvso1 Descubre la comodidad y estilo \u00fanicos de la Sudadera Albaricoque, dise\u00f1ada para ofrecer un ajuste perfecto y un tejido suave que te mantendr\u00e1 c\u00e1lido en todas tus actividades. Ideal para un look casual y urbano, esta [&hellip;]<\/p>\n","protected":false},"featured_media":10305,"template":"","meta":{"_gspb_post_css":""},"store":[],"product_brand":[],"product_cat":[16],"product_tag":[],"class_list":{"0":"post-10306","1":"product","2":"type-product","3":"status-publish","4":"has-post-thumbnail","6":"product_cat-sin-categorizar","8":"first","9":"instock","10":"shipping-taxable","11":"product-type-external"},"jetpack_sharing_enabled":true,"_links":{"self":[{"href":"https:\/\/ofertacular.com\/index.php\/wp-json\/wp\/v2\/product\/10306","targetHints":{"allow":["GET"]}}],"collection":[{"href":"https:\/\/ofertacular.com\/index.php\/wp-json\/wp\/v2\/product"}],"about":[{"href":"https:\/\/ofertacular.com\/index.php\/wp-json\/wp\/v2\/types\/product"}],"wp:featuredmedia":[{"embeddable":true,"href":"https:\/\/ofertacular.com\/index.php\/wp-json\/wp\/v2\/media\/10305"}],"wp:attachment":[{"href":"https:\/\/ofertacular.com\/index.php\/wp-json\/wp\/v2\/media?parent=10306"}],"wp:term":[{"taxonomy":"store","embeddable":true,"href":"https:\/\/ofertacular.com\/index.php\/wp-json\/wp\/v2\/store?post=10306"},{"taxonomy":"product_brand","embeddable":true,"href":"https:\/\/ofertacular.com\/index.php\/wp-json\/wp\/v2\/product_brand?post=10306"},{"taxonomy":"product_cat","embeddable":true,"href":"https:\/\/ofertacular.com\/index.php\/wp-json\/wp\/v2\/product_cat?post=10306"},{"taxonomy":"product_tag","embeddable":true,"href":"https:\/\/ofertacular.com\/index.php\/wp-json\/wp\/v2\/product_tag?post=10306"}],"curies":[{"name":"wp","href":"https:\/\/api.w.org\/{rel}","templated":true}]}}