{"id":10308,"date":"2025-12-18T10:16:27","date_gmt":"2025-12-18T09:16:27","guid":{"rendered":"https:\/\/ofertacular.com\/index.php\/producto\/favoto-casco-5\/"},"modified":"2025-12-18T10:16:27","modified_gmt":"2025-12-18T09:16:27","slug":"favoto-casco-5","status":"publish","type":"product","link":"https:\/\/ofertacular.com\/index.php\/producto\/favoto-casco-5\/","title":{"rendered":"Favoto Casco"},"content":{"rendered":"<div class=\"oferta-container\">\n<p>\ud83d\udfe5 <b>INCRE\u00cdBLE<\/b> \ud83d\udfe5 #Publicidad #Amazon #16<\/p>\n<p>\ud83d\udd34 <b>Casco Moto <\/b><\/p>\n<p>\u2705 <b>AHORA 12.04 \u20ac<\/b> \u2714\ufe0f\ud83d\udfe1<\/p>\n<p>\u274c Antes 29.99 \u20ac<\/p>\n<p>\ud83d\uded2: <a href=\"https:\/\/btz.es\/5fILoiI\" target=\"_blank\" rel=\"nofollow noopener\">https:\/\/btz.es\/5fILoiI<\/a><\/p>\n<p>Descubre el casco Favoto, la elecci\u00f3n perfecta para motociclistas que buscan seguridad, comodidad y estilo. Fabricado con materiales de alta calidad, proporciona una protecci\u00f3n \u00f3ptima contra impactos, adem\u00e1s de contar con un dise\u00f1o aerodin\u00e1mico que mejora la experiencia de conducci\u00f3n. Su sistema de ventilaci\u00f3n avanzado garantiza frescura durante largos trayectos. Ideal para quienes valoran confianza y durabilidad en cada viaje. Compra ahora y siente la diferencia Favoto en tu pr\u00f3xima aventura sobre dos ruedas.<\/p>\n<\/p><\/div>\n","protected":false},"excerpt":{"rendered":"<p>\ud83d\udfe5 INCRE\u00cdBLE \ud83d\udfe5 #Publicidad #Amazon #16 \ud83d\udd34 Casco Moto \u2705 AHORA 12.04 \u20ac \u2714\ufe0f\ud83d\udfe1 \u274c Antes 29.99 \u20ac \ud83d\uded2: https:\/\/btz.es\/5fILoiI Descubre el casco Favoto, la elecci\u00f3n perfecta para motociclistas que buscan seguridad, comodidad y estilo. Fabricado con materiales de alta calidad, proporciona una protecci\u00f3n \u00f3ptima contra impactos, adem\u00e1s de contar con un dise\u00f1o aerodin\u00e1mico que [&hellip;]<\/p>\n","protected":false},"featured_media":10307,"template":"","meta":{"_gspb_post_css":""},"store":[],"product_brand":[],"product_cat":[16],"product_tag":[],"class_list":{"0":"post-10308","1":"product","2":"type-product","3":"status-publish","4":"has-post-thumbnail","6":"product_cat-sin-categorizar","8":"first","9":"instock","10":"sale","11":"shipping-taxable","12":"product-type-external"},"jetpack_sharing_enabled":true,"_links":{"self":[{"href":"https:\/\/ofertacular.com\/index.php\/wp-json\/wp\/v2\/product\/10308","targetHints":{"allow":["GET"]}}],"collection":[{"href":"https:\/\/ofertacular.com\/index.php\/wp-json\/wp\/v2\/product"}],"about":[{"href":"https:\/\/ofertacular.com\/index.php\/wp-json\/wp\/v2\/types\/product"}],"wp:featuredmedia":[{"embeddable":true,"href":"https:\/\/ofertacular.com\/index.php\/wp-json\/wp\/v2\/media\/10307"}],"wp:attachment":[{"href":"https:\/\/ofertacular.com\/index.php\/wp-json\/wp\/v2\/media?parent=10308"}],"wp:term":[{"taxonomy":"store","embeddable":true,"href":"https:\/\/ofertacular.com\/index.php\/wp-json\/wp\/v2\/store?post=10308"},{"taxonomy":"product_brand","embeddable":true,"href":"https:\/\/ofertacular.com\/index.php\/wp-json\/wp\/v2\/product_brand?post=10308"},{"taxonomy":"product_cat","embeddable":true,"href":"https:\/\/ofertacular.com\/index.php\/wp-json\/wp\/v2\/product_cat?post=10308"},{"taxonomy":"product_tag","embeddable":true,"href":"https:\/\/ofertacular.com\/index.php\/wp-json\/wp\/v2\/product_tag?post=10308"}],"curies":[{"name":"wp","href":"https:\/\/api.w.org\/{rel}","templated":true}]}}