{"id":10312,"date":"2025-12-18T10:41:20","date_gmt":"2025-12-18T09:41:20","guid":{"rendered":"https:\/\/ofertacular.com\/index.php\/producto\/lego-racing-3\/"},"modified":"2025-12-18T10:41:20","modified_gmt":"2025-12-18T09:41:20","slug":"lego-racing-3","status":"publish","type":"product","link":"https:\/\/ofertacular.com\/index.php\/producto\/lego-racing-3\/","title":{"rendered":"LEGO Racing"},"content":{"rendered":"<div class=\"oferta-container\">\n<p>\ud83d\udfe5 <b>\u00a1OFERT\u00d3N!<\/b> \ud83d\udfe5 #Publicidad #Amazon #16<\/p>\n<p>\ud83d\udd34 <b>Lego Racing <\/b><\/p>\n<p>\u2705 <b>AHORA 19.99 \u20ac<\/b> \u2714\ufe0f\ud83d\udfe1<\/p>\n<p>\u274c Antes 26.99 \u20ac<\/p>\n<p>\ud83d\uded2: <a href=\"https:\/\/btz.es\/5fIR4Av\" target=\"_blank\" rel=\"nofollow noopener\">https:\/\/btz.es\/5fIR4Av<\/a><\/p>\n<p>Descubre la emoci\u00f3n y velocidad con el set de Lego Racing, perfecto para fan\u00e1ticos de las construcciones y la acci\u00f3n automovil\u00edstica. Construye, personaliza y compite con veh\u00edculos detallados que te ofrecen horas de entretenimiento creativo. Ideal para amantes de Lego y carreras, este producto combina calidad, diversi\u00f3n y aprendizaje en una experiencia \u00fanica. Optimizado para potenciar la creatividad y la destreza, es la elecci\u00f3n perfecta para ni\u00f1os y adultos apasionados por la velocidad y el dise\u00f1o.<\/p>\n<\/p><\/div>\n","protected":false},"excerpt":{"rendered":"<p>\ud83d\udfe5 \u00a1OFERT\u00d3N! \ud83d\udfe5 #Publicidad #Amazon #16 \ud83d\udd34 Lego Racing \u2705 AHORA 19.99 \u20ac \u2714\ufe0f\ud83d\udfe1 \u274c Antes 26.99 \u20ac \ud83d\uded2: https:\/\/btz.es\/5fIR4Av Descubre la emoci\u00f3n y velocidad con el set de Lego Racing, perfecto para fan\u00e1ticos de las construcciones y la acci\u00f3n automovil\u00edstica. Construye, personaliza y compite con veh\u00edculos detallados que te ofrecen horas de entretenimiento creativo. [&hellip;]<\/p>\n","protected":false},"featured_media":10311,"template":"","meta":{"_gspb_post_css":""},"store":[],"product_brand":[],"product_cat":[16],"product_tag":[],"class_list":{"0":"post-10312","1":"product","2":"type-product","3":"status-publish","4":"has-post-thumbnail","6":"product_cat-sin-categorizar","8":"first","9":"instock","10":"sale","11":"shipping-taxable","12":"product-type-external"},"jetpack_sharing_enabled":true,"_links":{"self":[{"href":"https:\/\/ofertacular.com\/index.php\/wp-json\/wp\/v2\/product\/10312","targetHints":{"allow":["GET"]}}],"collection":[{"href":"https:\/\/ofertacular.com\/index.php\/wp-json\/wp\/v2\/product"}],"about":[{"href":"https:\/\/ofertacular.com\/index.php\/wp-json\/wp\/v2\/types\/product"}],"wp:featuredmedia":[{"embeddable":true,"href":"https:\/\/ofertacular.com\/index.php\/wp-json\/wp\/v2\/media\/10311"}],"wp:attachment":[{"href":"https:\/\/ofertacular.com\/index.php\/wp-json\/wp\/v2\/media?parent=10312"}],"wp:term":[{"taxonomy":"store","embeddable":true,"href":"https:\/\/ofertacular.com\/index.php\/wp-json\/wp\/v2\/store?post=10312"},{"taxonomy":"product_brand","embeddable":true,"href":"https:\/\/ofertacular.com\/index.php\/wp-json\/wp\/v2\/product_brand?post=10312"},{"taxonomy":"product_cat","embeddable":true,"href":"https:\/\/ofertacular.com\/index.php\/wp-json\/wp\/v2\/product_cat?post=10312"},{"taxonomy":"product_tag","embeddable":true,"href":"https:\/\/ofertacular.com\/index.php\/wp-json\/wp\/v2\/product_tag?post=10312"}],"curies":[{"name":"wp","href":"https:\/\/api.w.org\/{rel}","templated":true}]}}