{"id":10336,"date":"2025-12-19T11:42:00","date_gmt":"2025-12-19T10:42:00","guid":{"rendered":"https:\/\/ofertacular.com\/index.php\/producto\/cocina-bascula-2\/"},"modified":"2025-12-19T11:42:00","modified_gmt":"2025-12-19T10:42:00","slug":"cocina-bascula-2","status":"publish","type":"product","link":"https:\/\/ofertacular.com\/index.php\/producto\/cocina-bascula-2\/","title":{"rendered":"Cocina B\u00e1scula"},"content":{"rendered":"<div class=\"oferta-container\">\n<p>\ud83d\udfe5 <b>DESCUENTO<\/b> \ud83d\udfe5 #Publicidad #Amazon #16<\/p>\n<p>\ud83d\udd34 <b>B\u00e1scula Cocina <\/b><\/p>\n<p>\u2705 <b>AHORA 8.99 \u20ac<\/b> \u2714\ufe0f\ud83d\udfe1<\/p>\n<p>\u274c Antes <\/p>\n<p>\ud83d\uded2: <a href=\"https:\/\/btz.es\/5fOXrZZ\" target=\"_blank\" rel=\"nofollow noopener\">https:\/\/btz.es\/5fOXrZZ<\/a><\/p>\n<p>Descubre la precisi\u00f3n y funcionalidad de nuestra B\u00e1scula de Cocina, dise\u00f1ada para ofrecer medidas exactas en tus recetas. Perfecta para chefs profesionales y aficionados, esta b\u00e1scula combina tecnolog\u00eda moderna con facilidad de uso, garantizando resultados perfectos cada vez. Optimiza tu experiencia culinaria con un producto duradero y fiable, ideal para cualquier tipo de alimento y preparado. \u00a1Lleva tu cocina al siguiente nivel con esta b\u00e1scula de alta calidad!<\/p>\n<\/p><\/div>\n","protected":false},"excerpt":{"rendered":"<p>\ud83d\udfe5 DESCUENTO \ud83d\udfe5 #Publicidad #Amazon #16 \ud83d\udd34 B\u00e1scula Cocina \u2705 AHORA 8.99 \u20ac \u2714\ufe0f\ud83d\udfe1 \u274c Antes \ud83d\uded2: https:\/\/btz.es\/5fOXrZZ Descubre la precisi\u00f3n y funcionalidad de nuestra B\u00e1scula de Cocina, dise\u00f1ada para ofrecer medidas exactas en tus recetas. Perfecta para chefs profesionales y aficionados, esta b\u00e1scula combina tecnolog\u00eda moderna con facilidad de uso, garantizando resultados perfectos cada [&hellip;]<\/p>\n","protected":false},"featured_media":10335,"template":"","meta":{"_gspb_post_css":""},"store":[],"product_brand":[],"product_cat":[16],"product_tag":[],"class_list":{"0":"post-10336","1":"product","2":"type-product","3":"status-publish","4":"has-post-thumbnail","6":"product_cat-sin-categorizar","8":"first","9":"instock","10":"shipping-taxable","11":"product-type-external"},"jetpack_sharing_enabled":true,"_links":{"self":[{"href":"https:\/\/ofertacular.com\/index.php\/wp-json\/wp\/v2\/product\/10336","targetHints":{"allow":["GET"]}}],"collection":[{"href":"https:\/\/ofertacular.com\/index.php\/wp-json\/wp\/v2\/product"}],"about":[{"href":"https:\/\/ofertacular.com\/index.php\/wp-json\/wp\/v2\/types\/product"}],"wp:featuredmedia":[{"embeddable":true,"href":"https:\/\/ofertacular.com\/index.php\/wp-json\/wp\/v2\/media\/10335"}],"wp:attachment":[{"href":"https:\/\/ofertacular.com\/index.php\/wp-json\/wp\/v2\/media?parent=10336"}],"wp:term":[{"taxonomy":"store","embeddable":true,"href":"https:\/\/ofertacular.com\/index.php\/wp-json\/wp\/v2\/store?post=10336"},{"taxonomy":"product_brand","embeddable":true,"href":"https:\/\/ofertacular.com\/index.php\/wp-json\/wp\/v2\/product_brand?post=10336"},{"taxonomy":"product_cat","embeddable":true,"href":"https:\/\/ofertacular.com\/index.php\/wp-json\/wp\/v2\/product_cat?post=10336"},{"taxonomy":"product_tag","embeddable":true,"href":"https:\/\/ofertacular.com\/index.php\/wp-json\/wp\/v2\/product_tag?post=10336"}],"curies":[{"name":"wp","href":"https:\/\/api.w.org\/{rel}","templated":true}]}}