{"id":10338,"date":"2025-12-19T11:49:40","date_gmt":"2025-12-19T10:49:40","guid":{"rendered":"https:\/\/ofertacular.com\/index.php\/producto\/echo-spot-3\/"},"modified":"2025-12-19T11:49:40","modified_gmt":"2025-12-19T10:49:40","slug":"echo-spot-3","status":"publish","type":"product","link":"https:\/\/ofertacular.com\/index.php\/producto\/echo-spot-3\/","title":{"rendered":"Echo Spot"},"content":{"rendered":"<div class=\"oferta-container\">\n<p>\ud83d\udfe5 <b>UNA GANGA<\/b> \ud83d\udfe5 #Publicidad #Amazon #16<\/p>\n<p>\ud83d\udd34 <b>Echo Spot <\/b><\/p>\n<p>\u2705 <b>AHORA 47.02 \u20ac<\/b> \u2714\ufe0f\ud83d\udfe1<\/p>\n<p>\u274c Antes 94.99 \u20ac<\/p>\n<p>\ud83d\uded2: <a href=\"https:\/\/btz.es\/5fOZnWj\" target=\"_blank\" rel=\"nofollow noopener\">https:\/\/btz.es\/5fOZnWj<\/a><\/p>\n<p>Descubre la innovaci\u00f3n con Echo Spot, el dispositivo inteligente de Amazon que combina un reloj despertador con una pantalla compacta para video llamadas, noticias y control dom\u00f3tico. Optimizado para integraci\u00f3n con Alexa, este producto es ideal para quienes buscan comodidad y tecnolog\u00eda avanzada en un solo equipo. Mejora tu hogar inteligente con Echo Spot y disfruta de funcionalidades que se adaptan a tu vida diaria, brind\u00e1ndote informaci\u00f3n y entretenimiento con solo una orden de voz.<\/p>\n<\/p><\/div>\n","protected":false},"excerpt":{"rendered":"<p>\ud83d\udfe5 UNA GANGA \ud83d\udfe5 #Publicidad #Amazon #16 \ud83d\udd34 Echo Spot \u2705 AHORA 47.02 \u20ac \u2714\ufe0f\ud83d\udfe1 \u274c Antes 94.99 \u20ac \ud83d\uded2: https:\/\/btz.es\/5fOZnWj Descubre la innovaci\u00f3n con Echo Spot, el dispositivo inteligente de Amazon que combina un reloj despertador con una pantalla compacta para video llamadas, noticias y control dom\u00f3tico. Optimizado para integraci\u00f3n con Alexa, este producto [&hellip;]<\/p>\n","protected":false},"featured_media":10337,"template":"","meta":{"_gspb_post_css":""},"store":[],"product_brand":[],"product_cat":[16],"product_tag":[],"class_list":{"0":"post-10338","1":"product","2":"type-product","3":"status-publish","4":"has-post-thumbnail","6":"product_cat-sin-categorizar","8":"first","9":"instock","10":"sale","11":"shipping-taxable","12":"product-type-external"},"jetpack_sharing_enabled":true,"_links":{"self":[{"href":"https:\/\/ofertacular.com\/index.php\/wp-json\/wp\/v2\/product\/10338","targetHints":{"allow":["GET"]}}],"collection":[{"href":"https:\/\/ofertacular.com\/index.php\/wp-json\/wp\/v2\/product"}],"about":[{"href":"https:\/\/ofertacular.com\/index.php\/wp-json\/wp\/v2\/types\/product"}],"wp:featuredmedia":[{"embeddable":true,"href":"https:\/\/ofertacular.com\/index.php\/wp-json\/wp\/v2\/media\/10337"}],"wp:attachment":[{"href":"https:\/\/ofertacular.com\/index.php\/wp-json\/wp\/v2\/media?parent=10338"}],"wp:term":[{"taxonomy":"store","embeddable":true,"href":"https:\/\/ofertacular.com\/index.php\/wp-json\/wp\/v2\/store?post=10338"},{"taxonomy":"product_brand","embeddable":true,"href":"https:\/\/ofertacular.com\/index.php\/wp-json\/wp\/v2\/product_brand?post=10338"},{"taxonomy":"product_cat","embeddable":true,"href":"https:\/\/ofertacular.com\/index.php\/wp-json\/wp\/v2\/product_cat?post=10338"},{"taxonomy":"product_tag","embeddable":true,"href":"https:\/\/ofertacular.com\/index.php\/wp-json\/wp\/v2\/product_tag?post=10338"}],"curies":[{"name":"wp","href":"https:\/\/api.w.org\/{rel}","templated":true}]}}