{"id":10346,"date":"2025-12-19T11:59:07","date_gmt":"2025-12-19T10:59:07","guid":{"rendered":"https:\/\/ofertacular.com\/index.php\/producto\/beurer-ft17-thermometer\/"},"modified":"2025-12-19T11:59:07","modified_gmt":"2025-12-19T10:59:07","slug":"beurer-ft17-thermometer","status":"publish","type":"product","link":"https:\/\/ofertacular.com\/index.php\/producto\/beurer-ft17-thermometer\/","title":{"rendered":"Beurer FT17 Thermometer"},"content":{"rendered":"<div class=\"oferta-container\">\n<p>\ud83d\udfe5 <b>INCRE\u00cdBLE<\/b> \ud83d\udfe5 #Publicidad #Amazon #16<\/p>\n<p>\ud83d\udd34 <b>Term\u00f3metro Beurer <\/b><\/p>\n<p>\u2705 <b>AHORA 3.99 \u20ac<\/b> \u2714\ufe0f\ud83d\udfe1<\/p>\n<p>\u274c Antes 6.99 \u20ac<\/p>\n<p>\ud83d\uded2: <a href=\"https:\/\/btz.es\/5fPbBoy\" target=\"_blank\" rel=\"nofollow noopener\">https:\/\/btz.es\/5fPbBoy<\/a><\/p>\n<p>Descubre la precisi\u00f3n y confiabilidad del term\u00f3metro Beurer FT17, dise\u00f1ado para ofrecer mediciones r\u00e1pidas y exactas. Ideal para uso dom\u00e9stico y profesional, este term\u00f3metro garantiza un control eficiente de la temperatura corporal para toda la familia. Gracias a su tecnolog\u00eda avanzada y f\u00e1cil manejo, es la herramienta perfecta para monitorear la salud con total seguridad y comodidad.<\/p>\n<\/p><\/div>\n","protected":false},"excerpt":{"rendered":"<p>\ud83d\udfe5 INCRE\u00cdBLE \ud83d\udfe5 #Publicidad #Amazon #16 \ud83d\udd34 Term\u00f3metro Beurer \u2705 AHORA 3.99 \u20ac \u2714\ufe0f\ud83d\udfe1 \u274c Antes 6.99 \u20ac \ud83d\uded2: https:\/\/btz.es\/5fPbBoy Descubre la precisi\u00f3n y confiabilidad del term\u00f3metro Beurer FT17, dise\u00f1ado para ofrecer mediciones r\u00e1pidas y exactas. Ideal para uso dom\u00e9stico y profesional, este term\u00f3metro garantiza un control eficiente de la temperatura corporal para toda la [&hellip;]<\/p>\n","protected":false},"featured_media":10345,"template":"","meta":{"_gspb_post_css":""},"store":[],"product_brand":[],"product_cat":[16],"product_tag":[],"class_list":{"0":"post-10346","1":"product","2":"type-product","3":"status-publish","4":"has-post-thumbnail","6":"product_cat-sin-categorizar","8":"first","9":"instock","10":"sale","11":"shipping-taxable","12":"product-type-external"},"jetpack_sharing_enabled":true,"_links":{"self":[{"href":"https:\/\/ofertacular.com\/index.php\/wp-json\/wp\/v2\/product\/10346","targetHints":{"allow":["GET"]}}],"collection":[{"href":"https:\/\/ofertacular.com\/index.php\/wp-json\/wp\/v2\/product"}],"about":[{"href":"https:\/\/ofertacular.com\/index.php\/wp-json\/wp\/v2\/types\/product"}],"wp:featuredmedia":[{"embeddable":true,"href":"https:\/\/ofertacular.com\/index.php\/wp-json\/wp\/v2\/media\/10345"}],"wp:attachment":[{"href":"https:\/\/ofertacular.com\/index.php\/wp-json\/wp\/v2\/media?parent=10346"}],"wp:term":[{"taxonomy":"store","embeddable":true,"href":"https:\/\/ofertacular.com\/index.php\/wp-json\/wp\/v2\/store?post=10346"},{"taxonomy":"product_brand","embeddable":true,"href":"https:\/\/ofertacular.com\/index.php\/wp-json\/wp\/v2\/product_brand?post=10346"},{"taxonomy":"product_cat","embeddable":true,"href":"https:\/\/ofertacular.com\/index.php\/wp-json\/wp\/v2\/product_cat?post=10346"},{"taxonomy":"product_tag","embeddable":true,"href":"https:\/\/ofertacular.com\/index.php\/wp-json\/wp\/v2\/product_tag?post=10346"}],"curies":[{"name":"wp","href":"https:\/\/api.w.org\/{rel}","templated":true}]}}