{"id":10350,"date":"2025-12-19T12:15:28","date_gmt":"2025-12-19T11:15:28","guid":{"rendered":"https:\/\/ofertacular.com\/index.php\/producto\/boxer-hombre\/"},"modified":"2025-12-19T12:15:28","modified_gmt":"2025-12-19T11:15:28","slug":"boxer-hombre","status":"publish","type":"product","link":"https:\/\/ofertacular.com\/index.php\/producto\/boxer-hombre\/","title":{"rendered":"B\u00f3xer Hombre"},"content":{"rendered":"<div class=\"oferta-container\">\n<p>\ud83d\udfe5 <b>DATE PRISA<\/b> \ud83d\udfe5 #Publicidad #Amazon #16<\/p>\n<p>\ud83d\udd34 <b>B\u00f3xer Hombre <\/b><\/p>\n<p>\u2705 <b>AHORA 4.43 \u20ac<\/b> \u2714\ufe0f\ud83d\udfe1<\/p>\n<p>\u274c Antes <\/p>\n<p>\ud83d\uded2: <a href=\"https:\/\/btz.es\/5fPfI8O\" target=\"_blank\" rel=\"nofollow noopener\">https:\/\/btz.es\/5fPfI8O<\/a><\/p>\n<p>Descubre la comodidad y estilo que te ofrece nuestro b\u00f3xer para hombre, dise\u00f1ado con materiales de alta calidad para garantizar un ajuste perfecto y durabilidad. Ideal para uso diario, este b\u00f3xer combina funcionalidad y dise\u00f1o moderno para brindarte m\u00e1xima confianza durante todo el d\u00eda.<\/p>\n<\/p><\/div>\n","protected":false},"excerpt":{"rendered":"<p>\ud83d\udfe5 DATE PRISA \ud83d\udfe5 #Publicidad #Amazon #16 \ud83d\udd34 B\u00f3xer Hombre \u2705 AHORA 4.43 \u20ac \u2714\ufe0f\ud83d\udfe1 \u274c Antes \ud83d\uded2: https:\/\/btz.es\/5fPfI8O Descubre la comodidad y estilo que te ofrece nuestro b\u00f3xer para hombre, dise\u00f1ado con materiales de alta calidad para garantizar un ajuste perfecto y durabilidad. Ideal para uso diario, este b\u00f3xer combina funcionalidad y dise\u00f1o moderno [&hellip;]<\/p>\n","protected":false},"featured_media":10349,"template":"","meta":{"_gspb_post_css":""},"store":[],"product_brand":[],"product_cat":[16],"product_tag":[],"class_list":{"0":"post-10350","1":"product","2":"type-product","3":"status-publish","4":"has-post-thumbnail","6":"product_cat-sin-categorizar","8":"first","9":"instock","10":"shipping-taxable","11":"product-type-external"},"jetpack_sharing_enabled":true,"_links":{"self":[{"href":"https:\/\/ofertacular.com\/index.php\/wp-json\/wp\/v2\/product\/10350","targetHints":{"allow":["GET"]}}],"collection":[{"href":"https:\/\/ofertacular.com\/index.php\/wp-json\/wp\/v2\/product"}],"about":[{"href":"https:\/\/ofertacular.com\/index.php\/wp-json\/wp\/v2\/types\/product"}],"wp:featuredmedia":[{"embeddable":true,"href":"https:\/\/ofertacular.com\/index.php\/wp-json\/wp\/v2\/media\/10349"}],"wp:attachment":[{"href":"https:\/\/ofertacular.com\/index.php\/wp-json\/wp\/v2\/media?parent=10350"}],"wp:term":[{"taxonomy":"store","embeddable":true,"href":"https:\/\/ofertacular.com\/index.php\/wp-json\/wp\/v2\/store?post=10350"},{"taxonomy":"product_brand","embeddable":true,"href":"https:\/\/ofertacular.com\/index.php\/wp-json\/wp\/v2\/product_brand?post=10350"},{"taxonomy":"product_cat","embeddable":true,"href":"https:\/\/ofertacular.com\/index.php\/wp-json\/wp\/v2\/product_cat?post=10350"},{"taxonomy":"product_tag","embeddable":true,"href":"https:\/\/ofertacular.com\/index.php\/wp-json\/wp\/v2\/product_tag?post=10350"}],"curies":[{"name":"wp","href":"https:\/\/api.w.org\/{rel}","templated":true}]}}