{"id":10352,"date":"2025-12-20T08:23:10","date_gmt":"2025-12-20T07:23:10","guid":{"rendered":"https:\/\/ofertacular.com\/index.php\/producto\/dolce-gusto-4\/"},"modified":"2025-12-20T08:23:10","modified_gmt":"2025-12-20T07:23:10","slug":"dolce-gusto-4","status":"publish","type":"product","link":"https:\/\/ofertacular.com\/index.php\/producto\/dolce-gusto-4\/","title":{"rendered":"Dolce Gusto"},"content":{"rendered":"<div class=\"oferta-container\">\n<p>\ud83d\udfe5 <b>\u00a1OFERTA ESPECIAL!<\/b> \ud83d\udfe5 #Publicidad #Amazon #16<\/p>\n<p>\ud83d\udd34 <b>Cafetera Dolce <\/b><\/p>\n<p>\u2705 <b>AHORA 39 \u20ac<\/b> \u2714\ufe0f\ud83d\udfe1<\/p>\n<p>\u274c Antes 45.89 \u20ac<\/p>\n<p>\ud83d\uded2: <a href=\"https:\/\/btz.es\/5fTZLsO\" target=\"_blank\" rel=\"nofollow noopener\">https:\/\/btz.es\/5fTZLsO<\/a><\/p>\n<p>Descubre la cafetera Dolce Gusto, el dispositivo ideal para preparar deliciosas bebidas con un solo toque. Compatible con c\u00e1psulas originales, ofrece una experiencia de caf\u00e9 profesional desde la comodidad de tu hogar u oficina. Su dise\u00f1o moderno y funcional facilita su uso y limpieza, garantizando siempre un caf\u00e9 fresco y arom\u00e1tico. Perfecta para los amantes del caf\u00e9 que buscan rapidez y calidad en cada taza.<\/p>\n<\/p><\/div>\n","protected":false},"excerpt":{"rendered":"<p>\ud83d\udfe5 \u00a1OFERTA ESPECIAL! \ud83d\udfe5 #Publicidad #Amazon #16 \ud83d\udd34 Cafetera Dolce \u2705 AHORA 39 \u20ac \u2714\ufe0f\ud83d\udfe1 \u274c Antes 45.89 \u20ac \ud83d\uded2: https:\/\/btz.es\/5fTZLsO Descubre la cafetera Dolce Gusto, el dispositivo ideal para preparar deliciosas bebidas con un solo toque. Compatible con c\u00e1psulas originales, ofrece una experiencia de caf\u00e9 profesional desde la comodidad de tu hogar u oficina. [&hellip;]<\/p>\n","protected":false},"featured_media":10351,"template":"","meta":{"_gspb_post_css":""},"store":[],"product_brand":[],"product_cat":[16],"product_tag":[],"class_list":{"0":"post-10352","1":"product","2":"type-product","3":"status-publish","4":"has-post-thumbnail","6":"product_cat-sin-categorizar","8":"first","9":"instock","10":"sale","11":"shipping-taxable","12":"product-type-external"},"jetpack_sharing_enabled":true,"_links":{"self":[{"href":"https:\/\/ofertacular.com\/index.php\/wp-json\/wp\/v2\/product\/10352","targetHints":{"allow":["GET"]}}],"collection":[{"href":"https:\/\/ofertacular.com\/index.php\/wp-json\/wp\/v2\/product"}],"about":[{"href":"https:\/\/ofertacular.com\/index.php\/wp-json\/wp\/v2\/types\/product"}],"wp:featuredmedia":[{"embeddable":true,"href":"https:\/\/ofertacular.com\/index.php\/wp-json\/wp\/v2\/media\/10351"}],"wp:attachment":[{"href":"https:\/\/ofertacular.com\/index.php\/wp-json\/wp\/v2\/media?parent=10352"}],"wp:term":[{"taxonomy":"store","embeddable":true,"href":"https:\/\/ofertacular.com\/index.php\/wp-json\/wp\/v2\/store?post=10352"},{"taxonomy":"product_brand","embeddable":true,"href":"https:\/\/ofertacular.com\/index.php\/wp-json\/wp\/v2\/product_brand?post=10352"},{"taxonomy":"product_cat","embeddable":true,"href":"https:\/\/ofertacular.com\/index.php\/wp-json\/wp\/v2\/product_cat?post=10352"},{"taxonomy":"product_tag","embeddable":true,"href":"https:\/\/ofertacular.com\/index.php\/wp-json\/wp\/v2\/product_tag?post=10352"}],"curies":[{"name":"wp","href":"https:\/\/api.w.org\/{rel}","templated":true}]}}