{"id":10392,"date":"2025-12-22T08:17:56","date_gmt":"2025-12-22T07:17:56","guid":{"rendered":"https:\/\/ofertacular.com\/index.php\/producto\/soundcore-h30i-2\/"},"modified":"2025-12-22T08:17:56","modified_gmt":"2025-12-22T07:17:56","slug":"soundcore-h30i-2","status":"publish","type":"product","link":"https:\/\/ofertacular.com\/index.php\/producto\/soundcore-h30i-2\/","title":{"rendered":"Soundcore H30i"},"content":{"rendered":"<div class=\"oferta-container\">\n<p>\ud83d\udfe5 <b>AHORRA AQU\u00cd<\/b> \ud83d\udfe5 #Publicidad #Amazon #16<\/p>\n<p>\ud83d\udd34 <b>Auriculares Bluetooth <\/b><\/p>\n<p>\u2705 <b>AHORA 23.99 \u20ac<\/b> \u2714\ufe0f\ud83d\udfe1<\/p>\n<p>\u274c Antes 29.99 \u20ac<\/p>\n<p>\ud83d\uded2: <a href=\"https:\/\/btz.es\/5gfF4Db\" target=\"_blank\" rel=\"nofollow noopener\">https:\/\/btz.es\/5gfF4Db<\/a><\/p>\n<p>Los auriculares Soundcore H30i ofrecen una experiencia sonora excepcional con tecnolog\u00eda avanzada de cancelaci\u00f3n de ruido, dise\u00f1o ergon\u00f3mico y bater\u00eda de larga duraci\u00f3n. Perfectos para quienes buscan calidad de audio y comodidad en sus actividades diarias, combinando estilo y funcionalidad en un solo dispositivo.<\/p>\n<\/p><\/div>\n","protected":false},"excerpt":{"rendered":"<p>\ud83d\udfe5 AHORRA AQU\u00cd \ud83d\udfe5 #Publicidad #Amazon #16 \ud83d\udd34 Auriculares Bluetooth \u2705 AHORA 23.99 \u20ac \u2714\ufe0f\ud83d\udfe1 \u274c Antes 29.99 \u20ac \ud83d\uded2: https:\/\/btz.es\/5gfF4Db Los auriculares Soundcore H30i ofrecen una experiencia sonora excepcional con tecnolog\u00eda avanzada de cancelaci\u00f3n de ruido, dise\u00f1o ergon\u00f3mico y bater\u00eda de larga duraci\u00f3n. Perfectos para quienes buscan calidad de audio y comodidad en sus [&hellip;]<\/p>\n","protected":false},"featured_media":10391,"template":"","meta":{"_gspb_post_css":""},"store":[],"product_brand":[],"product_cat":[16],"product_tag":[],"class_list":{"0":"post-10392","1":"product","2":"type-product","3":"status-publish","4":"has-post-thumbnail","6":"product_cat-sin-categorizar","8":"first","9":"instock","10":"sale","11":"shipping-taxable","12":"product-type-external"},"jetpack_sharing_enabled":true,"_links":{"self":[{"href":"https:\/\/ofertacular.com\/index.php\/wp-json\/wp\/v2\/product\/10392","targetHints":{"allow":["GET"]}}],"collection":[{"href":"https:\/\/ofertacular.com\/index.php\/wp-json\/wp\/v2\/product"}],"about":[{"href":"https:\/\/ofertacular.com\/index.php\/wp-json\/wp\/v2\/types\/product"}],"wp:featuredmedia":[{"embeddable":true,"href":"https:\/\/ofertacular.com\/index.php\/wp-json\/wp\/v2\/media\/10391"}],"wp:attachment":[{"href":"https:\/\/ofertacular.com\/index.php\/wp-json\/wp\/v2\/media?parent=10392"}],"wp:term":[{"taxonomy":"store","embeddable":true,"href":"https:\/\/ofertacular.com\/index.php\/wp-json\/wp\/v2\/store?post=10392"},{"taxonomy":"product_brand","embeddable":true,"href":"https:\/\/ofertacular.com\/index.php\/wp-json\/wp\/v2\/product_brand?post=10392"},{"taxonomy":"product_cat","embeddable":true,"href":"https:\/\/ofertacular.com\/index.php\/wp-json\/wp\/v2\/product_cat?post=10392"},{"taxonomy":"product_tag","embeddable":true,"href":"https:\/\/ofertacular.com\/index.php\/wp-json\/wp\/v2\/product_tag?post=10392"}],"curies":[{"name":"wp","href":"https:\/\/api.w.org\/{rel}","templated":true}]}}