{"id":10420,"date":"2025-12-22T12:05:24","date_gmt":"2025-12-22T11:05:24","guid":{"rendered":"https:\/\/ofertacular.com\/index.php\/producto\/protos-roble\/"},"modified":"2025-12-22T12:05:24","modified_gmt":"2025-12-22T11:05:24","slug":"protos-roble","status":"publish","type":"product","link":"https:\/\/ofertacular.com\/index.php\/producto\/protos-roble\/","title":{"rendered":"Protos Roble"},"content":{"rendered":"<div class=\"oferta-container\">\n<p>\ud83d\udfe5 <b>REBAJA<\/b> \ud83d\udfe5 #Publicidad #Amazon #16<\/p>\n<p>\ud83d\udd34 <b>Protos Roble <\/b><\/p>\n<p>\u2705 <b>AHORA 15.99 \u20ac<\/b> \u2714\ufe0f\ud83d\udfe1<\/p>\n<p>\u274c Antes 19.00 \u20ac<\/p>\n<p>\ud83d\uded2: <a href=\"https:\/\/btz.es\/5ggALks\" target=\"_blank\" rel=\"nofollow noopener\">https:\/\/btz.es\/5ggALks<\/a><\/p>\n<p>Descubre el vino Protos Roble, una magn\u00edfica expresi\u00f3n de la tradici\u00f3n vin\u00edcola espa\u00f1ola. Este vino tinto, elaborado con uvas cuidadosamente seleccionadas, ofrece un equilibrio perfecto entre sabor y aroma con notas intensas de roble y frutas maduras. Ideal para acompa\u00f1ar carnes, quesos y platos robustos, Protos Roble garantiza una experiencia de cata inolvidable. Perfecto para los amantes del vino que buscan calidad y autenticidad en cada sorbo.<\/p>\n<\/p><\/div>\n","protected":false},"excerpt":{"rendered":"<p>\ud83d\udfe5 REBAJA \ud83d\udfe5 #Publicidad #Amazon #16 \ud83d\udd34 Protos Roble \u2705 AHORA 15.99 \u20ac \u2714\ufe0f\ud83d\udfe1 \u274c Antes 19.00 \u20ac \ud83d\uded2: https:\/\/btz.es\/5ggALks Descubre el vino Protos Roble, una magn\u00edfica expresi\u00f3n de la tradici\u00f3n vin\u00edcola espa\u00f1ola. Este vino tinto, elaborado con uvas cuidadosamente seleccionadas, ofrece un equilibrio perfecto entre sabor y aroma con notas intensas de roble y [&hellip;]<\/p>\n","protected":false},"featured_media":10419,"template":"","meta":{"_gspb_post_css":""},"store":[],"product_brand":[],"product_cat":[16],"product_tag":[],"class_list":{"0":"post-10420","1":"product","2":"type-product","3":"status-publish","4":"has-post-thumbnail","6":"product_cat-sin-categorizar","8":"first","9":"instock","10":"sale","11":"shipping-taxable","12":"product-type-external"},"jetpack_sharing_enabled":true,"_links":{"self":[{"href":"https:\/\/ofertacular.com\/index.php\/wp-json\/wp\/v2\/product\/10420","targetHints":{"allow":["GET"]}}],"collection":[{"href":"https:\/\/ofertacular.com\/index.php\/wp-json\/wp\/v2\/product"}],"about":[{"href":"https:\/\/ofertacular.com\/index.php\/wp-json\/wp\/v2\/types\/product"}],"wp:featuredmedia":[{"embeddable":true,"href":"https:\/\/ofertacular.com\/index.php\/wp-json\/wp\/v2\/media\/10419"}],"wp:attachment":[{"href":"https:\/\/ofertacular.com\/index.php\/wp-json\/wp\/v2\/media?parent=10420"}],"wp:term":[{"taxonomy":"store","embeddable":true,"href":"https:\/\/ofertacular.com\/index.php\/wp-json\/wp\/v2\/store?post=10420"},{"taxonomy":"product_brand","embeddable":true,"href":"https:\/\/ofertacular.com\/index.php\/wp-json\/wp\/v2\/product_brand?post=10420"},{"taxonomy":"product_cat","embeddable":true,"href":"https:\/\/ofertacular.com\/index.php\/wp-json\/wp\/v2\/product_cat?post=10420"},{"taxonomy":"product_tag","embeddable":true,"href":"https:\/\/ofertacular.com\/index.php\/wp-json\/wp\/v2\/product_tag?post=10420"}],"curies":[{"name":"wp","href":"https:\/\/api.w.org\/{rel}","templated":true}]}}