{"id":10434,"date":"2025-12-23T08:40:33","date_gmt":"2025-12-23T07:40:33","guid":{"rendered":"https:\/\/ofertacular.com\/index.php\/producto\/cartera-hombre\/"},"modified":"2025-12-23T08:40:33","modified_gmt":"2025-12-23T07:40:33","slug":"cartera-hombre","status":"publish","type":"product","link":"https:\/\/ofertacular.com\/index.php\/producto\/cartera-hombre\/","title":{"rendered":"Cartera Hombre"},"content":{"rendered":"<div class=\"oferta-container\">\n<p>\ud83d\udfe5 <b>SUPER OFERTA<\/b> \ud83d\udfe5 #Publicidad #Amazon #16<\/p>\n<p>\ud83d\udd34 <b>Cartera Hombre <\/b><\/p>\n<p>\u2705 <b>AHORA 0.52 \u20ac<\/b> \u2714\ufe0f\ud83d\udfe1<\/p>\n<p>\u274c Antes <\/p>\n<p>\ud83d\uded2: <a href=\"https:\/\/btz.es\/5glBI00\" target=\"_blank\" rel=\"nofollow noopener\">https:\/\/btz.es\/5glBI00<\/a><\/p>\n<p>Descubre nuestra exclusiva cartera para hombre, dise\u00f1ada para combinar estilo y funcionalidad. Fabricada con materiales de alta calidad, esta cartera ofrece m\u00faltiples compartimentos para organizar tus tarjetas, billetes y documentos de manera segura y c\u00f3moda. Ideal para el hombre moderno que busca un accesorio elegante y duradero. Perfecta para cualquier ocasi\u00f3n, esta cartera realza tu imagen personal con un toque sofisticado.<\/p>\n<\/p><\/div>\n","protected":false},"excerpt":{"rendered":"<p>\ud83d\udfe5 SUPER OFERTA \ud83d\udfe5 #Publicidad #Amazon #16 \ud83d\udd34 Cartera Hombre \u2705 AHORA 0.52 \u20ac \u2714\ufe0f\ud83d\udfe1 \u274c Antes \ud83d\uded2: https:\/\/btz.es\/5glBI00 Descubre nuestra exclusiva cartera para hombre, dise\u00f1ada para combinar estilo y funcionalidad. Fabricada con materiales de alta calidad, esta cartera ofrece m\u00faltiples compartimentos para organizar tus tarjetas, billetes y documentos de manera segura y c\u00f3moda. Ideal [&hellip;]<\/p>\n","protected":false},"featured_media":10433,"template":"","meta":{"_gspb_post_css":""},"store":[],"product_brand":[],"product_cat":[16],"product_tag":[],"class_list":{"0":"post-10434","1":"product","2":"type-product","3":"status-publish","4":"has-post-thumbnail","6":"product_cat-sin-categorizar","8":"first","9":"instock","10":"shipping-taxable","11":"product-type-external"},"jetpack_sharing_enabled":true,"_links":{"self":[{"href":"https:\/\/ofertacular.com\/index.php\/wp-json\/wp\/v2\/product\/10434","targetHints":{"allow":["GET"]}}],"collection":[{"href":"https:\/\/ofertacular.com\/index.php\/wp-json\/wp\/v2\/product"}],"about":[{"href":"https:\/\/ofertacular.com\/index.php\/wp-json\/wp\/v2\/types\/product"}],"wp:featuredmedia":[{"embeddable":true,"href":"https:\/\/ofertacular.com\/index.php\/wp-json\/wp\/v2\/media\/10433"}],"wp:attachment":[{"href":"https:\/\/ofertacular.com\/index.php\/wp-json\/wp\/v2\/media?parent=10434"}],"wp:term":[{"taxonomy":"store","embeddable":true,"href":"https:\/\/ofertacular.com\/index.php\/wp-json\/wp\/v2\/store?post=10434"},{"taxonomy":"product_brand","embeddable":true,"href":"https:\/\/ofertacular.com\/index.php\/wp-json\/wp\/v2\/product_brand?post=10434"},{"taxonomy":"product_cat","embeddable":true,"href":"https:\/\/ofertacular.com\/index.php\/wp-json\/wp\/v2\/product_cat?post=10434"},{"taxonomy":"product_tag","embeddable":true,"href":"https:\/\/ofertacular.com\/index.php\/wp-json\/wp\/v2\/product_tag?post=10434"}],"curies":[{"name":"wp","href":"https:\/\/api.w.org\/{rel}","templated":true}]}}