{"id":10436,"date":"2025-12-23T08:47:28","date_gmt":"2025-12-23T07:47:28","guid":{"rendered":"https:\/\/ofertacular.com\/index.php\/producto\/braun-recortadora-5\/"},"modified":"2025-12-23T08:47:28","modified_gmt":"2025-12-23T07:47:28","slug":"braun-recortadora-5","status":"publish","type":"product","link":"https:\/\/ofertacular.com\/index.php\/producto\/braun-recortadora-5\/","title":{"rendered":"Braun Recortadora"},"content":{"rendered":"<div class=\"oferta-container\">\n<p>\ud83d\udfe5 <b>\u00a1APROVECHA!<\/b> \ud83d\udfe5 #Publicidad #Amazon #16<\/p>\n<p>\ud83d\udd34 <b>Recortadora Braun <\/b><\/p>\n<p>\u2705 <b>AHORA 29.99 \u20ac<\/b> \u2714\ufe0f\ud83d\udfe1<\/p>\n<p>\u274c Antes 49.99 \u20ac<\/p>\n<p>\ud83d\uded2: <a href=\"https:\/\/btz.es\/5glD2vc\" target=\"_blank\" rel=\"nofollow noopener\">https:\/\/btz.es\/5glD2vc<\/a><\/p>\n<p>Descubre la recortadora Braun, la herramienta perfecta para un afilado y cuidado personal impecable. Con tecnolog\u00eda avanzada y dise\u00f1o ergon\u00f3mico, ofrece precisi\u00f3n y comodidad en cada uso. Ideal para recortar barba, cabello y detalles, garantiza resultados profesionales en casa. Optimiza tu rutina de grooming con Braun, l\u00edder en calidad y durabilidad en aparatos de cuidado personal.<\/p>\n<\/p><\/div>\n","protected":false},"excerpt":{"rendered":"<p>\ud83d\udfe5 \u00a1APROVECHA! \ud83d\udfe5 #Publicidad #Amazon #16 \ud83d\udd34 Recortadora Braun \u2705 AHORA 29.99 \u20ac \u2714\ufe0f\ud83d\udfe1 \u274c Antes 49.99 \u20ac \ud83d\uded2: https:\/\/btz.es\/5glD2vc Descubre la recortadora Braun, la herramienta perfecta para un afilado y cuidado personal impecable. Con tecnolog\u00eda avanzada y dise\u00f1o ergon\u00f3mico, ofrece precisi\u00f3n y comodidad en cada uso. Ideal para recortar barba, cabello y detalles, garantiza [&hellip;]<\/p>\n","protected":false},"featured_media":10435,"template":"","meta":{"_gspb_post_css":""},"store":[],"product_brand":[],"product_cat":[16],"product_tag":[],"class_list":{"0":"post-10436","1":"product","2":"type-product","3":"status-publish","4":"has-post-thumbnail","6":"product_cat-sin-categorizar","8":"first","9":"instock","10":"sale","11":"shipping-taxable","12":"product-type-external"},"jetpack_sharing_enabled":true,"_links":{"self":[{"href":"https:\/\/ofertacular.com\/index.php\/wp-json\/wp\/v2\/product\/10436","targetHints":{"allow":["GET"]}}],"collection":[{"href":"https:\/\/ofertacular.com\/index.php\/wp-json\/wp\/v2\/product"}],"about":[{"href":"https:\/\/ofertacular.com\/index.php\/wp-json\/wp\/v2\/types\/product"}],"wp:featuredmedia":[{"embeddable":true,"href":"https:\/\/ofertacular.com\/index.php\/wp-json\/wp\/v2\/media\/10435"}],"wp:attachment":[{"href":"https:\/\/ofertacular.com\/index.php\/wp-json\/wp\/v2\/media?parent=10436"}],"wp:term":[{"taxonomy":"store","embeddable":true,"href":"https:\/\/ofertacular.com\/index.php\/wp-json\/wp\/v2\/store?post=10436"},{"taxonomy":"product_brand","embeddable":true,"href":"https:\/\/ofertacular.com\/index.php\/wp-json\/wp\/v2\/product_brand?post=10436"},{"taxonomy":"product_cat","embeddable":true,"href":"https:\/\/ofertacular.com\/index.php\/wp-json\/wp\/v2\/product_cat?post=10436"},{"taxonomy":"product_tag","embeddable":true,"href":"https:\/\/ofertacular.com\/index.php\/wp-json\/wp\/v2\/product_tag?post=10436"}],"curies":[{"name":"wp","href":"https:\/\/api.w.org\/{rel}","templated":true}]}}