{"id":10454,"date":"2025-12-23T10:37:47","date_gmt":"2025-12-23T09:37:47","guid":{"rendered":"https:\/\/ofertacular.com\/index.php\/producto\/old-spice-8\/"},"modified":"2025-12-23T10:37:47","modified_gmt":"2025-12-23T09:37:47","slug":"old-spice-8","status":"publish","type":"product","link":"https:\/\/ofertacular.com\/index.php\/producto\/old-spice-8\/","title":{"rendered":"Old Spice"},"content":{"rendered":"<div class=\"oferta-container\">\n<p>\ud83d\udfe5 <b>\u00a1S\u00d3LO HOY!<\/b> \ud83d\udfe5 #Publicidad #Amazon #16<\/p>\n<p>\ud83d\udd34 <b>Desodorante Old Spice <\/b><\/p>\n<p>\u2705 <b>AHORA 9.99 \u20ac<\/b> \u2714\ufe0f\ud83d\udfe1<\/p>\n<p>\u274c Antes 12.74 \u20ac<\/p>\n<p>\ud83d\uded2: <a href=\"https:\/\/btz.es\/5gmfohr\" target=\"_blank\" rel=\"nofollow noopener\">https:\/\/btz.es\/5gmfohr<\/a><\/p>\n<p>Descubre la frescura \u00fanica del desodorante Old Spice, dise\u00f1ado para ofrecer una protecci\u00f3n duradera contra el mal olor. Con su fragancia cl\u00e1sica y masculina, Old Spice es la elecci\u00f3n perfecta para hombres que buscan confianza y estilo en su d\u00eda a d\u00eda. Optimizado para mantenerte fresco y seguro, este producto es ideal para quienes valoran calidad y tradici\u00f3n en su rutina de cuidado personal.<\/p>\n<\/p><\/div>\n","protected":false},"excerpt":{"rendered":"<p>\ud83d\udfe5 \u00a1S\u00d3LO HOY! \ud83d\udfe5 #Publicidad #Amazon #16 \ud83d\udd34 Desodorante Old Spice \u2705 AHORA 9.99 \u20ac \u2714\ufe0f\ud83d\udfe1 \u274c Antes 12.74 \u20ac \ud83d\uded2: https:\/\/btz.es\/5gmfohr Descubre la frescura \u00fanica del desodorante Old Spice, dise\u00f1ado para ofrecer una protecci\u00f3n duradera contra el mal olor. Con su fragancia cl\u00e1sica y masculina, Old Spice es la elecci\u00f3n perfecta para hombres que [&hellip;]<\/p>\n","protected":false},"featured_media":10453,"template":"","meta":{"_gspb_post_css":""},"store":[],"product_brand":[],"product_cat":[16],"product_tag":[],"class_list":{"0":"post-10454","1":"product","2":"type-product","3":"status-publish","4":"has-post-thumbnail","6":"product_cat-sin-categorizar","8":"first","9":"instock","10":"sale","11":"shipping-taxable","12":"product-type-external"},"jetpack_sharing_enabled":true,"_links":{"self":[{"href":"https:\/\/ofertacular.com\/index.php\/wp-json\/wp\/v2\/product\/10454","targetHints":{"allow":["GET"]}}],"collection":[{"href":"https:\/\/ofertacular.com\/index.php\/wp-json\/wp\/v2\/product"}],"about":[{"href":"https:\/\/ofertacular.com\/index.php\/wp-json\/wp\/v2\/types\/product"}],"wp:featuredmedia":[{"embeddable":true,"href":"https:\/\/ofertacular.com\/index.php\/wp-json\/wp\/v2\/media\/10453"}],"wp:attachment":[{"href":"https:\/\/ofertacular.com\/index.php\/wp-json\/wp\/v2\/media?parent=10454"}],"wp:term":[{"taxonomy":"store","embeddable":true,"href":"https:\/\/ofertacular.com\/index.php\/wp-json\/wp\/v2\/store?post=10454"},{"taxonomy":"product_brand","embeddable":true,"href":"https:\/\/ofertacular.com\/index.php\/wp-json\/wp\/v2\/product_brand?post=10454"},{"taxonomy":"product_cat","embeddable":true,"href":"https:\/\/ofertacular.com\/index.php\/wp-json\/wp\/v2\/product_cat?post=10454"},{"taxonomy":"product_tag","embeddable":true,"href":"https:\/\/ofertacular.com\/index.php\/wp-json\/wp\/v2\/product_tag?post=10454"}],"curies":[{"name":"wp","href":"https:\/\/api.w.org\/{rel}","templated":true}]}}