{"id":10460,"date":"2025-12-24T08:30:37","date_gmt":"2025-12-24T07:30:37","guid":{"rendered":"https:\/\/ofertacular.com\/index.php\/producto\/asus-monitor-4\/"},"modified":"2025-12-24T08:30:37","modified_gmt":"2025-12-24T07:30:37","slug":"asus-monitor-4","status":"publish","type":"product","link":"https:\/\/ofertacular.com\/index.php\/producto\/asus-monitor-4\/","title":{"rendered":"ASUS Monitor"},"content":{"rendered":"<div class=\"oferta-container\">\n<p>\ud83d\udfe5 <b>\u00a1GANGAZO!<\/b> \ud83d\udfe5 #Publicidad #Amazon #16<\/p>\n<p>\ud83d\udd34 <b>Monitor ASUS <\/b><\/p>\n<p>\u2705 <b>AHORA 89 \u20ac<\/b> \u2714\ufe0f\ud83d\udfe1<\/p>\n<p>\u274c Antes 99.99 \u20ac<\/p>\n<p>\ud83d\uded2: <a href=\"https:\/\/btz.es\/5grzJJ2\" target=\"_blank\" rel=\"nofollow noopener\">https:\/\/btz.es\/5grzJJ2<\/a><\/p>\n<p>Descubre el Monitor ASUS, la soluci\u00f3n perfecta para profesionales y gamers que buscan calidad visual superior y dise\u00f1o elegante. Con tecnolog\u00eda avanzada de pantalla y alta resoluci\u00f3n, este monitor ASUS ofrece im\u00e1genes n\u00edtidas y colores vibrantes para una experiencia visual inigualable. Ideal para trabajo, entretenimiento y juegos, garantizando confort y productividad en cada uso.<\/p>\n<\/p><\/div>\n","protected":false},"excerpt":{"rendered":"<p>\ud83d\udfe5 \u00a1GANGAZO! \ud83d\udfe5 #Publicidad #Amazon #16 \ud83d\udd34 Monitor ASUS \u2705 AHORA 89 \u20ac \u2714\ufe0f\ud83d\udfe1 \u274c Antes 99.99 \u20ac \ud83d\uded2: https:\/\/btz.es\/5grzJJ2 Descubre el Monitor ASUS, la soluci\u00f3n perfecta para profesionales y gamers que buscan calidad visual superior y dise\u00f1o elegante. Con tecnolog\u00eda avanzada de pantalla y alta resoluci\u00f3n, este monitor ASUS ofrece im\u00e1genes n\u00edtidas y colores [&hellip;]<\/p>\n","protected":false},"featured_media":10459,"template":"","meta":{"_gspb_post_css":""},"store":[],"product_brand":[],"product_cat":[16],"product_tag":[],"class_list":{"0":"post-10460","1":"product","2":"type-product","3":"status-publish","4":"has-post-thumbnail","6":"product_cat-sin-categorizar","8":"first","9":"instock","10":"sale","11":"shipping-taxable","12":"product-type-external"},"jetpack_sharing_enabled":true,"_links":{"self":[{"href":"https:\/\/ofertacular.com\/index.php\/wp-json\/wp\/v2\/product\/10460","targetHints":{"allow":["GET"]}}],"collection":[{"href":"https:\/\/ofertacular.com\/index.php\/wp-json\/wp\/v2\/product"}],"about":[{"href":"https:\/\/ofertacular.com\/index.php\/wp-json\/wp\/v2\/types\/product"}],"wp:featuredmedia":[{"embeddable":true,"href":"https:\/\/ofertacular.com\/index.php\/wp-json\/wp\/v2\/media\/10459"}],"wp:attachment":[{"href":"https:\/\/ofertacular.com\/index.php\/wp-json\/wp\/v2\/media?parent=10460"}],"wp:term":[{"taxonomy":"store","embeddable":true,"href":"https:\/\/ofertacular.com\/index.php\/wp-json\/wp\/v2\/store?post=10460"},{"taxonomy":"product_brand","embeddable":true,"href":"https:\/\/ofertacular.com\/index.php\/wp-json\/wp\/v2\/product_brand?post=10460"},{"taxonomy":"product_cat","embeddable":true,"href":"https:\/\/ofertacular.com\/index.php\/wp-json\/wp\/v2\/product_cat?post=10460"},{"taxonomy":"product_tag","embeddable":true,"href":"https:\/\/ofertacular.com\/index.php\/wp-json\/wp\/v2\/product_tag?post=10460"}],"curies":[{"name":"wp","href":"https:\/\/api.w.org\/{rel}","templated":true}]}}