{"id":10462,"date":"2025-12-24T09:48:11","date_gmt":"2025-12-24T08:48:11","guid":{"rendered":"https:\/\/ofertacular.com\/index.php\/producto\/alpha-bomber\/"},"modified":"2025-12-24T09:48:11","modified_gmt":"2025-12-24T08:48:11","slug":"alpha-bomber","status":"publish","type":"product","link":"https:\/\/ofertacular.com\/index.php\/producto\/alpha-bomber\/","title":{"rendered":"Alpha Bomber"},"content":{"rendered":"<div class=\"oferta-container\">\n<p>\ud83d\udfe5 <b>EXCLUSIVO<\/b> \ud83d\udfe5 #Publicidad #Amazon #16<\/p>\n<p>\ud83d\udd34 <b>Chaqueta Bomber <\/b><\/p>\n<p>\u2705 <b>AHORA 64.95 \u20ac<\/b> \u2714\ufe0f\ud83d\udfe1<\/p>\n<p>\u274c Antes 179.90 \u20ac<\/p>\n<p>\ud83d\uded2: <a href=\"https:\/\/btz.es\/5grJqIw\" target=\"_blank\" rel=\"nofollow noopener\">https:\/\/btz.es\/5grJqIw<\/a><\/p>\n<p>Descubre la Chaqueta Bomber Alpha, un \u00edcono de estilo que combina comodidad y resistencia. Perfecta para cualquier ocasi\u00f3n, esta chaqueta ofrece un dise\u00f1o moderno y materiales de alta calidad que aseguran durabilidad y confort. Ideal para quienes buscan destacar con una prenda vers\u00e1til y elegante.<\/p>\n<\/p><\/div>\n","protected":false},"excerpt":{"rendered":"<p>\ud83d\udfe5 EXCLUSIVO \ud83d\udfe5 #Publicidad #Amazon #16 \ud83d\udd34 Chaqueta Bomber \u2705 AHORA 64.95 \u20ac \u2714\ufe0f\ud83d\udfe1 \u274c Antes 179.90 \u20ac \ud83d\uded2: https:\/\/btz.es\/5grJqIw Descubre la Chaqueta Bomber Alpha, un \u00edcono de estilo que combina comodidad y resistencia. Perfecta para cualquier ocasi\u00f3n, esta chaqueta ofrece un dise\u00f1o moderno y materiales de alta calidad que aseguran durabilidad y confort. Ideal [&hellip;]<\/p>\n","protected":false},"featured_media":10461,"template":"","meta":{"_gspb_post_css":""},"store":[],"product_brand":[],"product_cat":[16],"product_tag":[],"class_list":{"0":"post-10462","1":"product","2":"type-product","3":"status-publish","4":"has-post-thumbnail","6":"product_cat-sin-categorizar","8":"first","9":"instock","10":"sale","11":"shipping-taxable","12":"product-type-external"},"jetpack_sharing_enabled":true,"_links":{"self":[{"href":"https:\/\/ofertacular.com\/index.php\/wp-json\/wp\/v2\/product\/10462","targetHints":{"allow":["GET"]}}],"collection":[{"href":"https:\/\/ofertacular.com\/index.php\/wp-json\/wp\/v2\/product"}],"about":[{"href":"https:\/\/ofertacular.com\/index.php\/wp-json\/wp\/v2\/types\/product"}],"wp:featuredmedia":[{"embeddable":true,"href":"https:\/\/ofertacular.com\/index.php\/wp-json\/wp\/v2\/media\/10461"}],"wp:attachment":[{"href":"https:\/\/ofertacular.com\/index.php\/wp-json\/wp\/v2\/media?parent=10462"}],"wp:term":[{"taxonomy":"store","embeddable":true,"href":"https:\/\/ofertacular.com\/index.php\/wp-json\/wp\/v2\/store?post=10462"},{"taxonomy":"product_brand","embeddable":true,"href":"https:\/\/ofertacular.com\/index.php\/wp-json\/wp\/v2\/product_brand?post=10462"},{"taxonomy":"product_cat","embeddable":true,"href":"https:\/\/ofertacular.com\/index.php\/wp-json\/wp\/v2\/product_cat?post=10462"},{"taxonomy":"product_tag","embeddable":true,"href":"https:\/\/ofertacular.com\/index.php\/wp-json\/wp\/v2\/product_tag?post=10462"}],"curies":[{"name":"wp","href":"https:\/\/api.w.org\/{rel}","templated":true}]}}