{"id":10464,"date":"2025-12-24T10:01:09","date_gmt":"2025-12-24T09:01:09","guid":{"rendered":"https:\/\/ofertacular.com\/index.php\/producto\/cecotec-espresso-6\/"},"modified":"2025-12-24T10:01:09","modified_gmt":"2025-12-24T09:01:09","slug":"cecotec-espresso-6","status":"publish","type":"product","link":"https:\/\/ofertacular.com\/index.php\/producto\/cecotec-espresso-6\/","title":{"rendered":"Cecotec Espresso"},"content":{"rendered":"<div class=\"oferta-container\">\n<p>\ud83d\udfe5 <b>AHORRA AQU\u00cd<\/b> \ud83d\udfe5 #Publicidad #Amazon #16<\/p>\n<p>\ud83d\udd34 <b>Cafetera Espresso <\/b><\/p>\n<p>\u2705 <b>AHORA 59.9 \u20ac<\/b> \u2714\ufe0f\ud83d\udfe1<\/p>\n<p>\u274c Antes 66.90 \u20ac<\/p>\n<p>\ud83d\uded2: <a href=\"https:\/\/btz.es\/5grM6VQ\" target=\"_blank\" rel=\"nofollow noopener\">https:\/\/btz.es\/5grM6VQ<\/a><\/p>\n<p>Descubre la Cafetera Espresso de Cecotec, dise\u00f1ada para los amantes del caf\u00e9 que buscan calidad y sabor en cada taza. Disfruta de una experiencia profesional en casa con esta m\u00e1quina eficiente, compacta y f\u00e1cil de usar. Perfecta para preparar espresso intenso y otras bebidas a base de caf\u00e9, optimizada para proporcionar el m\u00e1ximo aroma y cuerpo en cada extracci\u00f3n. Ideal para quienes valoran un caf\u00e9 premium, aportando comodidad y estilo a tu cocina.<\/p>\n<\/p><\/div>\n","protected":false},"excerpt":{"rendered":"<p>\ud83d\udfe5 AHORRA AQU\u00cd \ud83d\udfe5 #Publicidad #Amazon #16 \ud83d\udd34 Cafetera Espresso \u2705 AHORA 59.9 \u20ac \u2714\ufe0f\ud83d\udfe1 \u274c Antes 66.90 \u20ac \ud83d\uded2: https:\/\/btz.es\/5grM6VQ Descubre la Cafetera Espresso de Cecotec, dise\u00f1ada para los amantes del caf\u00e9 que buscan calidad y sabor en cada taza. Disfruta de una experiencia profesional en casa con esta m\u00e1quina eficiente, compacta y f\u00e1cil [&hellip;]<\/p>\n","protected":false},"featured_media":10463,"template":"","meta":{"_gspb_post_css":""},"store":[],"product_brand":[],"product_cat":[16],"product_tag":[],"class_list":{"0":"post-10464","1":"product","2":"type-product","3":"status-publish","4":"has-post-thumbnail","6":"product_cat-sin-categorizar","8":"first","9":"instock","10":"sale","11":"shipping-taxable","12":"product-type-external"},"jetpack_sharing_enabled":true,"_links":{"self":[{"href":"https:\/\/ofertacular.com\/index.php\/wp-json\/wp\/v2\/product\/10464","targetHints":{"allow":["GET"]}}],"collection":[{"href":"https:\/\/ofertacular.com\/index.php\/wp-json\/wp\/v2\/product"}],"about":[{"href":"https:\/\/ofertacular.com\/index.php\/wp-json\/wp\/v2\/types\/product"}],"wp:featuredmedia":[{"embeddable":true,"href":"https:\/\/ofertacular.com\/index.php\/wp-json\/wp\/v2\/media\/10463"}],"wp:attachment":[{"href":"https:\/\/ofertacular.com\/index.php\/wp-json\/wp\/v2\/media?parent=10464"}],"wp:term":[{"taxonomy":"store","embeddable":true,"href":"https:\/\/ofertacular.com\/index.php\/wp-json\/wp\/v2\/store?post=10464"},{"taxonomy":"product_brand","embeddable":true,"href":"https:\/\/ofertacular.com\/index.php\/wp-json\/wp\/v2\/product_brand?post=10464"},{"taxonomy":"product_cat","embeddable":true,"href":"https:\/\/ofertacular.com\/index.php\/wp-json\/wp\/v2\/product_cat?post=10464"},{"taxonomy":"product_tag","embeddable":true,"href":"https:\/\/ofertacular.com\/index.php\/wp-json\/wp\/v2\/product_tag?post=10464"}],"curies":[{"name":"wp","href":"https:\/\/api.w.org\/{rel}","templated":true}]}}