{"id":10478,"date":"2025-12-24T10:32:28","date_gmt":"2025-12-24T09:32:28","guid":{"rendered":"https:\/\/ofertacular.com\/index.php\/producto\/edifit-pelota\/"},"modified":"2025-12-24T10:32:28","modified_gmt":"2025-12-24T09:32:28","slug":"edifit-pelota","status":"publish","type":"product","link":"https:\/\/ofertacular.com\/index.php\/producto\/edifit-pelota\/","title":{"rendered":"EDIFIT Pelota"},"content":{"rendered":"<div class=\"oferta-container\">\n<p>\ud83d\udfe5 <b>EXCLUSIVO<\/b> \ud83d\udfe5 #Publicidad #Amazon #16<\/p>\n<p>\ud83d\udd34 <b>Pelota Edifit <\/b><\/p>\n<p>\u2705 <b>AHORA 13.59 \u20ac<\/b> \u2714\ufe0f\ud83d\udfe1<\/p>\n<p>\u274c Antes 15.99 \u20ac<\/p>\n<p>\ud83d\uded2: <a href=\"https:\/\/btz.es\/5grUzB5\" target=\"_blank\" rel=\"nofollow noopener\">https:\/\/btz.es\/5grUzB5<\/a><\/p>\n<p>Descubre la pelota Edifit, dise\u00f1ada para ofrecer durabilidad y un rendimiento \u00f3ptimo en cada uso. Perfecta para actividades deportivas y de entretenimiento, esta pelota combina calidad y resistencia para satisfacer a los usuarios m\u00e1s exigentes. Mejora tu juego y disfruta de una experiencia \u00fanica con Edifit, la marca l\u00edder en equipamiento deportivo.<\/p>\n<\/p><\/div>\n","protected":false},"excerpt":{"rendered":"<p>\ud83d\udfe5 EXCLUSIVO \ud83d\udfe5 #Publicidad #Amazon #16 \ud83d\udd34 Pelota Edifit \u2705 AHORA 13.59 \u20ac \u2714\ufe0f\ud83d\udfe1 \u274c Antes 15.99 \u20ac \ud83d\uded2: https:\/\/btz.es\/5grUzB5 Descubre la pelota Edifit, dise\u00f1ada para ofrecer durabilidad y un rendimiento \u00f3ptimo en cada uso. Perfecta para actividades deportivas y de entretenimiento, esta pelota combina calidad y resistencia para satisfacer a los usuarios m\u00e1s exigentes. [&hellip;]<\/p>\n","protected":false},"featured_media":10477,"template":"","meta":{"_gspb_post_css":""},"store":[],"product_brand":[],"product_cat":[16],"product_tag":[],"class_list":{"0":"post-10478","1":"product","2":"type-product","3":"status-publish","4":"has-post-thumbnail","6":"product_cat-sin-categorizar","8":"first","9":"instock","10":"sale","11":"shipping-taxable","12":"product-type-external"},"jetpack_sharing_enabled":true,"_links":{"self":[{"href":"https:\/\/ofertacular.com\/index.php\/wp-json\/wp\/v2\/product\/10478","targetHints":{"allow":["GET"]}}],"collection":[{"href":"https:\/\/ofertacular.com\/index.php\/wp-json\/wp\/v2\/product"}],"about":[{"href":"https:\/\/ofertacular.com\/index.php\/wp-json\/wp\/v2\/types\/product"}],"wp:featuredmedia":[{"embeddable":true,"href":"https:\/\/ofertacular.com\/index.php\/wp-json\/wp\/v2\/media\/10477"}],"wp:attachment":[{"href":"https:\/\/ofertacular.com\/index.php\/wp-json\/wp\/v2\/media?parent=10478"}],"wp:term":[{"taxonomy":"store","embeddable":true,"href":"https:\/\/ofertacular.com\/index.php\/wp-json\/wp\/v2\/store?post=10478"},{"taxonomy":"product_brand","embeddable":true,"href":"https:\/\/ofertacular.com\/index.php\/wp-json\/wp\/v2\/product_brand?post=10478"},{"taxonomy":"product_cat","embeddable":true,"href":"https:\/\/ofertacular.com\/index.php\/wp-json\/wp\/v2\/product_cat?post=10478"},{"taxonomy":"product_tag","embeddable":true,"href":"https:\/\/ofertacular.com\/index.php\/wp-json\/wp\/v2\/product_tag?post=10478"}],"curies":[{"name":"wp","href":"https:\/\/api.w.org\/{rel}","templated":true}]}}