{"id":10486,"date":"2025-12-26T09:18:00","date_gmt":"2025-12-26T08:18:00","guid":{"rendered":"https:\/\/ofertacular.com\/index.php\/producto\/mars-gaming-4\/"},"modified":"2025-12-26T09:18:00","modified_gmt":"2025-12-26T08:18:00","slug":"mars-gaming-4","status":"publish","type":"product","link":"https:\/\/ofertacular.com\/index.php\/producto\/mars-gaming-4\/","title":{"rendered":"Mars Gaming"},"content":{"rendered":"<div class=\"oferta-container\">\n<p>\ud83d\udfe5 <b>\u00a1GANGAZO!<\/b> \ud83d\udfe5 #Publicidad #Amazon #16<\/p>\n<p>\ud83d\udd34 <b>Gaming PC <\/b><\/p>\n<p>\u2705 <b>AHORA 12.9 \u20ac<\/b> \u2714\ufe0f\ud83d\udfe1<\/p>\n<p>\u274c Antes <\/p>\n<p>\ud83d\uded2: <a href=\"https:\/\/btz.es\/5g3sIrW\" target=\"_blank\" rel=\"nofollow noopener\">https:\/\/btz.es\/5g3sIrW<\/a><\/p>\n<p>Descubre la potencia y precisi\u00f3n con Mars Gaming, l\u00edder en hardware y accesorios para gamers exigentes. Equipados con tecnolog\u00eda avanzada, los productos Mars Gaming garantizan rendimiento superior y dise\u00f1o innovador para llevar tu experiencia de juego al siguiente nivel. Optimiza cada partida con Mars Gaming, la marca preferida por profesionales y entusiastas del gaming en todo el mundo.<\/p>\n<\/p><\/div>\n","protected":false},"excerpt":{"rendered":"<p>\ud83d\udfe5 \u00a1GANGAZO! \ud83d\udfe5 #Publicidad #Amazon #16 \ud83d\udd34 Gaming PC \u2705 AHORA 12.9 \u20ac \u2714\ufe0f\ud83d\udfe1 \u274c Antes \ud83d\uded2: https:\/\/btz.es\/5g3sIrW Descubre la potencia y precisi\u00f3n con Mars Gaming, l\u00edder en hardware y accesorios para gamers exigentes. Equipados con tecnolog\u00eda avanzada, los productos Mars Gaming garantizan rendimiento superior y dise\u00f1o innovador para llevar tu experiencia de juego al [&hellip;]<\/p>\n","protected":false},"featured_media":10485,"template":"","meta":{"_gspb_post_css":""},"store":[],"product_brand":[],"product_cat":[16],"product_tag":[],"class_list":{"0":"post-10486","1":"product","2":"type-product","3":"status-publish","4":"has-post-thumbnail","6":"product_cat-sin-categorizar","8":"first","9":"instock","10":"shipping-taxable","11":"product-type-external"},"jetpack_sharing_enabled":true,"_links":{"self":[{"href":"https:\/\/ofertacular.com\/index.php\/wp-json\/wp\/v2\/product\/10486","targetHints":{"allow":["GET"]}}],"collection":[{"href":"https:\/\/ofertacular.com\/index.php\/wp-json\/wp\/v2\/product"}],"about":[{"href":"https:\/\/ofertacular.com\/index.php\/wp-json\/wp\/v2\/types\/product"}],"wp:featuredmedia":[{"embeddable":true,"href":"https:\/\/ofertacular.com\/index.php\/wp-json\/wp\/v2\/media\/10485"}],"wp:attachment":[{"href":"https:\/\/ofertacular.com\/index.php\/wp-json\/wp\/v2\/media?parent=10486"}],"wp:term":[{"taxonomy":"store","embeddable":true,"href":"https:\/\/ofertacular.com\/index.php\/wp-json\/wp\/v2\/store?post=10486"},{"taxonomy":"product_brand","embeddable":true,"href":"https:\/\/ofertacular.com\/index.php\/wp-json\/wp\/v2\/product_brand?post=10486"},{"taxonomy":"product_cat","embeddable":true,"href":"https:\/\/ofertacular.com\/index.php\/wp-json\/wp\/v2\/product_cat?post=10486"},{"taxonomy":"product_tag","embeddable":true,"href":"https:\/\/ofertacular.com\/index.php\/wp-json\/wp\/v2\/product_tag?post=10486"}],"curies":[{"name":"wp","href":"https:\/\/api.w.org\/{rel}","templated":true}]}}