{"id":10492,"date":"2025-12-26T09:35:45","date_gmt":"2025-12-26T08:35:45","guid":{"rendered":"https:\/\/ofertacular.com\/index.php\/producto\/leslie-knope\/"},"modified":"2025-12-26T09:35:45","modified_gmt":"2025-12-26T08:35:45","slug":"leslie-knope","status":"publish","type":"product","link":"https:\/\/ofertacular.com\/index.php\/producto\/leslie-knope\/","title":{"rendered":"Leslie Knope"},"content":{"rendered":"<div class=\"oferta-container\">\ud83d\udfea <b>FUNKO OFERTA<\/b> \ud83d\udfea #Publicidad #Amazon\ud83d\udfe3 <b> Funko TV: Leslie Knope Parks and Recreation<\/b> \u2705 <b>AHORA 5.5 \u20ac<\/b> \u2714\ufe0f\ud83d\udfe1\u274c Antes 16.00 \u20ac \u20ac \ud83d\uded2: https:\/\/btz.es\/5g3xl5O\ud83d\udfe2 Ofertacular.com<\/p>\n<p>Descubre el Funko TV Leslie Knope, una figura coleccionable imprescindible para los fan\u00e1ticos de Parks and Recreation. Este Funko POP! captura la esencia y carisma de Leslie Knope, el personaje \u00edcono de la serie, siendo el regalo perfecto para coleccionistas y amantes de la televisi\u00f3n. Con un dise\u00f1o detallado y acabado de alta calidad, esta figura es ideal para exhibir en tu colecci\u00f3n personal. Optimizada para fan\u00e1ticos de figuras Pop y colecciones de series de televisi\u00f3n, esta pieza asegura un lugar destacado en cualquier vitrina o espacio de entretenimiento.<\/p>\n<\/div>\n","protected":false},"excerpt":{"rendered":"<p>\ud83d\udfea FUNKO OFERTA \ud83d\udfea #Publicidad #Amazon\ud83d\udfe3 Funko TV: Leslie Knope Parks and Recreation \u2705 AHORA 5.5 \u20ac \u2714\ufe0f\ud83d\udfe1\u274c Antes 16.00 \u20ac \u20ac \ud83d\uded2: https:\/\/btz.es\/5g3xl5O\ud83d\udfe2 Ofertacular.com Descubre el Funko TV Leslie Knope, una figura coleccionable imprescindible para los fan\u00e1ticos de Parks and Recreation. Este Funko POP! captura la esencia y carisma de Leslie Knope, el personaje [&hellip;]<\/p>\n","protected":false},"featured_media":10491,"template":"","meta":{"_gspb_post_css":""},"store":[],"product_brand":[],"product_cat":[16],"product_tag":[],"class_list":{"0":"post-10492","1":"product","2":"type-product","3":"status-publish","4":"has-post-thumbnail","6":"product_cat-sin-categorizar","8":"first","9":"instock","10":"sale","11":"shipping-taxable","12":"product-type-external"},"jetpack_sharing_enabled":true,"_links":{"self":[{"href":"https:\/\/ofertacular.com\/index.php\/wp-json\/wp\/v2\/product\/10492","targetHints":{"allow":["GET"]}}],"collection":[{"href":"https:\/\/ofertacular.com\/index.php\/wp-json\/wp\/v2\/product"}],"about":[{"href":"https:\/\/ofertacular.com\/index.php\/wp-json\/wp\/v2\/types\/product"}],"wp:featuredmedia":[{"embeddable":true,"href":"https:\/\/ofertacular.com\/index.php\/wp-json\/wp\/v2\/media\/10491"}],"wp:attachment":[{"href":"https:\/\/ofertacular.com\/index.php\/wp-json\/wp\/v2\/media?parent=10492"}],"wp:term":[{"taxonomy":"store","embeddable":true,"href":"https:\/\/ofertacular.com\/index.php\/wp-json\/wp\/v2\/store?post=10492"},{"taxonomy":"product_brand","embeddable":true,"href":"https:\/\/ofertacular.com\/index.php\/wp-json\/wp\/v2\/product_brand?post=10492"},{"taxonomy":"product_cat","embeddable":true,"href":"https:\/\/ofertacular.com\/index.php\/wp-json\/wp\/v2\/product_cat?post=10492"},{"taxonomy":"product_tag","embeddable":true,"href":"https:\/\/ofertacular.com\/index.php\/wp-json\/wp\/v2\/product_tag?post=10492"}],"curies":[{"name":"wp","href":"https:\/\/api.w.org\/{rel}","templated":true}]}}