{"id":10510,"date":"2025-12-27T12:02:26","date_gmt":"2025-12-27T11:02:26","guid":{"rendered":"https:\/\/ofertacular.com\/index.php\/producto\/cassian-andor\/"},"modified":"2025-12-27T12:02:26","modified_gmt":"2025-12-27T11:02:26","slug":"cassian-andor","status":"publish","type":"product","link":"https:\/\/ofertacular.com\/index.php\/producto\/cassian-andor\/","title":{"rendered":"Cassian Andor"},"content":{"rendered":"<div class=\"oferta-container\">\ud83d\udfea <b>EXCLUSIVO<\/b> \ud83d\udfea #Publicidad #Amazon\ud83d\udfe3 <b> Funko Star Wars Cassian Andor<\/b> \u2705 <b>AHORA 10.99 \u20ac<\/b> \u2714\ufe0f\ud83d\udfe1\u274c Antes 16.00 \u20ac \u20ac \ud83d\uded2: https:\/\/btz.es\/5g9ODKQ\ud83d\udfe2 Ofertacular.com<\/p>\n<p>Descubre el Funko Star Wars Cassian Andor, una pieza imprescindible para los fans de la saga gal\u00e1ctica. Este coleccionable ofrece una recreaci\u00f3n fiel y detallada del emblem\u00e1tico personaje de Cassian Andor, perfecto para exhibir en tu colecci\u00f3n. Ideal para amantes de Star Wars y coleccionistas exigentes, este Funko destaca por su calidad y dise\u00f1o exclusivo. A\u00f1ade un toque \u00fanico a tu espacio con este vinilo \u00fanico y oficial, optimizado para quienes buscan art\u00edculos de colecci\u00f3n aut\u00e9nticos y con estilo.<\/p>\n<\/div>\n","protected":false},"excerpt":{"rendered":"<p>\ud83d\udfea EXCLUSIVO \ud83d\udfea #Publicidad #Amazon\ud83d\udfe3 Funko Star Wars Cassian Andor \u2705 AHORA 10.99 \u20ac \u2714\ufe0f\ud83d\udfe1\u274c Antes 16.00 \u20ac \u20ac \ud83d\uded2: https:\/\/btz.es\/5g9ODKQ\ud83d\udfe2 Ofertacular.com Descubre el Funko Star Wars Cassian Andor, una pieza imprescindible para los fans de la saga gal\u00e1ctica. Este coleccionable ofrece una recreaci\u00f3n fiel y detallada del emblem\u00e1tico personaje de Cassian Andor, perfecto para [&hellip;]<\/p>\n","protected":false},"featured_media":10509,"template":"","meta":{"_gspb_post_css":""},"store":[],"product_brand":[],"product_cat":[16],"product_tag":[],"class_list":{"0":"post-10510","1":"product","2":"type-product","3":"status-publish","4":"has-post-thumbnail","6":"product_cat-sin-categorizar","8":"first","9":"instock","10":"sale","11":"shipping-taxable","12":"product-type-external"},"jetpack_sharing_enabled":true,"_links":{"self":[{"href":"https:\/\/ofertacular.com\/index.php\/wp-json\/wp\/v2\/product\/10510","targetHints":{"allow":["GET"]}}],"collection":[{"href":"https:\/\/ofertacular.com\/index.php\/wp-json\/wp\/v2\/product"}],"about":[{"href":"https:\/\/ofertacular.com\/index.php\/wp-json\/wp\/v2\/types\/product"}],"wp:featuredmedia":[{"embeddable":true,"href":"https:\/\/ofertacular.com\/index.php\/wp-json\/wp\/v2\/media\/10509"}],"wp:attachment":[{"href":"https:\/\/ofertacular.com\/index.php\/wp-json\/wp\/v2\/media?parent=10510"}],"wp:term":[{"taxonomy":"store","embeddable":true,"href":"https:\/\/ofertacular.com\/index.php\/wp-json\/wp\/v2\/store?post=10510"},{"taxonomy":"product_brand","embeddable":true,"href":"https:\/\/ofertacular.com\/index.php\/wp-json\/wp\/v2\/product_brand?post=10510"},{"taxonomy":"product_cat","embeddable":true,"href":"https:\/\/ofertacular.com\/index.php\/wp-json\/wp\/v2\/product_cat?post=10510"},{"taxonomy":"product_tag","embeddable":true,"href":"https:\/\/ofertacular.com\/index.php\/wp-json\/wp\/v2\/product_tag?post=10510"}],"curies":[{"name":"wp","href":"https:\/\/api.w.org\/{rel}","templated":true}]}}