{"id":10518,"date":"2025-12-28T09:23:28","date_gmt":"2025-12-28T08:23:28","guid":{"rendered":"https:\/\/ofertacular.com\/index.php\/producto\/calzoncillos-boxer\/"},"modified":"2025-12-28T09:23:28","modified_gmt":"2025-12-28T08:23:28","slug":"calzoncillos-boxer","status":"publish","type":"product","link":"https:\/\/ofertacular.com\/index.php\/producto\/calzoncillos-boxer\/","title":{"rendered":"Calzoncillos B\u00f3xer"},"content":{"rendered":"<div class=\"oferta-container\">\n<p>\ud83d\udfe5 <b>ES UN CHOLL\u00d3N<\/b> \ud83d\udfe5 #Publicidad #Amazon #16<\/p>\n<p>\ud83d\udd34 <b>B\u00f3xer Hombre <\/b><\/p>\n<p>\u2705 <b>AHORA 3.76 \u20ac<\/b> \u2714\ufe0f\ud83d\udfe1<\/p>\n<p>\u274c Antes <\/p>\n<p>\ud83d\uded2: <a href=\"https:\/\/btz.es\/5gFbjnh\" target=\"_blank\" rel=\"nofollow noopener\">https:\/\/btz.es\/5gFbjnh<\/a><\/p>\n<p>Descubre la comodidad y estilo con nuestros calzoncillos b\u00f3xer para hombre, dise\u00f1ados con materiales de alta calidad que garantizan un ajuste perfecto y durabilidad. Perfectos para el uso diario, estos b\u00f3xers ofrecen transpirabilidad y soporte m\u00e1ximo, asegurando confort durante todo el d\u00eda. Optimiza tu guardarropa con esta prenda esencial, ideal para cualquier ocasi\u00f3n.<\/p>\n<\/p><\/div>\n","protected":false},"excerpt":{"rendered":"<p>\ud83d\udfe5 ES UN CHOLL\u00d3N \ud83d\udfe5 #Publicidad #Amazon #16 \ud83d\udd34 B\u00f3xer Hombre \u2705 AHORA 3.76 \u20ac \u2714\ufe0f\ud83d\udfe1 \u274c Antes \ud83d\uded2: https:\/\/btz.es\/5gFbjnh Descubre la comodidad y estilo con nuestros calzoncillos b\u00f3xer para hombre, dise\u00f1ados con materiales de alta calidad que garantizan un ajuste perfecto y durabilidad. Perfectos para el uso diario, estos b\u00f3xers ofrecen transpirabilidad y soporte [&hellip;]<\/p>\n","protected":false},"featured_media":10517,"template":"","meta":{"_gspb_post_css":""},"store":[],"product_brand":[],"product_cat":[16],"product_tag":[],"class_list":{"0":"post-10518","1":"product","2":"type-product","3":"status-publish","4":"has-post-thumbnail","6":"product_cat-sin-categorizar","8":"first","9":"instock","10":"shipping-taxable","11":"product-type-external"},"jetpack_sharing_enabled":true,"_links":{"self":[{"href":"https:\/\/ofertacular.com\/index.php\/wp-json\/wp\/v2\/product\/10518","targetHints":{"allow":["GET"]}}],"collection":[{"href":"https:\/\/ofertacular.com\/index.php\/wp-json\/wp\/v2\/product"}],"about":[{"href":"https:\/\/ofertacular.com\/index.php\/wp-json\/wp\/v2\/types\/product"}],"wp:featuredmedia":[{"embeddable":true,"href":"https:\/\/ofertacular.com\/index.php\/wp-json\/wp\/v2\/media\/10517"}],"wp:attachment":[{"href":"https:\/\/ofertacular.com\/index.php\/wp-json\/wp\/v2\/media?parent=10518"}],"wp:term":[{"taxonomy":"store","embeddable":true,"href":"https:\/\/ofertacular.com\/index.php\/wp-json\/wp\/v2\/store?post=10518"},{"taxonomy":"product_brand","embeddable":true,"href":"https:\/\/ofertacular.com\/index.php\/wp-json\/wp\/v2\/product_brand?post=10518"},{"taxonomy":"product_cat","embeddable":true,"href":"https:\/\/ofertacular.com\/index.php\/wp-json\/wp\/v2\/product_cat?post=10518"},{"taxonomy":"product_tag","embeddable":true,"href":"https:\/\/ofertacular.com\/index.php\/wp-json\/wp\/v2\/product_tag?post=10518"}],"curies":[{"name":"wp","href":"https:\/\/api.w.org\/{rel}","templated":true}]}}